{"id":10,"date":"2012-10-29T10:55:15","date_gmt":"2012-10-29T09:55:15","guid":{"rendered":"http:\/\/actuary.hu\/weblap2\/?page_id=10"},"modified":"2020-07-11T20:51:43","modified_gmt":"2020-07-11T18:51:43","slug":"rendezvenyek","status":"publish","type":"page","link":"http:\/\/actuary.hu\/weblap2\/rendezvenyek\/","title":{"rendered":"Rendezv\u00e9nyek"},"content":{"rendered":"<p><a title=\"Tavaszi szimp\u00f3zium\" href=\"http:\/\/actuary.hu\/weblap2\/rendezvenyek\/mat-szervezes\/tavaszi-szimpozium\/\">Tavaszi szimp\u00f3zium<\/a><\/p>\n<p><a title=\"\u0150szi iskola\" href=\"http:\/\/actuary.hu\/weblap2\/rendezvenyek\/mat-szervezes\/oszi-iskola\/\">\u0150szi iskola<\/a><\/p>\n<p><a title=\"\u0150szi iskola\" href=\"http:\/\/actuary.hu\/weblap2\/rendezvenyek\/mat-szervezes\/matinee\/\">MATinee<\/a><\/p>\n<p><a title=\"\u00daj\u00e9vi vacsora\" href=\"http:\/\/actuary.hu\/weblap2\/rendezvenyek\/mat-szervezes\/ujevi-vacsora\/\">\u00daj\u00e9vi vacsora<\/a><\/p>\n<p><a title=\"MAT kir\u00e1ndul\u00e1s\" href=\"http:\/\/actuary.hu\/weblap2\/rendezvenyek\/mat-szervezes\/mat-kirandulas\/\">MAT kir\u00e1ndul\u00e1s<\/a><\/p>\n<p><a title=\"MAT szemin\u00e1rium\" href=\"http:\/\/actuary.hu\/weblap2\/rendezvenyek\/mat-szervezes\/mat-szeminarium\/\">MAT szemin\u00e1rum<\/a><\/p>\n<p><a title=\"Eseti rendezv\u00e9nyek\" href=\"http:\/\/actuary.hu\/weblap2\/rendezvenyek\/mat-szervezes\/eseti-rendezvenyek\/\">Eseti MAT rendezv\u00e9nyek<\/a><\/p>\n<p><a title=\"Akkredit\u00e1lt rendezv\u00e9nyek\" href=\"http:\/\/actuary.hu\/weblap2\/rendezvenyek\/akkreditalt-rendezvenyek\/\">Akkredit\u00e1lt rendezv\u00e9nyek<\/a><\/p>\n","protected":false},"excerpt":{"rendered":"<p>Tavaszi szimp\u00f3zium \u0150szi iskola MATinee \u00daj\u00e9vi vacsora MAT kir\u00e1ndul\u00e1s MAT szemin\u00e1rum Eseti MAT rendezv\u00e9nyek Akkredit\u00e1lt rendezv\u00e9nyek<\/p>\n","protected":false},"author":1,"featured_media":0,"parent":0,"menu_order":0,"comment_status":"open","ping_status":"open","template":"","meta":{"footnotes":""},"_links":{"self":[{"href":"http:\/\/actuary.hu\/weblap2\/wp-json\/wp\/v2\/pages\/10"}],"collection":[{"href":"http:\/\/actuary.hu\/weblap2\/wp-json\/wp\/v2\/pages"}],"about":[{"href":"http:\/\/actuary.hu\/weblap2\/wp-json\/wp\/v2\/types\/page"}],"author":[{"embeddable":true,"href":"http:\/\/actuary.hu\/weblap2\/wp-json\/wp\/v2\/users\/1"}],"replies":[{"embeddable":true,"href":"http:\/\/actuary.hu\/weblap2\/wp-json\/wp\/v2\/comments?post=10"}],"version-history":[{"count":11,"href":"http:\/\/actuary.hu\/weblap2\/wp-json\/wp\/v2\/pages\/10\/revisions"}],"predecessor-version":[{"id":4291,"href":"http:\/\/actuary.hu\/weblap2\/wp-json\/wp\/v2\/pages\/10\/revisions\/4291"}],"wp:attachment":[{"href":"http:\/\/actuary.hu\/weblap2\/wp-json\/wp\/v2\/media?parent=10"}],"curies":[{"name":"wp","href":"https:\/\/api.w.org\/{rel}","templated":true}]}}