{"id":103,"date":"2013-10-01T17:08:27","date_gmt":"2013-10-01T15:08:27","guid":{"rendered":"http:\/\/actuary.hu\/weblap2\/?page_id=103"},"modified":"2020-07-11T20:48:16","modified_gmt":"2020-07-11T18:48:16","slug":"mat-ajanlasok","status":"publish","type":"page","link":"http:\/\/actuary.hu\/weblap2\/szakma\/mat-ajanlasok\/","title":{"rendered":"MAT szabv\u00e1nyok \u00e9s aj\u00e1nl\u00e1sok"},"content":{"rendered":"<p><a href=\"http:\/\/actuary.hu\/weblap2\/wp-content\/uploads\/AGyMSz1_2015-04-28.pdf\">Az aktu\u00e1riusi gyakorlat magyar szabv\u00e1nya 1<\/a><\/p>\n<p><a href=\"http:\/\/actuary.hu\/weblap2\/wp-content\/uploads\/2020_07_11_IFRS17_Kiemelt_kifejez\u00e9sek_magyarul_2020-05-25_v2.xlsx\">IFRS17 Kiemelt kifejez\u00e9sek magyarul 2020-05-25<\/a><\/p>\n<p><a href=\"http:\/\/actuary.hu\/weblap2\/wp-content\/uploads\/KMT_Elfogadott_2007Apr261.pdf\">A biztos\u00edt\u00f3 \u00e1ltal v\u00e9gzend\u0151 k\u00f6telezetts\u00e9g megfelel\u0151s\u00e9gi teszt<\/a><br \/>\n<a href=\"http:\/\/actuary.hu\/weblap2\/wp-content\/uploads\/Nem-elet_termekterv_Elfogadott_2008Apr071.pdf\">Nem-elet_termekterv_Elfogadott_2008Apr07<\/a><\/p>\n<p><a href=\"http:\/\/www.actuaries.org\/index.cfm?lang=EN&amp;DSP=PUBLICATIONS&amp;ACT=STANDARDS_ISAP\">International Standard of Actuarial Practice 3, Actuarial Practice in relation to IAS 19 Employee Benefits<\/a><\/p>\n","protected":false},"excerpt":{"rendered":"<p>Az aktu\u00e1riusi gyakorlat magyar szabv\u00e1nya 1 IFRS17 Kiemelt kifejez\u00e9sek magyarul 2020-05-25 A biztos\u00edt\u00f3 \u00e1ltal v\u00e9gzend\u0151 k\u00f6telezetts\u00e9g megfelel\u0151s\u00e9gi teszt Nem-elet_termekterv_Elfogadott_2008Apr07 International Standard of Actuarial Practice 3, Actuarial Practice in relation to [&hellip;]<\/p>\n","protected":false},"author":2,"featured_media":0,"parent":12,"menu_order":3,"comment_status":"open","ping_status":"open","template":"","meta":{"footnotes":""},"_links":{"self":[{"href":"http:\/\/actuary.hu\/weblap2\/wp-json\/wp\/v2\/pages\/103"}],"collection":[{"href":"http:\/\/actuary.hu\/weblap2\/wp-json\/wp\/v2\/pages"}],"about":[{"href":"http:\/\/actuary.hu\/weblap2\/wp-json\/wp\/v2\/types\/page"}],"author":[{"embeddable":true,"href":"http:\/\/actuary.hu\/weblap2\/wp-json\/wp\/v2\/users\/2"}],"replies":[{"embeddable":true,"href":"http:\/\/actuary.hu\/weblap2\/wp-json\/wp\/v2\/comments?post=103"}],"version-history":[{"count":22,"href":"http:\/\/actuary.hu\/weblap2\/wp-json\/wp\/v2\/pages\/103\/revisions"}],"predecessor-version":[{"id":4289,"href":"http:\/\/actuary.hu\/weblap2\/wp-json\/wp\/v2\/pages\/103\/revisions\/4289"}],"up":[{"embeddable":true,"href":"http:\/\/actuary.hu\/weblap2\/wp-json\/wp\/v2\/pages\/12"}],"wp:attachment":[{"href":"http:\/\/actuary.hu\/weblap2\/wp-json\/wp\/v2\/media?parent=103"}],"curies":[{"name":"wp","href":"https:\/\/api.w.org\/{rel}","templated":true}]}}