{"id":105,"date":"2013-10-01T17:08:59","date_gmt":"2013-10-01T15:08:59","guid":{"rendered":"http:\/\/actuary.hu\/weblap2\/?page_id=105"},"modified":"2016-10-22T19:55:05","modified_gmt":"2016-10-22T17:55:05","slug":"mat-allasfoglalasok","status":"publish","type":"page","link":"http:\/\/actuary.hu\/weblap2\/szakma\/mat-allasfoglalasok\/","title":{"rendered":"MAT \u00e1ll\u00e1sfoglal\u00e1sok"},"content":{"rendered":"<p><a href='http:\/\/actuary.hu\/weblap2\/wp-content\/uploads\/Allasfoglalas_Biztositas_Nyilvanossagra_hozott2006Jan311.pdf'>A MAT \u00e1ll\u00e1sfoglal\u00e1sa a biztos\u00edt\u00e1si kock\u00e1zatokr\u00f3l \u00e9s a lak\u00e1s\u00e9rt \u00e9letj\u00e1rad\u00e9k szerz\u0151d\u00e9sekr\u0151l<\/a><br \/>\n<br \/>\n<a href='http:\/\/actuary.hu\/weblap2\/wp-content\/uploads\/MAT_Nyilatkozat_2008Apr101.pdf'> A MAT \u00dcgyvezet\u0151s\u00e9g\u00e9nek nyilatkozata a M\u00c1V \u00c1ltal\u00e1nos Biztos\u00edt\u00f3 Egyes\u00fclet vezet\u0151 biztos\u00edt\u00e1s\u00admatematikusa felment\u00e9s\u00e9nek kezdem\u00e9nyez\u00e9s\u00e9r\u0151l<\/a><\/p>\n","protected":false},"excerpt":{"rendered":"<p>A MAT \u00e1ll\u00e1sfoglal\u00e1sa a biztos\u00edt\u00e1si kock\u00e1zatokr\u00f3l \u00e9s a lak\u00e1s\u00e9rt \u00e9letj\u00e1rad\u00e9k szerz\u0151d\u00e9sekr\u0151l A MAT \u00dcgyvezet\u0151s\u00e9g\u00e9nek nyilatkozata a M\u00c1V \u00c1ltal\u00e1nos Biztos\u00edt\u00f3 Egyes\u00fclet vezet\u0151 biztos\u00edt\u00e1s\u00admatematikusa felment\u00e9s\u00e9nek kezdem\u00e9nyez\u00e9s\u00e9r\u0151l<\/p>\n","protected":false},"author":2,"featured_media":0,"parent":12,"menu_order":4,"comment_status":"open","ping_status":"open","template":"","meta":{"footnotes":""},"_links":{"self":[{"href":"http:\/\/actuary.hu\/weblap2\/wp-json\/wp\/v2\/pages\/105"}],"collection":[{"href":"http:\/\/actuary.hu\/weblap2\/wp-json\/wp\/v2\/pages"}],"about":[{"href":"http:\/\/actuary.hu\/weblap2\/wp-json\/wp\/v2\/types\/page"}],"author":[{"embeddable":true,"href":"http:\/\/actuary.hu\/weblap2\/wp-json\/wp\/v2\/users\/2"}],"replies":[{"embeddable":true,"href":"http:\/\/actuary.hu\/weblap2\/wp-json\/wp\/v2\/comments?post=105"}],"version-history":[{"count":10,"href":"http:\/\/actuary.hu\/weblap2\/wp-json\/wp\/v2\/pages\/105\/revisions"}],"predecessor-version":[{"id":2223,"href":"http:\/\/actuary.hu\/weblap2\/wp-json\/wp\/v2\/pages\/105\/revisions\/2223"}],"up":[{"embeddable":true,"href":"http:\/\/actuary.hu\/weblap2\/wp-json\/wp\/v2\/pages\/12"}],"wp:attachment":[{"href":"http:\/\/actuary.hu\/weblap2\/wp-json\/wp\/v2\/media?parent=105"}],"curies":[{"name":"wp","href":"https:\/\/api.w.org\/{rel}","templated":true}]}}