{"id":12,"date":"2012-10-29T10:55:23","date_gmt":"2012-10-29T09:55:23","guid":{"rendered":"http:\/\/actuary.hu\/weblap2\/?page_id=12"},"modified":"2016-10-22T19:51:59","modified_gmt":"2016-10-22T17:51:59","slug":"szakma","status":"publish","type":"page","link":"http:\/\/actuary.hu\/weblap2\/szakma\/","title":{"rendered":"Szakma"},"content":{"rendered":"<p><a href=\"http:\/\/actuary.hu\/weblap2\/szakma\/oktatas\/\">Oktat\u00e1s<\/a><br \/>\n<a href=\"http:\/\/actuary.hu\/weblap2\/szakma\/jogszabalyok\/\">Jogszab\u00e1lyok<\/a><br \/>\n<a href=\"http:\/\/actuary.hu\/weblap2\/szakma\/mabisz-tagozat\/\">Mabisz Tagozat<\/a><br \/>\n<a href=\"http:\/\/actuary.hu\/weblap2\/szakma\/mat-ajanlasok\/\">MAT szabv\u00e1nyok \u00e9s aj\u00e1nl\u00e1sok<\/a><br \/>\n<a href=\"http:\/\/actuary.hu\/weblap2\/szakma\/mat-allasfoglalasok\/\">MAT \u00e1ll\u00e1sfoglal\u00e1sok<\/a><br \/>\n<a href=\"http:\/\/actuary.hu\/weblap2\/szakma\/aae-es-iia-anyagai\/\">AAE \u00e9s IIA anyagai<\/a><\/p>\n","protected":false},"excerpt":{"rendered":"<p>Oktat\u00e1s Jogszab\u00e1lyok Mabisz Tagozat MAT szabv\u00e1nyok \u00e9s aj\u00e1nl\u00e1sok MAT \u00e1ll\u00e1sfoglal\u00e1sok AAE \u00e9s IIA anyagai<\/p>\n","protected":false},"author":1,"featured_media":0,"parent":0,"menu_order":0,"comment_status":"open","ping_status":"open","template":"","meta":{"footnotes":""},"_links":{"self":[{"href":"http:\/\/actuary.hu\/weblap2\/wp-json\/wp\/v2\/pages\/12"}],"collection":[{"href":"http:\/\/actuary.hu\/weblap2\/wp-json\/wp\/v2\/pages"}],"about":[{"href":"http:\/\/actuary.hu\/weblap2\/wp-json\/wp\/v2\/types\/page"}],"author":[{"embeddable":true,"href":"http:\/\/actuary.hu\/weblap2\/wp-json\/wp\/v2\/users\/1"}],"replies":[{"embeddable":true,"href":"http:\/\/actuary.hu\/weblap2\/wp-json\/wp\/v2\/comments?post=12"}],"version-history":[{"count":12,"href":"http:\/\/actuary.hu\/weblap2\/wp-json\/wp\/v2\/pages\/12\/revisions"}],"predecessor-version":[{"id":2219,"href":"http:\/\/actuary.hu\/weblap2\/wp-json\/wp\/v2\/pages\/12\/revisions\/2219"}],"wp:attachment":[{"href":"http:\/\/actuary.hu\/weblap2\/wp-json\/wp\/v2\/media?parent=12"}],"curies":[{"name":"wp","href":"https:\/\/api.w.org\/{rel}","templated":true}]}}