{"id":137,"date":"2013-10-01T17:49:48","date_gmt":"2013-10-01T15:49:48","guid":{"rendered":"http:\/\/actuary.hu\/weblap2\/?page_id=137"},"modified":"2020-07-11T17:24:18","modified_gmt":"2020-07-11T15:24:18","slug":"bizottsagok","status":"publish","type":"page","link":"http:\/\/actuary.hu\/weblap2\/tarsasag\/bizottsagok\/","title":{"rendered":"Bizotts\u00e1gok"},"content":{"rendered":"<p>A MAT szerveinek katal\u00f3gusa el\u00e9rhet\u0151 <a href=\"http:\/\/actuary.hu\/weblap2\/wp-content\/uploads\/MAT_szerveinek_katalogusa_2020_07_11.xlsx\">itt<\/a>.<\/p>\n","protected":false},"excerpt":{"rendered":"<p>A MAT szerveinek katal\u00f3gusa el\u00e9rhet\u0151 itt.<\/p>\n","protected":false},"author":2,"featured_media":0,"parent":14,"menu_order":20,"comment_status":"open","ping_status":"open","template":"","meta":{"footnotes":""},"_links":{"self":[{"href":"http:\/\/actuary.hu\/weblap2\/wp-json\/wp\/v2\/pages\/137"}],"collection":[{"href":"http:\/\/actuary.hu\/weblap2\/wp-json\/wp\/v2\/pages"}],"about":[{"href":"http:\/\/actuary.hu\/weblap2\/wp-json\/wp\/v2\/types\/page"}],"author":[{"embeddable":true,"href":"http:\/\/actuary.hu\/weblap2\/wp-json\/wp\/v2\/users\/2"}],"replies":[{"embeddable":true,"href":"http:\/\/actuary.hu\/weblap2\/wp-json\/wp\/v2\/comments?post=137"}],"version-history":[{"count":28,"href":"http:\/\/actuary.hu\/weblap2\/wp-json\/wp\/v2\/pages\/137\/revisions"}],"predecessor-version":[{"id":4283,"href":"http:\/\/actuary.hu\/weblap2\/wp-json\/wp\/v2\/pages\/137\/revisions\/4283"}],"up":[{"embeddable":true,"href":"http:\/\/actuary.hu\/weblap2\/wp-json\/wp\/v2\/pages\/14"}],"wp:attachment":[{"href":"http:\/\/actuary.hu\/weblap2\/wp-json\/wp\/v2\/media?parent=137"}],"curies":[{"name":"wp","href":"https:\/\/api.w.org\/{rel}","templated":true}]}}