{"id":139,"date":"2013-10-01T17:50:32","date_gmt":"2013-10-01T15:50:32","guid":{"rendered":"http:\/\/actuary.hu\/weblap2\/?page_id=139"},"modified":"2020-12-15T20:49:05","modified_gmt":"2020-12-15T19:49:05","slug":"szabalyok","status":"publish","type":"page","link":"http:\/\/actuary.hu\/weblap2\/tarsasag\/szabalyok\/","title":{"rendered":"Szab\u00e1lyok"},"content":{"rendered":"<p><a href=\"http:\/\/actuary.hu\/weblap2\/wp-content\/uploads\/Alapszabaly_20200911_elfogadott.pdf\">Alapszab\u00e1ly<\/a> Kor\u00e1bbi \u00e1llapotok: <a title=\"\u00c9rv\u00e9nyes 1997.05.30-t\u00f3l 1999.05.27-ig\" href=\"http:\/\/actuary.hu\/weblap2\/wp-content\/uploads\/Alapszabaly_1997_05_30.pdf\">1<\/a> <a title=\"\u00c9rv\u00e9nyes 1999.05.28-t\u00f3l 2000.05.04-ig\" href=\"http:\/\/actuary.hu\/weblap2\/wp-content\/uploads\/Alapszabaly_1999_05_28.pdf\">2<\/a> <a title=\"\u00c9rv\u00e9nyes 2000.05.05-t\u0151l 2002.05.23-ig\" href=\"http:\/\/actuary.hu\/weblap2\/wp-content\/uploads\/Alapszabaly_2000_05_05.pdf\">3<\/a> <a title=\"\u00c9rv\u00e9nyes 2002.05.24-t\u0151l 2003.12.03-ig\" href=\"http:\/\/actuary.hu\/weblap2\/wp-content\/uploads\/Alapszabaly_2002_05_24.pdf\">4<\/a> <a title=\"\u00c9rv\u00e9nyes 2003.12.04-t\u0151l 2006.05.25-ig\" href=\"http:\/\/actuary.hu\/weblap2\/wp-content\/uploads\/Alapszabaly_2003_12_04.pdf\">5<\/a> <a title=\"\u00c9rv\u00e9nyes 2006.05.26-t\u00f3l 2007.05.18-ig\" href=\"http:\/\/actuary.hu\/weblap2\/wp-content\/uploads\/Alapszabaly_2006_05_26.pdf\">6<\/a> <a title=\"\u00c9rv\u00e9nyes 2007.05.19-t\u00f3l 2009.05.21\" href=\"http:\/\/actuary.hu\/weblap2\/wp-content\/uploads\/Alapszabaly_2007_05_19_elfogadott.pdf\">7<\/a> <a title=\"\u00c9rv\u00e9nyes 2009.05.22-t\u00f3l 2011.05.20-ig\" href=\"http:\/\/actuary.hu\/weblap2\/wp-content\/uploads\/Alapszabaly_2009_05_22_elfogadott.pdf\">8<\/a> <a title=\"\u00c9rv\u00e9nyes 2011.05.20-t\u00f3l 2016.05.07-ig\" href=\"http:\/\/actuary.hu\/weblap2\/wp-content\/uploads\/Alapszabaly_2011_05_20_elfogadott.pdf\">9<\/a> <a title=\"\u00c9rv\u00e9nyes 2016.05.07-t\u0151l 2016.11.11-ig\" href=\"http:\/\/actuary.hu\/weblap2\/wp-content\/uploads\/Alapszab\u00e1ly-20160531.pdf\">10<\/a> <a title=\"\u00c9rv\u00e9nyes 2016.11.11-t\u0151l 2018.05.25-ig\" href=\"http:\/\/actuary.hu\/weblap2\/wp-content\/uploads\/Alapszab\u00e1ly-20161111-clean.pdf\">11<\/a> <a title=\"\u00c9rv\u00e9nyes 2018.05.26-t\u00f3l 2019.05.23-ig\" href=\"http:\/\/actuary.hu\/weblap2\/wp-content\/uploads\/Alapszabaly_20180525_elfogadott.docx\">12<\/a>  <a title=\"\u00c9rv\u00e9nyes 2018.05.24-t\u00f3l 2020.09.11-ig\" href=\"http:\/\/actuary.hu\/weblap2\/wp-content\/uploads\/Alapszabaly_2019_05_24.pdf\">13<\/a><\/p>\n<p><a href=\"http:\/\/actuary.hu\/weblap2\/wp-content\/uploads\/SZMSZ_2019_05_24.pdf\">Szervezeti \u00e9s M\u0171k\u00f6d\u00e9si Szab\u00e1lyzat<\/a> Kor\u00e1bbi \u00e1llapotok: <a title=\"\u00c9rv\u00e9nyes 1997.05.30-t\u00f3l 1999.05.27-ig\" href=\"http:\/\/actuary.hu\/weblap2\/wp-content\/uploads\/SZMSZ_1997_05_30.pdf\">1<\/a> <a title=\"\u00c9rv\u00e9nyes 1999.05.28-t\u00f3l 2000.05.05-ig\" href=\"http:\/\/actuary.hu\/weblap2\/wp-content\/uploads\/SZMSZ_1999_05_28.pdf\">2<\/a> <a title=\"\u00c9rv\u00e9nyes 2000.05.05-t\u0151l 2001.05.10-ig\" href=\"http:\/\/actuary.hu\/weblap2\/wp-content\/uploads\/SZMSZ_2000_05_05.pdf\">3<\/a> <a title=\"\u00c9rv\u00e9nyes 2001.05.11-t\u0151l 2002.05.23-ig\" href=\"http:\/\/actuary.hu\/weblap2\/wp-content\/uploads\/SZMSZ_2001_05_11.pdf\">4<\/a> <a title=\"\u00c9rv\u00e9nyes 2002.05.24-t\u0151l 2003.12.03-ig\" href=\"http:\/\/actuary.hu\/weblap2\/wp-content\/uploads\/SZMSZ_2002_05_24.pdf\">5<\/a> <a title=\"\u00c9rv\u00e9nyes 2003.12.04-t\u0151l 2006.05.25-ig\" href=\"http:\/\/actuary.hu\/weblap2\/wp-content\/uploads\/SZMSZ_2003_12_04.pdf\">6<\/a> <a title=\"\u00c9rv\u00e9nyes 2006.05.26-t\u00f3l 2007.05.18-ig\" href=\"http:\/\/actuary.hu\/weblap2\/wp-content\/uploads\/SZMSZ_2006_05_26.pdf\">7<\/a> <a title=\"\u00c9rv\u00e9nyes 2007.05.18-t\u00f3l 2014.05.23-ig\" href=\"http:\/\/actuary.hu\/weblap2\/wp-content\/uploads\/SZMSZ_2007_05_19_elfogadott.pdf\">8<\/a> <a title=\"\u00c9rv\u00e9nyes 2014.05.23-t\u00f3l 2016.05.07-ig\" href=\"http:\/\/actuary.hu\/weblap2\/wp-content\/uploads\/SZMSZ_2014_05_23-elfogadott.pdf\">9<\/a> <a title=\"\u00c9rv\u00e9nyes 2016.05.07-t\u0151l 2016.11.11-ig\" href=\"http:\/\/actuary.hu\/weblap2\/wp-content\/uploads\/SZMSZ_20160531.pdf\">10<\/a> <a title=\"\u00c9rv\u00e9nyes 2016.11.11-t\u0151l 2018.05.25-ig\" href=\"http:\/\/actuary.hu\/weblap2\/wp-content\/uploads\/SZMSZ_20161111-clean.pdf\">11<\/a> <a title=\"\u00c9rv\u00e9nyes 2018.05.26-t\u00f3l 2019.05.23-ig\" href=\"http:\/\/actuary.hu\/weblap2\/wp-content\/uploads\/SZMSZ_20180525_elfogadott.docx\">12<\/a><\/p>\n<p><a href=\"http:\/\/actuary.hu\/weblap2\/wp-content\/uploads\/Etikai-Szabalyzat-20161111-clean.pdf\">Etikai szab\u00e1lyzat<\/a> Kor\u00e1bbi \u00e1llapotok: <a title=\"\u00c9rv\u00e9nyes 1999.05.28-t\u00f3l 2000.05.04-ig\" href=\"http:\/\/actuary.hu\/weblap2\/wp-content\/uploads\/Etikai-szabalyzat-1999_05_28.pdf\">1<\/a> <a title=\"\u00c9rv\u00e9nyes 2000.05.05-t\u00f3l 2009.05.21-ig\" href=\"http:\/\/actuary.hu\/weblap2\/wp-content\/uploads\/Etikai-Szabalyzat-2000_05_05.pdf\">2<\/a> <a title=\"\u00c9rv\u00e9nyes 2009.05.21-t\u0151l 2012.05.18-ig\" href=\"http:\/\/actuary.hu\/weblap2\/wp-content\/uploads\/Etikai-Szabalyzat-2009_05_22.pdf\">3<\/a> <a title=\"\u00c9rv\u00e9nyes 2009.05.22-t\u00f3l 2016.05.07-ig\" href=\"http:\/\/actuary.hu\/weblap2\/wp-content\/uploads\/Etikai-Szabalyzat-2012_05_18.pdf\">4<\/a> <a title=\"\u00c9rv\u00e9nyes 2016.05.07-t\u0151l 2016.11.11-ig\" href=\"http:\/\/actuary.hu\/weblap2\/wp-content\/uploads\/Etikai-Szabalyzat-20160531.pdf\">5<\/a><\/p>\n<p><a href=\"http:\/\/actuary.hu\/weblap2\/wp-content\/uploads\/SZTR-szabalyzat_2020_09_11_elfogadott.pdf\">Szakmai Tov\u00e1bbk\u00e9pz\u00e9si Rendszer<\/a>    Kor\u00e1bbi \u00e1llapotok: <a title=\"\u00c9rv\u00e9nyes 2003.12.04-t\u0151l 2006.05.25-ig\" href=\"http:\/\/actuary.hu\/weblap2\/wp-content\/uploads\/SZTR_szabalyzat_2003_12_04.pdf\">1<\/a>  <a title=\"\u00c9rv\u00e9nyes 2006.05.25-t\u0151l 2018.05.25-ig\" href=\"http:\/\/actuary.hu\/weblap2\/wp-content\/uploads\/SZTR-szabalyzat_2006_05_26_elfogadott.pdf\">2<\/a>  <a title=\"\u00c9rv\u00e9nyes 2018.05.26-t\u00f3l 2019.05.23-ig\" href=\"http:\/\/actuary.hu\/weblap2\/wp-content\/uploads\/SZTR-szabalyzat_2018_05_25_elfogadott.docx\">3<\/a>  <a title=\"\u00c9rv\u00e9nyes 2019.05.24-t\u00f3l 2020.09.11-ig\" href=\"http:\/\/actuary.hu\/weblap2\/wp-content\/uploads\/SZTR-szabalyzat_2019_05_24.pdf\">4<\/a><\/p>\n<p><a href=\"http:\/\/actuary.hu\/weblap2\/wp-content\/uploads\/Tagfelv\u00e9teli-elj\u00e1r\u00e1s-2020.docx\">Tagfelv\u00e9teli szab\u00e1lyzat, jelentkez\u00e9si \u00e9s aj\u00e1nl\u00f3 lap<\/a> &#8211; kor\u00e1bbi \u00e1llapota: <a href=\"http:\/\/actuary.hu\/weblap2\/wp-content\/uploads\/Tagfelv\u00e9teli-elj\u00e1r\u00e1s.docx\">1<\/a><\/p>\n<p><a href=\"http:\/\/actuary.hu\/weblap2\/wp-content\/uploads\/MAT_Minositett_tagsag_megszerzesenek_feltetelei_2012_05_18.pdf\">Min\u0151s\u00edtett tags\u00e1g megszerz\u00e9s\u00e9nek felt\u00e9telei<\/a><\/p>\n<p><a href=\"http:\/\/actuary.hu\/weblap2\/wp-content\/uploads\/MAT-AB-szakmai-kovetelmenyei_2012.pdf\">A.B. szakmai k\u00f6vetelm\u00e9ny-rendszere<\/a><\/p>\n<p><a href=\"http:\/\/actuary.hu\/weblap2\/wp-content\/uploads\/Min\u0151s\u00edtett_tags\u00e1g-_formai_k\u00f6vetelm\u00e9nyei.pdf\">Min\u0151s\u00edtett tags\u00e1g megszerz\u00e9s\u00e9re beny\u00fajtott p\u00e1ly\u00e1zatok formai k\u00f6vetelm\u00e9nyei<\/a><\/p>\n<p><a href=\"http:\/\/actuary.hu\/weblap2\/wp-content\/uploads\/Aj\u00e1nl\u00e1s-Elfogad\u00e1si-Rend_20160531.pdf\">Szakmai aj\u00e1nl\u00e1sok elfogad\u00e1s\u00e1nak rendje<\/a> Kor\u00e1bbi \u00e1llapotok: <a title=\"\u00c9rv\u00e9nyes 2006.05.26-t\u0151l 2016.05.07-ig\" href=\"http:\/\/actuary.hu\/weblap2\/wp-content\/uploads\/Ajanlas_Elfogadasi_Rend_2006_05_26_elfogadott.pdf\">1<\/a><\/p>\n<p><a href=\"http:\/\/actuary.hu\/weblap2\/wp-content\/uploads\/MAT_ADATKEZELESI-ES-ADATVEDELMI-SZABALYZAT_MKB_20201215_clean.pdf\">Adatv\u00e9delmi szab\u00e1lyzat<\/a> Kor\u00e1bbi \u00e1llapotok: <a title=\"\u00c9rv\u00e9nyes 2018.05.25-t\u0151l 2019.05.23-ig\" href=\"http:\/\/actuary.hu\/weblap2\/wp-content\/uploads\/MAT_ADATKEZELESI-ES-ADATVEDELMI-SZABALYZAT_2018_05_25_1.0.docx\">1<\/a>  <a title=\"\u00c9rv\u00e9nyes 2019.05.24-t\u0151l 2020.09.11-ig\" href=\"http:\/\/actuary.hu\/weblap2\/wp-content\/uploads\/03_MAT_ADATKEZELESI-ES-ADATVEDELMI-SZABALYZAT_2019_05_24_1.2-kiadott.docx\">2<\/a> <a title=\"\u00c9rv\u00e9nyes 2020.09.11.-t\u0151l 2020.12.15-ig\" href=\"http:\/\/actuary.hu\/weblap2\/wp-content\/uploads\/MAT_ADATKEZELESI-ES-ADATVEDELMI-SZABALYZAT_20200911.pdf\">3<\/a><\/p>\n<p><a href=\"http:\/\/actuary.hu\/weblap2\/wp-content\/uploads\/PSZAF-MATegyuttmukodes_2010Dec01.pdf\">PSZ\u00c1F-MAT egy\u00fcttm\u0171k\u00f6d\u00e9si meg\u00e1llapod\u00e1s<\/a> (<a href=\"http:\/\/actuary.hu\/weblap2\/wp-content\/uploads\/Alairas20101201.png\">k\u00e9p<\/a>) Kor\u00e1bbi meg\u00e1llapod\u00e1s: <a title=\"\u00c9rv\u00e9nyes 2010.11.30-ig\" href=\"http:\/\/actuary.hu\/weblap2\/wp-content\/uploads\/PSZAF-MAT_egyuttmukodes_2007Nov09.pdf\">1<\/a><\/p>\n<p><a href=\"http:\/\/actuary.hu\/weblap2\/wp-content\/uploads\/A-Magyar-Aktuarius-Tarsasag-Facebook-csoport-szabalyzat.pdf\">A Magyar Aktu\u00e1rius T\u00e1rsas\u00e1g Facebook csoport szab\u00e1lyzata<\/a><\/p>\n<p><a href=\"http:\/\/actuary.hu\/weblap2\/wp-content\/uploads\/AGyMSz1_2015-04-28.pdf\">Az aktu\u00e1riusi gyakorlat magyar szabv\u00e1nya 1<\/a><br \/>\n<a href=\"http:\/\/actuary.hu\/weblap2\/wp-content\/uploads\/2020_08_19_ISAP_1A_HU_v\u00e9gleges.docx\">Az aktu\u00e1riusi gyakorlat magyar szabv\u00e1nya 1a<\/a><\/p>\n<p><span style=\"text-decoration: underline\"><span style=\"font-size: medium\">A Magyar Aktu\u00e1rius T\u00e1rsas\u00e1g szakmai aj\u00e1nl\u00e1sai:<\/span><\/span><\/p>\n<ul>\n<li><a href=\"http:\/\/actuary.hu\/weblap2\/wp-content\/uploads\/KMT_Elfogadott_2007Apr26.pdf\">A biztos\u00edt\u00f3 \u00e1ltal v\u00e9gzend\u0151 k\u00f6telezetts\u00e9g megfelel\u0151s\u00e9gi teszt<\/a><\/li>\n<li><a href=\"http:\/\/actuary.hu\/weblap2\/wp-content\/uploads\/Nem-elet_termekterv_Elfogadott_2008Apr07.pdf\">Nem-\u00e9let term\u00e9kterv d\u00edjkalkul\u00e1ci\u00f3j\u00e1val szembeni aktu\u00e1riusi elv\u00e1r\u00e1sok<\/a><\/li>\n<\/ul>\n<p><span style=\"text-decoration: underline\"><span style=\"font-size: medium\">A \u201ebiztos\u00edt\u00e1smatematika ifj\u00fa mestere\u201d d\u00edj<\/span><\/span><\/p>\n<p><a href=\"http:\/\/actuary.hu\/weblap2\/wp-content\/uploads\/BIM_Dij_Szabalyzat_2016_06_11.pdf\">Szab\u00e1lyzat<\/a> Kor\u00e1bbi \u00e1llapotok: <a title=\"\u00c9rv\u00e9nyes 2013.09.18-ig\" href=\"http:\/\/actuary.hu\/weblap2\/wp-content\/uploads\/BIM_Dij_Szabalyzat_2012_02_25.pdf\">1<\/a> <a href=\"http:\/\/actuary.hu\/weblap2\/wp-content\/uploads\/BIM_Dij_Szabalyzat_2013_09_18.pdf\">2<\/a> <a href=\"http:\/\/actuary.hu\/weblap2\/wp-content\/uploads\/BIM_Dij_Szabalyzat_2015_06_30.pdf\">3<\/a><\/p>\n<p><span style=\"text-decoration: underline\"><span style=\"font-size: medium\">Nyilatkozatok:<\/span><\/span><\/p>\n<ul>\n<li><a href=\"http:\/\/actuary.hu\/weblap2\/wp-content\/uploads\/Allasfoglalas_Biztositas_Nyilvanossagra_hozott2006Jan31.pdf\">A MAT \u00e1ll\u00e1sfoglal\u00e1sa a biztos\u00edt\u00e1si kock\u00e1zatokr\u00f3l \u00e9s a lak\u00e1s\u00e9rt \u00e9letj\u00e1rad\u00e9k szerz\u0151d\u00e9sekr\u0151l<\/a><\/li>\n<li><\/li>\n<li><a href=\"http:\/\/actuary.hu\/weblap2\/wp-content\/uploads\/MAT_Nyilatkozat_2008Apr10.pdf\">A MAT \u00dcgyvezet\u0151s\u00e9g\u00e9nek nyilatkozata a M\u00c1V \u00c1ltal\u00e1nos Biztos\u00edt\u00f3 Egyes\u00fclet vezet\u0151 biztos\u00edt\u00e1s\u00admatematikusa felment\u00e9s\u00e9nek kezdem\u00e9nyez\u00e9s\u00e9r\u0151l<\/a><\/li>\n<\/ul>\n","protected":false},"excerpt":{"rendered":"<p>Alapszab\u00e1ly Kor\u00e1bbi \u00e1llapotok: 1 2 3 4 5 6 7 8 9 10 11 12 13 Szervezeti \u00e9s M\u0171k\u00f6d\u00e9si Szab\u00e1lyzat Kor\u00e1bbi \u00e1llapotok: 1 2 3 4 5 6 7 8 [&hellip;]<\/p>\n","protected":false},"author":2,"featured_media":0,"parent":14,"menu_order":30,"comment_status":"open","ping_status":"open","template":"","meta":{"footnotes":""},"_links":{"self":[{"href":"http:\/\/actuary.hu\/weblap2\/wp-json\/wp\/v2\/pages\/139"}],"collection":[{"href":"http:\/\/actuary.hu\/weblap2\/wp-json\/wp\/v2\/pages"}],"about":[{"href":"http:\/\/actuary.hu\/weblap2\/wp-json\/wp\/v2\/types\/page"}],"author":[{"embeddable":true,"href":"http:\/\/actuary.hu\/weblap2\/wp-json\/wp\/v2\/users\/2"}],"replies":[{"embeddable":true,"href":"http:\/\/actuary.hu\/weblap2\/wp-json\/wp\/v2\/comments?post=139"}],"version-history":[{"count":64,"href":"http:\/\/actuary.hu\/weblap2\/wp-json\/wp\/v2\/pages\/139\/revisions"}],"predecessor-version":[{"id":4459,"href":"http:\/\/actuary.hu\/weblap2\/wp-json\/wp\/v2\/pages\/139\/revisions\/4459"}],"up":[{"embeddable":true,"href":"http:\/\/actuary.hu\/weblap2\/wp-json\/wp\/v2\/pages\/14"}],"wp:attachment":[{"href":"http:\/\/actuary.hu\/weblap2\/wp-json\/wp\/v2\/media?parent=139"}],"curies":[{"name":"wp","href":"https:\/\/api.w.org\/{rel}","templated":true}]}}