{"id":141,"date":"2013-10-01T17:51:48","date_gmt":"2013-10-01T15:51:48","guid":{"rendered":"http:\/\/actuary.hu\/weblap2\/?page_id=141"},"modified":"2018-05-31T20:28:01","modified_gmt":"2018-05-31T18:28:01","slug":"kepviseletek","status":"publish","type":"page","link":"http:\/\/actuary.hu\/weblap2\/tarsasag\/kepviseletek\/","title":{"rendered":"K\u00e9pviseletek"},"content":{"rendered":"<p><b>A nemzetk\u00f6zi szervezetek szakmai bizotts\u00e1gaiba deleg\u00e1ltak list\u00e1ja el\u00e9rhet\u0151 <a href=\"http:\/\/actuary.hu\/weblap2\/wp-content\/uploads\/Mat-nemzetkozi-kepviseletek-20180531.docx\">itt<\/a><\/b><\/p>\n","protected":false},"excerpt":{"rendered":"<p>A nemzetk\u00f6zi szervezetek szakmai bizotts\u00e1gaiba deleg\u00e1ltak list\u00e1ja el\u00e9rhet\u0151 itt<\/p>\n","protected":false},"author":2,"featured_media":0,"parent":14,"menu_order":40,"comment_status":"open","ping_status":"open","template":"","meta":{"footnotes":""},"_links":{"self":[{"href":"http:\/\/actuary.hu\/weblap2\/wp-json\/wp\/v2\/pages\/141"}],"collection":[{"href":"http:\/\/actuary.hu\/weblap2\/wp-json\/wp\/v2\/pages"}],"about":[{"href":"http:\/\/actuary.hu\/weblap2\/wp-json\/wp\/v2\/types\/page"}],"author":[{"embeddable":true,"href":"http:\/\/actuary.hu\/weblap2\/wp-json\/wp\/v2\/users\/2"}],"replies":[{"embeddable":true,"href":"http:\/\/actuary.hu\/weblap2\/wp-json\/wp\/v2\/comments?post=141"}],"version-history":[{"count":10,"href":"http:\/\/actuary.hu\/weblap2\/wp-json\/wp\/v2\/pages\/141\/revisions"}],"predecessor-version":[{"id":3254,"href":"http:\/\/actuary.hu\/weblap2\/wp-json\/wp\/v2\/pages\/141\/revisions\/3254"}],"up":[{"embeddable":true,"href":"http:\/\/actuary.hu\/weblap2\/wp-json\/wp\/v2\/pages\/14"}],"wp:attachment":[{"href":"http:\/\/actuary.hu\/weblap2\/wp-json\/wp\/v2\/media?parent=141"}],"curies":[{"name":"wp","href":"https:\/\/api.w.org\/{rel}","templated":true}]}}