{"id":145,"date":"2013-10-01T17:53:41","date_gmt":"2013-10-01T15:53:41","guid":{"rendered":"http:\/\/actuary.hu\/weblap2\/?page_id=145"},"modified":"2020-07-07T08:56:32","modified_gmt":"2020-07-07T06:56:32","slug":"minositett-tagsag","status":"publish","type":"page","link":"http:\/\/actuary.hu\/weblap2\/tarsasag\/minositett-tagsag\/","title":{"rendered":"Min\u0151s\u00edtett tags\u00e1g"},"content":{"rendered":"<p><span style=\"text-decoration: underline\"><span style=\"font-size: medium\">A Min\u0151s\u00edtett tags\u00e1g megszerz\u00e9se<\/span><\/span><\/p>\n<p>A Min\u0151s\u00edtett tags\u00e1g megszerz\u00e9s\u00e9nek <a href=\"http:\/\/actuary.hu\/weblap2\/wp-content\/uploads\/Min%C5%91s%C3%ADtett_tags%C3%A1g-_formai_k%C3%B6vetelm%C3%A9nyei.pdf\">formai k\u00f6vetelm\u00e9nyei<\/a>.<br \/>\nA Min\u0151s\u00edtett tags\u00e1g megszerz\u00e9s\u00e9nek <a href=\"http:\/\/actuary.hu\/weblap2\/wp-content\/uploads\/MAT_Minositett_tagsag_megszerzesenek_feltetelei_2012_05_18.pdf\">felt\u00e9telei<\/a>.<\/p>\n<p><span style=\"text-decoration: underline\"><span style=\"font-size: medium\">Szakmais\u00e1g vizsga<\/h1>\n<p><\/span><\/span><\/p>\n<p>A min\u0151s\u00edtett tags\u00e1g megszerz\u00e9s\u00e9hez sz\u00fcks\u00e9ges szakmais\u00e1g vizsg\u00e1ra minden negyed\u00e9v utols\u00f3 szerd\u00e1j\u00e1n 16 \u00f3rakor van lehet\u0151s\u00e9g, ig\u00e9ny szerint. (Az id\u0151pont m\u00f3dos\u00edt\u00e1s\u00e1nak a jog\u00e1t az Akkredit\u00e1ci\u00f3s Bizotts\u00e1g fenntartja, ez\u00e9rt mindenk\u00e9ppen sz\u00fcks\u00e9ges az el\u0151zetes egyeztet\u00e9s.)<br \/>\nA vizsg\u00e1ra jelentkezni itt lehet: <a href=\"mailto:ABtitkar@actuary.hu\">ABtitkar@actuary.hu<\/a><\/p>\n<p>A vizsg\u00e1hoz felk\u00e9sz\u00fcl\u00e9st seg\u00edtend\u0151 a MAT Szakmais\u00e1g Munkacsoportja k\u00e9sz\u00edtett egy <a href=\"http:\/\/actuary.hu\/weblap2\/wp-content\/uploads\/2020_06_07_MAT_szakmaisag_vizsga_felkeszito.pdf\">MAT szakmais\u00e1g vizsga felk\u00e9szit\u0151t<\/a>.<\/p>\n<p><span style=\"text-decoration: underline\"><span style=\"font-size: medium\">Min\u0151s\u00edtett tagok list\u00e1ja<\/span><\/span><\/p>\n<p>A Magyar Aktu\u00e1rius T\u00e1rsas\u00e1g azon min\u0151s\u00edtett tagjainak a list\u00e1ja, akik hozz\u00e1j\u00e1rultak nev\u00fck publik\u00e1l\u00e1s\u00e1hoz:<\/p>\n<p>Antalffy-N\u00e9meth Gabriella<br \/>\nArat\u00f3 Mikl\u00f3s<br \/>\nAubin Zolt\u00e1n<br \/>\nBajk\u00f3 Attila<br \/>\nB\u00e1nhidi Szabolcs<br \/>\nBihari R\u00f3bert<br \/>\nBokor Veronika<br \/>\nBoncz Andr\u00e1s<br \/>\nBui Minh Mai Khanh<br \/>\nCzeiter Katalin Erzs\u00e9bet<br \/>\nCsisztu-Decsi N\u00f3ra<br \/>\nCsord\u00e1s Ferenc<br \/>\nDecsi P\u00e9ter<br \/>\ndr. Bany\u00e1r J\u00f3zsef PhD<br \/>\ndr. Kov\u00e1cs Erzs\u00e9bet<br \/>\ndr. Kov\u00e1ts Antal<br \/>\ndr. Marczi Erika<br \/>\nEdvi Tibor<br \/>\nFaluk\u00f6zy Tam\u00e1s<br \/>\nFodor G\u00e1bor<br \/>\nGer\u00e9nyi Attila<br \/>\nGr\u00f3sz Attila<br \/>\nG\u00f3g Enik\u0151<br \/>\nGyuris Tibor<br \/>\nHalay Krisztina<br \/>\nHan\u00e1k G\u00e1bor<br \/>\nHauer Judit<br \/>\nHerczeg J\u00f3zsef<br \/>\nHerczegn\u00e9 Zsigmond Zsuzsanna<br \/>\nHoll\u00f3sn\u00e9 dr. Marosi Judit<br \/>\nHorv\u00e1th Gyula<br \/>\nHrabovszki L\u00e1szl\u00f3<br \/>\nImre Olga<br \/>\nKar\u00e1csony Edina<br \/>\nK\u00e9kesi Gy\u0151z\u0151 G\u00e9za<br \/>\nKer\u00e9nyi Istv\u00e1n<br \/>\nKincses Zolt\u00e1n Tam\u00e1s<br \/>\nKocsis Zolt\u00e1n<br \/>\nKoltai L\u00e1szl\u00f3<br \/>\nKor\u00e1ndi M\u00e1rta<br \/>\nKov\u00e1cs Judit<br \/>\nLakatos Tam\u00e1s<br \/>\nLana Nguyen<br \/>\nL\u00e1ngi Tam\u00e1s<br \/>\nL\u00e1szl\u00f3 R\u00f3bert<br \/>\nLilli R\u00f3bert<br \/>\nLov\u00e1sz M\u00e1rta<br \/>\nLuk\u00e1cs P\u00e1l S\u00e1ndor<br \/>\nMartinek L\u00e1szl\u00f3<br \/>\nModisett, Matthew Clayton<br \/>\nMoln\u00e1r Em\u0151ke<br \/>\nMosolyg\u00f3 Rita<br \/>\nNagy Zolt\u00e1n<br \/>\nN\u00e9meth Norbert<br \/>\nNguyen Thi Trung Thu<br \/>\nNovok-Rost\u00e1s Benj\u00e1min<br \/>\nP\u00e1sztor Ferenc G\u00e1bor<br \/>\nP\u00e9li \u00c1rp\u00e1d<br \/>\nR\u00e1cz L\u00e1szl\u00f3<br \/>\nReg\u0151s G\u00e1bor<br \/>\nRib\u00e9nyi \u00c1kos<br \/>\nS\u00e1ghy Bal\u00e1zs<br \/>\nSzab\u00f3 J\u00f3zsef<br \/>\nSzab\u00f3 Zolt\u00e1n<br \/>\nSzentp\u00e9teri R\u00f3bert<br \/>\nSz\u00e9pes Annam\u00e1ria<br \/>\nSzigetv\u00e1ri Zs\u00f3fia<br \/>\nTasn\u00e1dy \u00c1gnes<br \/>\nTatai \u00c1gnes<br \/>\nTelek B\u00e1lint<br \/>\nT\u00f6r\u00f6csik T\u00edmea<br \/>\nVarga Tam\u00e1s<br \/>\nVarga Zolt\u00e1n<br \/>\nVeitz G\u00e1bor Tam\u00e1s<br \/>\nVeres Endre<br \/>\nVeres-Marincs\u00e1k Ilona<br \/>\nW\u00e1gner M\u00e1t\u00e9<br \/>\nZaupper Bence<br \/>\nZubor Zolt\u00e1n<br \/>\nZsigri G\u00e1bor<\/p>\n","protected":false},"excerpt":{"rendered":"<p>A Min\u0151s\u00edtett tags\u00e1g megszerz\u00e9se A Min\u0151s\u00edtett tags\u00e1g megszerz\u00e9s\u00e9nek formai k\u00f6vetelm\u00e9nyei. A Min\u0151s\u00edtett tags\u00e1g megszerz\u00e9s\u00e9nek felt\u00e9telei. Szakmais\u00e1g vizsga A min\u0151s\u00edtett tags\u00e1g megszerz\u00e9s\u00e9hez sz\u00fcks\u00e9ges szakmais\u00e1g vizsg\u00e1ra minden negyed\u00e9v utols\u00f3 szerd\u00e1j\u00e1n 16 \u00f3rakor [&hellip;]<\/p>\n","protected":false},"author":2,"featured_media":0,"parent":14,"menu_order":50,"comment_status":"open","ping_status":"open","template":"","meta":{"footnotes":""},"_links":{"self":[{"href":"http:\/\/actuary.hu\/weblap2\/wp-json\/wp\/v2\/pages\/145"}],"collection":[{"href":"http:\/\/actuary.hu\/weblap2\/wp-json\/wp\/v2\/pages"}],"about":[{"href":"http:\/\/actuary.hu\/weblap2\/wp-json\/wp\/v2\/types\/page"}],"author":[{"embeddable":true,"href":"http:\/\/actuary.hu\/weblap2\/wp-json\/wp\/v2\/users\/2"}],"replies":[{"embeddable":true,"href":"http:\/\/actuary.hu\/weblap2\/wp-json\/wp\/v2\/comments?post=145"}],"version-history":[{"count":40,"href":"http:\/\/actuary.hu\/weblap2\/wp-json\/wp\/v2\/pages\/145\/revisions"}],"predecessor-version":[{"id":4278,"href":"http:\/\/actuary.hu\/weblap2\/wp-json\/wp\/v2\/pages\/145\/revisions\/4278"}],"up":[{"embeddable":true,"href":"http:\/\/actuary.hu\/weblap2\/wp-json\/wp\/v2\/pages\/14"}],"wp:attachment":[{"href":"http:\/\/actuary.hu\/weblap2\/wp-json\/wp\/v2\/media?parent=145"}],"curies":[{"name":"wp","href":"https:\/\/api.w.org\/{rel}","templated":true}]}}