{"id":155,"date":"2013-10-01T17:58:43","date_gmt":"2013-10-01T15:58:43","guid":{"rendered":"http:\/\/actuary.hu\/weblap2\/?page_id=155"},"modified":"2018-08-10T07:11:53","modified_gmt":"2018-08-10T05:11:53","slug":"mat-szervezes","status":"publish","type":"page","link":"http:\/\/actuary.hu\/weblap2\/rendezvenyek\/mat-szervezes\/","title":{"rendered":"MAT szervez\u00e9s"},"content":{"rendered":"<p><a title=\"Tavaszi szimp\u00f3zium\" href=\"http:\/\/actuary.hu\/weblap2\/rendezvenyek\/mat-szervezes\/tavaszi-szimpozium\/\">Tavaszi szimp\u00f3zium<\/a><\/p>\n<p><a title=\"\u0150szi iskola\" href=\"http:\/\/actuary.hu\/weblap2\/rendezvenyek\/mat-szervezes\/oszi-iskola\/\">\u0150szi iskola<\/a><\/p>\n<p><a title=\"\u00daj\u00e9vi vacsora\" href=\"http:\/\/actuary.hu\/weblap2\/rendezvenyek\/mat-szervezes\/ujevi-vacsora\/\">\u00daj\u00e9vi vacsora<\/a><\/p>\n<p><a title=\"MATinee\" href=\"http:\/\/actuary.hu\/weblap2\/rendezvenyek\/mat-szervezes\/matinee\/\">MATinee<\/a><\/p>\n<p><a title=\"MAT kir\u00e1ndul\u00e1s\" href=\"http:\/\/actuary.hu\/weblap2\/rendezvenyek\/mat-szervezes\/mat-kirandulas\/\">MAT kir\u00e1ndul\u00e1s<\/a><\/p>\n<p><a title=\"MAT szemin\u00e1rium\" href=\"http:\/\/actuary.hu\/weblap2\/rendezvenyek\/mat-szervezes\/mat-szeminarium\/\">MAT szemin\u00e1rum<\/a><\/p>\n<p><a title=\"Eseti rendezv\u00e9nyek\" href=\"http:\/\/actuary.hu\/weblap2\/rendezvenyek\/mat-szervezes\/eseti-rendezvenyek\/\">Eseti MAT rendezv\u00e9nyek<\/a><\/p>\n","protected":false},"excerpt":{"rendered":"<p>Tavaszi szimp\u00f3zium \u0150szi iskola \u00daj\u00e9vi vacsora MATinee MAT kir\u00e1ndul\u00e1s MAT szemin\u00e1rum Eseti MAT rendezv\u00e9nyek<\/p>\n","protected":false},"author":2,"featured_media":0,"parent":10,"menu_order":10,"comment_status":"open","ping_status":"open","template":"","meta":{"footnotes":""},"_links":{"self":[{"href":"http:\/\/actuary.hu\/weblap2\/wp-json\/wp\/v2\/pages\/155"}],"collection":[{"href":"http:\/\/actuary.hu\/weblap2\/wp-json\/wp\/v2\/pages"}],"about":[{"href":"http:\/\/actuary.hu\/weblap2\/wp-json\/wp\/v2\/types\/page"}],"author":[{"embeddable":true,"href":"http:\/\/actuary.hu\/weblap2\/wp-json\/wp\/v2\/users\/2"}],"replies":[{"embeddable":true,"href":"http:\/\/actuary.hu\/weblap2\/wp-json\/wp\/v2\/comments?post=155"}],"version-history":[{"count":8,"href":"http:\/\/actuary.hu\/weblap2\/wp-json\/wp\/v2\/pages\/155\/revisions"}],"predecessor-version":[{"id":3299,"href":"http:\/\/actuary.hu\/weblap2\/wp-json\/wp\/v2\/pages\/155\/revisions\/3299"}],"up":[{"embeddable":true,"href":"http:\/\/actuary.hu\/weblap2\/wp-json\/wp\/v2\/pages\/10"}],"wp:attachment":[{"href":"http:\/\/actuary.hu\/weblap2\/wp-json\/wp\/v2\/media?parent=155"}],"curies":[{"name":"wp","href":"https:\/\/api.w.org\/{rel}","templated":true}]}}