{"id":159,"date":"2013-10-01T18:00:18","date_gmt":"2013-10-01T16:00:18","guid":{"rendered":"http:\/\/actuary.hu\/weblap2\/?page_id=159"},"modified":"2020-01-20T20:15:08","modified_gmt":"2020-01-20T19:15:08","slug":"akkreditalt-rendezvenyek","status":"publish","type":"page","link":"http:\/\/actuary.hu\/weblap2\/rendezvenyek\/akkreditalt-rendezvenyek\/","title":{"rendered":"Akkredit\u00e1lt rendezv\u00e9nyek"},"content":{"rendered":"<p>Rendezv\u00e9ny akkredit\u00e1l\u00e1s\u00e1t a <a href=\"mailto:benjamin.novok@gmail.com\">akk@actuary.hu<\/a> email c\u00edmen lehet k\u00e9rni.<\/p>\n<p>A 2017. \u00e9veben akkredit\u00e1lt rendezv\u00e9nyek <a href=\"http:\/\/www.actuary.hu\/akk\/esemenyek_AB_2017.xlsx\">list\u00e1ja<\/a>.<br \/>\nA 2018. \u00e9veben akkredit\u00e1lt rendezv\u00e9nyek <a href=\"http:\/\/www.actuary.hu\/akk\/esemenyek_AB_2018.xlsx\">list\u00e1ja<\/a>.<br \/>\nA 2019. \u00e9veben akkredit\u00e1lt rendezv\u00e9nyek <a href=\"http:\/\/www.actuary.hu\/akk\/esemenyek_AB_2019.xlsx\">list\u00e1ja<\/a>.<br \/>\nA 2020. \u00e9veben akkredit\u00e1lt rendezv\u00e9nyek <a href=\"http:\/\/www.actuary.hu\/akk\/esemenyek_AB_2020.xlsx\">list\u00e1ja<\/a>.<\/p>\n","protected":false},"excerpt":{"rendered":"<p>Rendezv\u00e9ny akkredit\u00e1l\u00e1s\u00e1t a akk@actuary.hu email c\u00edmen lehet k\u00e9rni. A 2017. \u00e9veben akkredit\u00e1lt rendezv\u00e9nyek list\u00e1ja. A 2018. \u00e9veben akkredit\u00e1lt rendezv\u00e9nyek list\u00e1ja. A 2019. \u00e9veben akkredit\u00e1lt rendezv\u00e9nyek list\u00e1ja. A 2020. \u00e9veben akkredit\u00e1lt [&hellip;]<\/p>\n","protected":false},"author":2,"featured_media":0,"parent":10,"menu_order":30,"comment_status":"open","ping_status":"open","template":"","meta":{"footnotes":""},"_links":{"self":[{"href":"http:\/\/actuary.hu\/weblap2\/wp-json\/wp\/v2\/pages\/159"}],"collection":[{"href":"http:\/\/actuary.hu\/weblap2\/wp-json\/wp\/v2\/pages"}],"about":[{"href":"http:\/\/actuary.hu\/weblap2\/wp-json\/wp\/v2\/types\/page"}],"author":[{"embeddable":true,"href":"http:\/\/actuary.hu\/weblap2\/wp-json\/wp\/v2\/users\/2"}],"replies":[{"embeddable":true,"href":"http:\/\/actuary.hu\/weblap2\/wp-json\/wp\/v2\/comments?post=159"}],"version-history":[{"count":48,"href":"http:\/\/actuary.hu\/weblap2\/wp-json\/wp\/v2\/pages\/159\/revisions"}],"predecessor-version":[{"id":3948,"href":"http:\/\/actuary.hu\/weblap2\/wp-json\/wp\/v2\/pages\/159\/revisions\/3948"}],"up":[{"embeddable":true,"href":"http:\/\/actuary.hu\/weblap2\/wp-json\/wp\/v2\/pages\/10"}],"wp:attachment":[{"href":"http:\/\/actuary.hu\/weblap2\/wp-json\/wp\/v2\/media?parent=159"}],"curies":[{"name":"wp","href":"https:\/\/api.w.org\/{rel}","templated":true}]}}