{"id":166,"date":"2013-10-01T18:02:48","date_gmt":"2013-10-01T16:02:48","guid":{"rendered":"http:\/\/actuary.hu\/weblap2\/?page_id=166"},"modified":"2020-07-11T17:38:40","modified_gmt":"2020-07-11T15:38:40","slug":"oszi-iskola","status":"publish","type":"page","link":"http:\/\/actuary.hu\/weblap2\/rendezvenyek\/mat-szervezes\/oszi-iskola\/","title":{"rendered":"\u0150szi iskola"},"content":{"rendered":"<p><span style=\"text-decoration: underline\"><span style=\"font-size: medium\">2019. \u00e9vi \u0151szi iskola<\/span><\/span><\/p>\n<table border=\"0\">\n<tbody>\n<tr>\n<td><a href=\"http:\/\/actuary.hu\/weblap2\/wp-content\/uploads\/Fall-School-2019-Invitation.pdf\">Invitation<\/a><\/td>\n<td style=\"width: 28px\"><\/td>\n<td><a href=\"http:\/\/actuary.hu\/weblap2\/wp-content\/uploads\/Program-of-the-16th-Fall-School-Hungarian-Actuarial-Society.pdf\">Program<\/a><\/td>\n<\/tr>\n<\/tbody>\n<\/table>\n<p>Slide-ok:<\/p>\n<table border=\"0\">\n<tbody>\n<tr>\n<\/p>\n<td>Vilmos Prokaj<\/td>\n<td style=\"width: 28px\"><\/td>\n<td>Introduction to neural networks<\/td>\n<\/tr>\n<tr>\n<\/p>\n<td>Mario V. W\u00fcthrich<\/td>\n<td style=\"width: 28px\"><\/td>\n<td><a href=\"http:\/\/actuary.hu\/weblap2\/wp-content\/uploads\/2019_Wuthrich.pdf\">Feed-Forward Neural Networks for Insurance Pricing<\/a><\/td>\n<\/tr>\n<tr>\n<\/p>\n<td>Colm Fitzgerald<\/td>\n<td style=\"width: 28px\"><\/td>\n<td><a href=\"http:\/\/actuary.hu\/weblap2\/wp-content\/uploads\/ActuarialAdventuresAndDiscoveriesWithHistoricalData-CF-vf.pdf\">Adventures and Discoveries using Historical Data<\/a><\/td>\n<\/tr>\n<tr>\n<\/p>\n<td>Bal\u00e1zs Horv\u00e1th<\/td>\n<td style=\"width: 28px\"><\/td>\n<td>Economic Scenario Generation and its Application in Insurance<\/td>\n<\/tr>\n<\/tbody>\n<\/table>\n<p> <\/p>\n<p><span style=\"text-decoration: underline\"><span style=\"font-size: medium\">2018. \u00e9vi \u0151szi iskola<\/span><\/span><\/p>\n<table border=\"0\">\n<tbody>\n<tr>\n<td><a href=\"http:\/\/actuary.hu\/weblap2\/wp-content\/uploads\/\u0150szi-Iskola-2018-Megh\u00edv\u00f3.pdf\">Megh\u00edv\u00f3<\/a><\/td>\n<td style=\"width: 28px\"><\/td>\n<td><a href=\"http:\/\/actuary.hu\/weblap2\/wp-content\/uploads\/\u0150szi-Iskola-2018-Program.pdf\">Program<\/a><\/td>\n<\/tr>\n<\/tbody>\n<\/table>\n<p>Slide-ok:<\/p>\n<table border=\"0\">\n<tbody>\n<tr>\n<\/p>\n<td>Gajdacs Attila<\/td>\n<td style=\"width: 28px\"><\/td>\n<td><a href=\"http:\/\/actuary.hu\/weblap2\/wp-content\/uploads\/1_Gajdacs_Attila_Bevezeto_az_ETF-ekbe.pdf\">Bevezet\u0151 az ETF-ek t\u00e9mak\u00f6r\u00e9be, BUX ETF<\/a> <\/td>\n<\/tr>\n<tr>\n<\/p>\n<td>Tajti Imre<\/td>\n<td style=\"width: 28px\"><\/td>\n<td><a href=\"http:\/\/actuary.hu\/weblap2\/wp-content\/uploads\/1_Tajti_Imre_ETF_Marketprog.pdf\">Egyszer\u0171en T\u00f6k\u00e9letes Fundt\u00edpus?<\/a> <\/td>\n<\/tr>\n<tr>\n<\/p>\n<td>Romv\u00e1ri Petra <\/td>\n<td style=\"width: 28px\"><\/td>\n<td> <a href=\"http:\/\/actuary.hu\/weblap2\/wp-content\/uploads\/2_Romvari_Petra_Ido-_es_piackonzisztens_aktuariusi_ertekelesek.pdf\">Id\u0151-\u00e9s piackonzisztens aktu\u00e1riusi \u00e9rt\u00e9kel\u00e9sek<\/a><\/td>\n<\/tr>\n<tr>\n<\/p>\n<td>Bencz\u00far Andr\u00e1s<\/td>\n<td style=\"width: 28px\"><\/td>\n<td><a href=\"http:\/\/actuary.hu\/weblap2\/wp-content\/uploads\/3_Benczur_Andras_Stat_Adatb_BigData.pdf\">Statisztika, Adatb\u00e1ny\u00e1szat, Big data, Adattudom\u00e1ny vagy Mesters\u00e9ges Intelligencia?<\/a><\/td>\n<\/tr>\n<\/tbody>\n<\/table>\n<p> <\/p>\n<p><span style=\"text-decoration: underline\"><span style=\"font-size: medium\">2017. \u00e9vi \u0151szi iskola<\/span><\/span><\/p>\n<table border=\"0\">\n<tbody>\n<tr>\n<td><a href=\"http:\/\/actuary.hu\/weblap2\/wp-content\/uploads\/Oszi-Iskola-2017-Meghivo.pdf\">Megh\u00edv\u00f3<\/a><\/td>\n<td style=\"width: 28px\"><\/td>\n<td><a href=\"http:\/\/actuary.hu\/weblap2\/wp-content\/uploads\/Fall-School-2017-Invitation.pdf\">Invitation<\/a><\/td>\n<td style=\"width: 28px\"><\/td>\n<td><a href=\"http:\/\/actuary.hu\/weblap2\/wp-content\/uploads\/Fall-School-2017-Program2.pdf\">Program<\/a><\/td>\n<\/tr>\n<\/tbody>\n<\/table>\n<p>Slide-ok:<\/p>\n<table border=\"0\">\n<tbody>\n<tr>\n<\/p>\n<td> <\/td>\n<td style=\"width: 28px\"><\/td>\n<td> <a href=\"http:\/\/actuary.hu\/weblap2\/wp-content\/uploads\/1_Working-Group-NB-Intro-MAT-Fall_School_IFRS-17-Intro.pdf\">IFRS 17 \u2013 major change to insurance reporting<\/a><\/td>\n<\/tr>\n<tr>\n<\/p>\n<td> <\/td>\n<td style=\"width: 28px\"><\/td>\n<td> <a href=\"http:\/\/actuary.hu\/weblap2\/wp-content\/uploads\/2_IFRS-17-Examples-HAS-Fall-School-2017_final_sent_corr.pdf\">How to measure the insurance contracts in the future?<\/a><\/td>\n<\/tr>\n<tr>\n<\/p>\n<td>Stefan Engel\u00e4nder <\/td>\n<td style=\"width: 28px\"><\/td>\n<td><a href=\"http:\/\/actuary.hu\/weblap2\/wp-content\/uploads\/3_Stefan-Engelander-Budapest_Presentation_on_Unit-linked_c.pdf\">Insurance contracts with direct participation features<\/a>  <\/td>\n<\/tr>\n<tr>\n<\/p>\n<td> Imrich Lozsi<\/td>\n<td style=\"width: 28px\"><\/td>\n<td> <a href=\"http:\/\/actuary.hu\/weblap2\/wp-content\/uploads\/4_Lozsi-Imre-IFRS-Insurance-Contracts-Phase-2_Hungary.pdf\">Key changes and implementation challenges, how to prepare<\/a> <\/td>\n<\/tr>\n<tr>\n<\/p>\n<td> <\/td>\n<td style=\"width: 28px\"><\/td>\n<td> <a href=\"http:\/\/actuary.hu\/weblap2\/wp-content\/uploads\/5_Key-terms-of-IFRS17.pdf\">Key terms of IFRS17<\/a><\/td>\n<\/tr>\n<tr>\n<\/p>\n<td> <\/td>\n<td style=\"width: 28px\"><\/td>\n<td> <a href=\"http:\/\/actuary.hu\/weblap2\/wp-content\/uploads\/2020_07_11_IFRS17_Kiemelt_kifejez\u00e9sek_magyarul_2020-05-25_v2.xlsx\">Key terms of IFRS 17 &#8211; 2020 version<\/a><\/td>\n<\/tr>\n<\/tbody>\n<\/table>\n<p> <\/p>\n<p><span style=\"text-decoration: underline\"><span style=\"font-size: medium\">2016. \u00e9vi \u0151szi iskola<\/span><\/span><\/p>\n<table border=\"0\">\n<tbody>\n<tr>\n<td><a href=\"http:\/\/actuary.hu\/weblap2\/wp-content\/uploads\/Oszi-Iskola-2016-Meghivo.pdf\">Megh\u00edv\u00f3<\/a><\/td>\n<td style=\"width: 28px\"><\/td>\n<td><a href=\"http:\/\/actuary.hu\/weblap2\/wp-content\/uploads\/Oszi-Iskola-2016-Program_3.docx\">Program<\/a><\/td>\n<\/tr>\n<\/tbody>\n<\/table>\n<table border=\"0\">\n<tbody>\n<tr>\n<td><a href=\"http:\/\/actuary.hu\/weblap2\/wp-content\/uploads\/Rendkivuli_Kozgyulesi_meghivo_20161111.docx\">Megh\u00edv\u00f3 a rendk\u00edv\u00fcli k\u00f6zgy\u0171l\u00e9sre<\/a><\/td>\n<td style=\"width: 28px\"><\/td>\n<td><a href=\"http:\/\/actuary.hu\/weblap2\/wp-content\/uploads\/Alapszab\u00e1ly-20161024-korr.docx\">Alapszab\u00e1ly<\/a><\/td>\n<td style=\"width: 28px\"><\/td>\n<td><a href=\"http:\/\/actuary.hu\/weblap2\/wp-content\/uploads\/Etikai-Szabalyzat-20161024-korr.docx\">Etikai szab\u00e1lyzat<\/a><\/td>\n<\/tr>\n<tr>\n<td><a href=\"http:\/\/actuary.hu\/weblap2\/wp-content\/uploads\/SZMSZ_20161024-korr.docx\">SZMSZ<\/a><\/td>\n<td style=\"width: 28px\"><\/td>\n<td><a href=\"http:\/\/actuary.hu\/weblap2\/wp-content\/uploads\/MAT-szabalyzatok-modositasainak-osszefoglaloja20161024.docx\">MAT szab\u00e1lyzatok m\u00f3dos\u00edt\u00e1sainak \u00f6sszefoglal\u00f3ja<\/a><\/td>\n<td style=\"width: 28px\"><\/td>\n<td><a href=\"http:\/\/actuary.hu\/weblap2\/wp-content\/uploads\/Hi\u00e1nyp\u00f3tl\u00f3-v\u00e9gz\u00e9s-161014.pdf\">Hi\u00e1nyp\u00f3tl\u00f3 v\u00e9gz\u00e9s<\/a><\/td>\n<td><\/td>\n<\/tr>\n<tr>\n<td><\/td>\n<\/tr>\n<\/tbody>\n<\/table>\n<p>Slide-ok:<\/p>\n<table border=\"0\">\n<tbody>\n<tr>\n<\/p>\n<td>Kn\u00f3del M\u00e1t\u00e9:<\/td>\n<td style=\"width: 28px\"><\/td>\n<td><a href=\"http:\/\/actuary.hu\/weblap2\/wp-content\/uploads\/1_Knodel_Mate_Sztochasztikus_tartalekok.pdf\">Egy\u00e9ni adatokon alapul\u00f3, sztochasztikus f\u00fcgg\u0151k\u00e1r tartal\u00e9kol\u00e1si m\u00f3dszerek<\/a><\/td>\n<\/tr>\n<tr>\n<\/p>\n<td>Martinek L\u00e1szl\u00f3:<\/td>\n<td style=\"width: 28px\"><\/td>\n<td><a href=\"http:\/\/actuary.hu\/weblap2\/wp-content\/uploads\/2_Martinek_Laszlo_Stochastic-Models.pdf\">Stochastic Models in Claims Reserving<\/a><\/td>\n<\/tr>\n<tr>\n<\/p>\n<td>G\u00e1ll J\u00f3zsef:<\/td>\n<td style=\"width: 28px\"><\/td>\n<td><a href=\"http:\/\/actuary.hu\/weblap2\/wp-content\/uploads\/3_Gall_Jozsef_oprisk_slides1.pdf\">Oper\u00e1ci\u00f3s kock\u00e1zat m\u00e9r\u00e9se, becsl\u00e9se, kock\u00e1zati m\u00e9rt\u00e9kek<\/a><\/td>\n<\/tr>\n<tr>\n<\/p>\n<td>G\u00e1ll J\u00f3zsef:<\/td>\n<td style=\"width: 28px\"><\/td>\n<td><a href=\"http:\/\/actuary.hu\/weblap2\/wp-content\/uploads\/3_Gall_Jozsef_oprisk_slides2.pdf\">Oper\u00e1ci\u00f3s kock\u00e1zat: becsl\u00e9si probl\u00e9m\u00e1k,\u201einstabilit\u00e1s\u201d, HUNOR<\/a><\/td>\n<\/tr>\n<\/tbody>\n<\/table>\n<p> <\/p>\n<p><span style=\"text-decoration: underline\"><span style=\"font-size: medium\">2015. \u00e9vi \u0151szi iskola<\/span><\/span><\/p>\n<table border=\"0\">\n<tbody>\n<tr>\n<td><a href=\"http:\/\/actuary.hu\/weblap2\/wp-content\/uploads\/Oszi-Iskola-2015-Meghivo.pdf\">Megh\u00edv\u00f3<\/a><\/td>\n<td style=\"width: 28px\"><\/td>\n<td><a href=\"http:\/\/actuary.hu\/weblap2\/wp-content\/uploads\/Fall-School-2015-Program_v2b.pdf\">Program<\/a><\/td>\n<\/tr>\n<\/tbody>\n<\/table>\n<p>Slide-ok:<\/p>\n<table border=\"0\">\n<tbody>\n<tr>\n<\/p>\n<td>Han\u00e1k G\u00e1bor:<\/td>\n<td style=\"width: 28px\"><\/td>\n<td><a href=\"http:\/\/actuary.hu\/weblap2\/wp-content\/uploads\/0_Han\u00e1k_G\u00e1bor_S2-bevezetes-eredmeny.pdf\">Solvency II &#8211; Bevezet\u00e9s<\/a><\/td>\n<\/tr>\n<tr>\n<\/p>\n<td>Siegbert Baldauf:<\/td>\n<td style=\"width: 28px\"><\/td>\n<td><a href=\"http:\/\/actuary.hu\/weblap2\/wp-content\/uploads\/1_Siegbert_Baldauf_Hungarian_Fall_School.pdf\">Solvency II Standard Formula calibration \u2013 life<\/a><\/td>\n<\/tr>\n<tr>\n<\/p>\n<td>Clemens Frey:<\/td>\n<td style=\"width: 28px\"><\/td>\n<td><a href=\"http:\/\/actuary.hu\/weblap2\/wp-content\/uploads\/Budapest-Autumn-School_CF_V8-SENT.pdf\">Solvency II Standard Formula calibration \u2013 non-life<\/a><\/td>\n<\/tr>\n<tr>\n<\/p>\n<td>Mag. Christoph Krischanitz:<\/td>\n<td style=\"width: 28px\"><\/td>\n<td><a href=\"http:\/\/actuary.hu\/weblap2\/wp-content\/uploads\/3_Christoph_Krischanitz_Visegrad_151113_p1.pdf\">Calibration \u2013 SCR standard formula Solvency II &#8211; part I<\/a><\/td>\n<\/tr>\n<tr>\n<\/p>\n<td>Mag. Christoph Krischanitz:<\/td>\n<td style=\"width: 28px\"><\/td>\n<td><a href=\"http:\/\/actuary.hu\/weblap2\/wp-content\/uploads\/3_Christoph_Krischanitz_Visegrad_151114_p2.pdf\">Calibration \u2013 SCR standard formula Solvency II &#8211; part II<\/a><\/td>\n<\/tr>\n<\/tbody>\n<\/table>\n<p> <\/p>\n<p><span style=\"text-decoration: underline\"><span style=\"font-size: medium\">2014. \u00e9vi \u0151szi iskola<\/span><\/span><\/p>\n<table border=\"0\">\n<tbody>\n<tr>\n<td><a href='http:\/\/actuary.hu\/weblap2\/wp-content\/uploads\/Oszi-Iskola-2014-Meghivo.pdf'>Megh\u00edv\u00f3<\/a><\/a><\/td>\n<td style=\"width: 28px\"><\/td>\n<td><a href='http:\/\/actuary.hu\/weblap2\/wp-content\/uploads\/Oszi-Iskola-2014-Program2.pdf'>Program<\/a><\/a><\/td>\n<\/tr>\n<\/tbody>\n<\/table>\n<p>Slide-ok:<\/p>\n<table border=\"0\">\n<tbody>\n<tr>\n<\/p>\n<td>Hauer Judit (Deloitte):<\/td>\n<td style=\"width: 28px\"><\/td>\n<td><a href='http:\/\/actuary.hu\/weblap2\/wp-content\/uploads\/HJ_AQR_Csoportos-ertekvesztes.pdf'>Banki Asset Quality Review projektek hazai illetve kelet-eur\u00f3pai tapasztalatai<\/a><\/td>\n<\/tr>\n<tr>\n<\/p>\n<td>G\u00e1ll J\u00f3zsef:<\/td>\n<td style=\"width: 28px\"><\/td>\n<td>Kamatl\u00e1b-modellek<\/td>\n<\/tr>\n<tr>\n<\/p>\n<td><\/td>\n<td style=\"width: 28px\"><\/td>\n<td><a href='http:\/\/actuary.hu\/weblap2\/wp-content\/uploads\/slide_interest_rate_theory_part_I.pdf'>Kamatl\u00e1bak, k\u00f6tv\u00e9nyek, derivat\u00edv term\u00e9kek<\/a><\/td>\n<\/tr>\n<tr>\n<\/p>\n<td><\/td>\n<td style=\"width: 28px\"><\/td>\n<td><a href='http:\/\/actuary.hu\/weblap2\/wp-content\/uploads\/slide_interest_rate_theory_part_II.pdf'>Diszkr\u00e9t kamatmodellek<\/a><\/td>\n<\/tr>\n<tr>\n<\/p>\n<td><\/td>\n<td style=\"width: 28px\"><\/td>\n<td><a href='http:\/\/actuary.hu\/weblap2\/wp-content\/uploads\/slide_interest_rate_theory_part_III.pdf'>Sztochasztikus modellek<\/a><\/td>\n<\/tr>\n<tr>\n<\/p>\n<td><\/td>\n<td style=\"width: 28px\"><\/td>\n<td><a href='http:\/\/actuary.hu\/weblap2\/wp-content\/uploads\/slide_interest_rate_theory_part_IV.pdf'>Folytonos kamatmodellek<\/a><\/td>\n<\/tr>\n<tr>\n<\/p>\n<td>Filmvet\u00edt\u00e9s:<\/td>\n<td style=\"width: 28px\"><\/td>\n<td>Kr\u00edzispont (Margin Call) majd besz\u00e9lget\u00e9s a filmr\u0151l<\/td>\n<\/tr>\n<tr>\n<\/p>\n<td>Gr\u00f6ller \u00c1kos:<\/td>\n<td style=\"width: 28px\"><\/td>\n<td><a href='http:\/\/actuary.hu\/weblap2\/wp-content\/uploads\/AG_MAT_Illiquidity_Adjustment_2014-notes-white.pdf'> Volatilit\u00e1s-kiigaz\u00edt\u00e1s \u00e9s az \u00c9let(biztos\u00edt\u00e1s) &#8211; mi\u00e9rt \u00e9s hogyan (ne) korrig\u00e1ljuk az illikvidit\u00e1s hat\u00e1sait?<\/a><\/td>\n<\/tr>\n<\/tbody>\n<\/table>\n<p> <\/p>\n<p><span style=\"text-decoration: underline\"><span style=\"font-size: medium\">2013. \u00e9vi \u0151szi iskola<\/span><\/span><\/p>\n<table border=\"0\">\n<tbody>\n<tr>\n<td><a href='http:\/\/actuary.hu\/weblap2\/wp-content\/uploads\/Oszi-Iskola-2013-Meghivo.pdf'>Megh\u00edv\u00f3<\/a><\/td>\n<td style=\"width: 28px\"><\/td>\n<td><a href='http:\/\/actuary.hu\/weblap2\/wp-content\/uploads\/Fall-School-2013-Invitation2.pdf'>Invitation<\/a><\/td>\n<td style=\"width: 28px\"><\/td>\n<td><a href='http:\/\/actuary.hu\/weblap2\/wp-content\/uploads\/Fall-School-2013-Program.pdf'>Program<\/a><\/td>\n<\/tr>\n<tr>\n<td>Jelentkez\u00e9s magyarul<\/td>\n<td style=\"width: 28px\"><\/td>\n<td>Application In English<\/td>\n<td style=\"width: 28px\"><\/td>\n<td><\/td>\n<\/tr>\n<tr style=\"height: 8px\">\n<td><\/td>\n<td style=\"width: 28px\"><\/td>\n<td><\/td>\n<td style=\"width: 28px\"><\/td>\n<td><\/td>\n<\/tr>\n<\/tbody>\n<\/table>\n<table border=\"0\">\n<tbody>\n<tr>\n<td>Slides<\/td>\n<td style=\"width: 28px\"><\/td>\n<td><\/td>\n<\/tr>\n<tr>\n<td>Malcolm Kemp:<\/td>\n<td style=\"width: 28px\"><\/td>\n<td><a href=\"http:\/\/actuary.hu\/weblap2\/wp-content\/uploads\/Malcolm_Kemp_BaselIIIvsSolvencyII_20131108.pdf\">Basel III versus Solvency II<\/a><\/td>\n<\/tr>\n<tr>\n<td>Ermanno Pitacco:<\/td>\n<td style=\"width: 28px\"><\/td>\n<td><a href=\"http:\/\/actuary.hu\/weblap2\/wp-content\/uploads\/Ermanno_Pitacco_Options_and_Guaratees_in_Life_Insurance_and_Pension_Products.pdf\">Options and Guarantees in Life Insurance and Pension Products<\/a><\/td>\n<\/tr>\n<tr>\n<td>Malcolm Kemp:<\/td>\n<td style=\"width: 28px\"><\/td>\n<td><a href=\"http:\/\/actuary.hu\/weblap2\/wp-content\/uploads\/Malcolm_Kemp_Discounting_20131109.pdf\">Discounting<\/a><\/td>\n<\/tr>\n<tr>\n<td>Ermanno Pitacco:<\/td>\n<td style=\"width: 28px\"><\/td>\n<td><a href=\"http:\/\/actuary.hu\/weblap2\/wp-content\/uploads\/Ermanno_Pitacco_Risk_Management_for_Life_Annuities_in_a_Longevity_Risk_Scenario.pdf\">Risk Management for Life Annuities in a Longevity Risk Scenario<\/a><\/td>\n<\/tr>\n<\/tbody>\n<\/table>\n<p>\n<span style=\"text-decoration: underline\"><span style=\"font-size: medium\">A kor\u00e1bbi \u0150szi Iskol\u00e1k anyagai megtal\u00e1lhat\u00f3ak a r\u00e9gi <a href=\"http:\/\/actuary.hu\/weblap\/alap2.html\">oldalon<\/a>.<\/span><\/span><\/p>\n","protected":false},"excerpt":{"rendered":"<p>2019. \u00e9vi \u0151szi iskola Invitation Program Slide-ok: Vilmos Prokaj Introduction to neural networks Mario V. W\u00fcthrich Feed-Forward Neural Networks for Insurance Pricing Colm Fitzgerald Adventures and Discoveries using Historical Data [&hellip;]<\/p>\n","protected":false},"author":2,"featured_media":0,"parent":155,"menu_order":20,"comment_status":"open","ping_status":"open","template":"","meta":{"footnotes":""},"_links":{"self":[{"href":"http:\/\/actuary.hu\/weblap2\/wp-json\/wp\/v2\/pages\/166"}],"collection":[{"href":"http:\/\/actuary.hu\/weblap2\/wp-json\/wp\/v2\/pages"}],"about":[{"href":"http:\/\/actuary.hu\/weblap2\/wp-json\/wp\/v2\/types\/page"}],"author":[{"embeddable":true,"href":"http:\/\/actuary.hu\/weblap2\/wp-json\/wp\/v2\/users\/2"}],"replies":[{"embeddable":true,"href":"http:\/\/actuary.hu\/weblap2\/wp-json\/wp\/v2\/comments?post=166"}],"version-history":[{"count":46,"href":"http:\/\/actuary.hu\/weblap2\/wp-json\/wp\/v2\/pages\/166\/revisions"}],"predecessor-version":[{"id":4288,"href":"http:\/\/actuary.hu\/weblap2\/wp-json\/wp\/v2\/pages\/166\/revisions\/4288"}],"up":[{"embeddable":true,"href":"http:\/\/actuary.hu\/weblap2\/wp-json\/wp\/v2\/pages\/155"}],"wp:attachment":[{"href":"http:\/\/actuary.hu\/weblap2\/wp-json\/wp\/v2\/media?parent=166"}],"curies":[{"name":"wp","href":"https:\/\/api.w.org\/{rel}","templated":true}]}}