{"id":168,"date":"2013-10-01T18:03:17","date_gmt":"2013-10-01T16:03:17","guid":{"rendered":"http:\/\/actuary.hu\/weblap2\/?page_id=168"},"modified":"2018-01-10T16:39:40","modified_gmt":"2018-01-10T15:39:40","slug":"ujevi-vacsora","status":"publish","type":"page","link":"http:\/\/actuary.hu\/weblap2\/rendezvenyek\/mat-szervezes\/ujevi-vacsora\/","title":{"rendered":"\u00daj\u00e9vi vacsora"},"content":{"rendered":"<p><span style=\"text-decoration: underline;\"><span style=\"font-size: medium;\">\u00daj\u00e9vi vacsora 2018<\/span><\/span><\/p>\n<p>Hagyom\u00e1nyos \u00faj\u00e9vi vacsor\u00e1nkat 2018. janu\u00e1r 12-\u00e9n (p\u00e9ntek) tartjuk.<\/p>\n<p>A helysz\u00edn: Symbol Budapest, Art Gallery Rendezv\u00e9nyterem<br \/>\n1036 Bp. B\u00e9csi \u00fat 56.<br \/>\nA vacsora kezd\u00e9si id\u0151pontja: 19:30 \u00f3ra.<br \/>\nParkol\u00f3helyeket lehet foglalni a Symbol bej\u00e1rat\u00e1t\u00f3l 2 perc s\u00e9t\u00e1ra l\u00e9v\u0151 fedett \u00e9s \u0151rz\u00f6tt m\u00e9lygar\u00e1zsban, melynek \u00e1ra 480,- Ft \/\u00f3ra\/aut\u00f3.<br \/>\nA parkol\u00f3 c\u00edme: \u00daj Udvar m\u00e9lygar\u00e1zs 1036 Budapest, B\u00e9csi \u00fat 38-44.<br \/>\nKedvcsin\u00e1l\u00f3nak csatoljuk az \u00e9tterem ismertet\u0151j\u00e9t.<\/p>\n<p>R\u00e9szv\u00e9teli d\u00edj: 6000 Ft\/f\u0151, ez mag\u00e1ba foglalja az aperitifet \u00e9s a korl\u00e1tlan \u00fcd\u00edt\u0151 fogyaszt\u00e1st, viszont az e feletti alkoholos italfogyaszt\u00e1s \u00f6nk\u00f6lts\u00e9ges.<br \/>\nBefizet\u00e9s: banki \u00e1tutal\u00e1ssal a Magyar Aktu\u00e1rius T\u00e1rsas\u00e1g sz\u00e1mlasz\u00e1m\u00e1ra:<br \/>\n10405004-50515150-57571007. A banki \u00e1tutal\u00e1s k\u00f6zlem\u00e9ny rovat\u00e1ba be kell \u00edrni, hogy V\/2018. Az adminisztr\u00e1ci\u00f3 megk\u00f6nny\u00edt\u00e9se \u00e9rdek\u00e9ben k\u00e9rj\u00fck, hogy a banki \u00e1tutal\u00e1son szerepeljen:<br \/>\n&#8211; a jelentkez\u0151 neve (keresztneve is), amennyiben nem k\u00e9r \u00c1F\u00c1-s sz\u00e1ml\u00e1t,<br \/>\n&#8211; annak a c\u00e9gnek a neve, amelyre a sz\u00e1ml\u00e1t k\u00e9rte, amennyiben k\u00e9r \u00c1F\u00c1-s sz\u00e1ml\u00e1t.<br \/>\nHa valaki sz\u00e1ml\u00e1t ig\u00e9nyel, a sz\u00e1mla a vacsora helysz\u00edn\u00e9n vehet\u0151 \u00e1t.<br \/>\nJelentkez\u00e9s az al\u00e1bbi linken:<br \/>\n<a href=\"http:\/\/www.actuary.hu\/weblap\/Ujevi_vacsora_jelentkezes\/jelentkezes.php\">http:\/\/www.actuary.hu\/weblap\/Ujevi_vacsora_jelentkezes\/jelentkezes.php<\/a><\/p>\n<p>Jelentkez\u00e9si hat\u00e1rid\u0151: 2018. janu\u00e1r 5.<br \/>\nEzen id\u0151pontot k\u00f6vet\u0151en a jelentkez\u00e9s t\u00f6rl\u00e9se eset\u00e9n a r\u00e9szv\u00e9teli d\u00edjat ki kell fizetni.<\/p>\n<p>V\u00e1rjuk a tagt\u00e1rsak jelentkez\u00e9s\u00e9t!<br \/>\n<\/p>\n<p><span style=\"text-decoration: underline;\"><span style=\"font-size: medium;\">\u00daj\u00e9vi vacsora 2017<\/span><\/span><\/p>\n<p>Hagyom\u00e1nyos \u00faj\u00e9vi vacsor\u00e1nkat 2017. janu\u00e1r 13-\u00e9n (p\u00e9ntek) tartjuk.<br \/>\nA helysz\u00edn: Akad\u00e9mia Klub<br \/>\n1051 Bp. Sz\u00e9chenyi Istv\u00e1n t\u00e9r 9.<br \/>\n\u00c9rkez\u00e9s: 18:30 \u00e9s 19:00 k\u00f6z\u00f6tt.<br \/>\nA vacsora kezd\u00e9si id\u0151pontja: 19 \u00f3ra.<br \/>\nKedvcsin\u00e1l\u00f3nak csatoljuk az \u00e9tterem <a href=\"http:\/\/actuary.hu\/weblap2\/wp-content\/uploads\/0113-Magyar-Aktu\u00e1rius-T\u00e1rsas\u00e1g_Tagoknak.doc\">ismertet\u0151j\u00e9t<\/a>.<\/p>\n<p>R\u00e9szv\u00e9teli d\u00edj: 4500 Ft\/f\u0151.<br \/>\nBefizet\u00e9s: banki \u00e1tutal\u00e1ssal a Magyar Aktu\u00e1rius T\u00e1rsas\u00e1g sz\u00e1mlasz\u00e1m\u00e1ra:<br \/>\n10405004-50515150-57571007. A banki \u00e1tutal\u00e1s k\u00f6zlem\u00e9ny rovat\u00e1ba be kell \u00edrni, hogy V\/2017. Az adminisztr\u00e1ci\u00f3 megk\u00f6nny\u00edt\u00e9se \u00e9rdek\u00e9ben k\u00e9rj\u00fck, hogy a banki \u00e1tutal\u00e1son szerepeljen:<br \/>\n&#8211; a jelentkez\u0151 neve (keresztneve is), amennyiben nem k\u00e9r \u00c1F\u00c1-s sz\u00e1ml\u00e1t,<br \/>\n&#8211; annak a c\u00e9gnek a neve, amelyre a sz\u00e1ml\u00e1t k\u00e9rte, amennyiben k\u00e9r \u00c1F\u00c1-s sz\u00e1ml\u00e1t.<br \/>\nHa valaki sz\u00e1ml\u00e1t ig\u00e9nyel, a sz\u00e1mla a vacsora helysz\u00edn\u00e9n vehet\u0151 \u00e1t.<br \/>\nJelentkez\u00e9s az al\u00e1bbi linken:<br \/>\n<a href=\"http:\/\/www.actuary.hu\/weblap\/Ujevi_vacsora_jelentkezes\/jelentkezes.php\">http:\/\/www.actuary.hu\/weblap\/Ujevi_vacsora_jelentkezes\/jelentkezes.php<\/a><\/p>\n<p>Jelentkez\u00e9si hat\u00e1rid\u0151: 2017. janu\u00e1r 5.<\/p>\n<p>Ezen id\u0151pontot k\u00f6vet\u0151en a jelentkez\u00e9s t\u00f6rl\u00e9se eset\u00e9n a r\u00e9szv\u00e9teli d\u00edjat ki kell fizetni. <\/p>\n<p>V\u00e1rjuk a tagt\u00e1rsak \u00e9s a tagjel\u00f6ltek jelentkez\u00e9s\u00e9t!<br \/>\n<\/p>\n<p><span style=\"text-decoration: underline;\"><span style=\"font-size: medium;\">\u00daj\u00e9vi vacsora 2016<\/span><\/span><\/p>\n<p>Hagyom\u00e1nyos \u00faj\u00e9vi vacsor\u00e1nkat 2016. janu\u00e1r 8-\u00e1n (p\u00e9ntek) tartjuk.<br \/>\nA helysz\u00edn: NU Bisztr\u00f3<br \/>\nBudapest, Ter\u00e9z k\u00f6r\u00fat 55-57., Eiffel t\u00e9r<\/p>\n<p>A vacsora kezd\u00e9si id\u0151pontja: 18 \u00f3ra.<br \/>\nR\u00e9szv\u00e9teli d\u00edj a tavalyival azonos: 4500 Ft\/f\u0151.<br \/>\nBefizet\u00e9s: banki \u00e1tutal\u00e1ssal a Magyar Aktu\u00e1rius T\u00e1rsas\u00e1g sz\u00e1mlasz\u00e1m\u00e1ra:<br \/>\n10405004-50515150-57571007. A banki \u00e1tutal\u00e1s k\u00f6zlem\u00e9ny rovat\u00e1ba be kell \u00edrni, hogy V\/2016.<br \/>\nAz adminisztr\u00e1ci\u00f3 megk\u00f6nny\u00edt\u00e9se \u00e9rdek\u00e9ben k\u00e9rj\u00fck, hogy a banki \u00e1tutal\u00e1son szerepeljen:<br \/>\n   &#8211; a jelentkez\u0151 neve (keresztneve is), amennyiben nem k\u00e9r \u00c1F\u00c1-s sz\u00e1ml\u00e1t,<br \/>\n   &#8211; annak a c\u00e9gnek a neve, amelyre a sz\u00e1ml\u00e1t k\u00e9rte, amennyiben k\u00e9r \u00c1F\u00c1-s sz\u00e1ml\u00e1t.<br \/>\nHa valaki sz\u00e1ml\u00e1t ig\u00e9nyel, a sz\u00e1mla a vacsora helysz\u00edn\u00e9n vehet\u0151 \u00e1t.<br \/>\nJelentkez\u00e9s az al\u00e1bbi linken:<br \/>\n<a href=\"http:\/\/www.actuary.hu\/weblap\/Ujevi_vacsora_jelentkezes\/jelentkezes.php\">http:\/\/www.actuary.hu\/weblap\/Ujevi_vacsora_jelentkezes\/jelentkezes.php<\/a><br \/>\nJelentkez\u00e9si hat\u00e1rid\u0151: 2016. janu\u00e1r 2. 17:00<\/p>\n<p>Ezen id\u0151pontot k\u00f6vet\u0151en minden tov\u00e1bbi v\u00e1ltoztat\u00e1st (lemond\u00e1s, jelentkez\u00e9s m\u00f3dos\u00edt\u00e1sa) a r\u00e9szv\u00e9teli d\u00edjra vonatkoz\u00f3 100% k\u00f6tb\u00e9r ellen\u00e9ben tudunk csak elfogadni.<\/p>\n<p>Tekintettel a rendk\u00edv\u00fcl korai jelentkez\u00e9si hat\u00e1rid\u0151re, \u00e9s arra, hogy h\u00e9tv\u00e9g\u00e9re esik, a k\u00e9s\u0151bbi kellemetlens\u00e9gek elker\u00fcl\u00e9se v\u00e9gett k\u00e9rj\u00fck a fokozott figyelmet a hat\u00e1rid\u0151 betart\u00e1s\u00e1ra, \u00e9s k\u00e9rj\u00fck tov\u00e1bb\u00e1, hogy koll\u00e9g\u00e1ik figyelm\u00e9t is h\u00edvj\u00e1k fel erre.<\/p>\n<p>V\u00e1rjuk a tagt\u00e1rsak \u00e9s a tagjel\u00f6ltek jelentkez\u00e9s\u00e9t!<br \/>\n<\/p>\n<p><span style=\"text-decoration: underline;\"><span style=\"font-size: medium;\">\u00daj\u00e9vi vacsora 2015<\/span><\/span><\/p>\n<p>Hagyom\u00e1nyos \u00faj\u00e9vi vacsor\u00e1nkat 2015. janu\u00e1r 9-\u00e9n (p\u00e9ntek) tartjuk.<br \/>\nA helysz\u00edn: AURUM Bistro, 1051 Bp. Zr\u00ednyi u.5.<br \/>\nA vacsora kezd\u00e9si id\u0151pontja: 19 \u00f3ra.   R\u00e9szv\u00e9teli d\u00edj tavalyhoz k\u00e9pest kedvez\u0151bb: 4500 Ft\/f\u0151.<br \/>\nBefizet\u00e9s: banki \u00e1tutal\u00e1ssal a Magyar Aktu\u00e1rius T\u00e1rsas\u00e1g sz\u00e1mlasz\u00e1m\u00e1ra:<br \/>\n10405004-50515150-57571007. A banki \u00e1tutal\u00e1s k\u00f6zlem\u00e9ny rovat\u00e1ba be kell \u00edrni, hogy V\/2015. Az adminisztr\u00e1ci\u00f3 megk\u00f6nny\u00edt\u00e9se \u00e9rdek\u00e9ben k\u00e9rj\u00fck, hogy a banki \u00e1tutal\u00e1son szerepeljen:<br \/>\n&#8211; a jelentkez\u0151 neve (keresztneve is), amennyiben nem k\u00e9r \u00c1F\u00c1-s sz\u00e1ml\u00e1t,<br \/>\n&#8211; annak a c\u00e9gnek a neve, amelyre a sz\u00e1ml\u00e1t k\u00e9rte, amennyiben k\u00e9r \u00c1F\u00c1-s sz\u00e1ml\u00e1t.<br \/>\nHa valaki sz\u00e1ml\u00e1t ig\u00e9nyel, a sz\u00e1mla a vacsora helysz\u00edn\u00e9n vehet\u0151 \u00e1t.<br \/>\nJelentkez\u00e9s <a href=\"http:\/\/www.actuary.hu\/weblap\/Ujevi_vacsora_jelentkezes\/jelentkezes.php\">itt<\/a>.<br \/>\nJelentkez\u00e9si hat\u00e1rid\u0151: 2015. janu\u00e1r 5. 17:00<br \/>\nEzen id\u0151pontot k\u00f6vet\u0151en a jelentkez\u00e9s t\u00f6rl\u00e9se eset\u00e9n a r\u00e9szv\u00e9teli d\u00edjat ki kell fizetni.<br \/>\n<br \/>\n<span style=\"text-decoration: underline;\"><span style=\"font-size: medium;\">\u00daj\u00e9vi vacsora 2014<\/span><\/span><\/p>\n<p>Hagyom\u00e1nyos \u00faj\u00e9vi vacsor\u00e1nkat 2014. janu\u00e1r 10-\u00e9n (p\u00e9ntek) tartjuk.<br \/>\nA helysz\u00edn: V\u00e9nhaj\u00f3 \u00c9tterem<br \/>\n1051 Bp. Vigad\u00f3 t\u00e9r 2-es kik\u00f6t\u0151, a\u00a0 L\u00e1nch\u00edd mellett kik\u00f6t\u00f6tt els\u0151 haj\u00f3 (nem az Akad\u00e9mia oldalon, hanem a Vigad\u00f3 t\u00e9r fel\u00e9, de praktikusan a L\u00e1nch\u00eddn\u00e1l).<br \/>\nA vacsora kezd\u00e9si id\u0151pontja: 19 \u00f3ra.<br \/>\nR\u00e9szv\u00e9teli d\u00edj: 5000 Ft\/f\u00f5.<br \/>\nBefizet\u00e9s: banki \u00e1tutal\u00e1ssal a Magyar Aktu\u00e1rius T\u00e1rsas\u00e1g sz\u00e1mlasz\u00e1m\u00e1ra:<br \/>\n10405004-50515150-57571007. A banki \u00e1tutal\u00e1s k\u00f6zlem\u00e9ny rovat\u00e1ba be kell \u00edrni, hogy V\/2014. Az adminisztr\u00e1ci\u00f3 megk\u00f6nny\u00edt\u00e9se \u00e9rdek\u00e9ben k\u00e9rj\u00fck, hogy a banki \u00e1tutal\u00e1son szerepeljen:<br \/>\n&#8211; a jelentkez\u0151 neve (keresztneve is), amennyiben nem k\u00e9r \u00c1F\u00c1-s sz\u00e1ml\u00e1t,<br \/>\n&#8211; annak a c\u00e9gnek a neve, amelyre a sz\u00e1ml\u00e1t k\u00e9rte, amennyiben k\u00e9r \u00c1F\u00c1-s sz\u00e1ml\u00e1t.<br \/>\nHa valaki sz\u00e1ml\u00e1t ig\u00e9nyel, a sz\u00e1mla a vacsora helysz\u00edn\u00e9n vehet\u0151 \u00e1t.<br \/>\nJelentkez\u00e9s <strong><span style=\"color: #0000ff;\">itt<\/span><\/strong>.\u00a0\u00a0\u00a0\u00a0\u00a0\u00a0\u00a0\u00a0\u00a0\u00a0 Jelentkez\u00e9si hat\u00e1rid\u0151: 2014. janu\u00e1r 7.<br \/>\nEzen id\u0151pontot k\u00f6vet\u0151en nem tudunk sem \u00faj jelentkez\u00e9st elfogadni, sem m\u00e1r leadott jelentkez\u00e9st t\u00f6r\u00f6lni. Teh\u00e1t aki jelentkezik, \u00e9s a jelentkez\u00e9s\u00e9t nem t\u00f6rli janu\u00e1r 7-ig, annak a teljes r\u00e9szv\u00e9teli d\u00edjat ki kell fizetnie, f\u00fcggetlen\u00fcl att\u00f3l, hogy ott van-e a vacsor\u00e1n.<\/p>\n","protected":false},"excerpt":{"rendered":"<p>\u00daj\u00e9vi vacsora 2018 Hagyom\u00e1nyos \u00faj\u00e9vi vacsor\u00e1nkat 2018. janu\u00e1r 12-\u00e9n (p\u00e9ntek) tartjuk. A helysz\u00edn: Symbol Budapest, Art Gallery Rendezv\u00e9nyterem 1036 Bp. B\u00e9csi \u00fat 56. A vacsora kezd\u00e9si id\u0151pontja: 19:30 \u00f3ra. Parkol\u00f3helyeket [&hellip;]<\/p>\n","protected":false},"author":2,"featured_media":0,"parent":155,"menu_order":30,"comment_status":"open","ping_status":"open","template":"","meta":{"footnotes":""},"_links":{"self":[{"href":"http:\/\/actuary.hu\/weblap2\/wp-json\/wp\/v2\/pages\/168"}],"collection":[{"href":"http:\/\/actuary.hu\/weblap2\/wp-json\/wp\/v2\/pages"}],"about":[{"href":"http:\/\/actuary.hu\/weblap2\/wp-json\/wp\/v2\/types\/page"}],"author":[{"embeddable":true,"href":"http:\/\/actuary.hu\/weblap2\/wp-json\/wp\/v2\/users\/2"}],"replies":[{"embeddable":true,"href":"http:\/\/actuary.hu\/weblap2\/wp-json\/wp\/v2\/comments?post=168"}],"version-history":[{"count":12,"href":"http:\/\/actuary.hu\/weblap2\/wp-json\/wp\/v2\/pages\/168\/revisions"}],"predecessor-version":[{"id":3009,"href":"http:\/\/actuary.hu\/weblap2\/wp-json\/wp\/v2\/pages\/168\/revisions\/3009"}],"up":[{"embeddable":true,"href":"http:\/\/actuary.hu\/weblap2\/wp-json\/wp\/v2\/pages\/155"}],"wp:attachment":[{"href":"http:\/\/actuary.hu\/weblap2\/wp-json\/wp\/v2\/media?parent=168"}],"curies":[{"name":"wp","href":"https:\/\/api.w.org\/{rel}","templated":true}]}}