{"id":170,"date":"2013-10-01T18:03:58","date_gmt":"2013-10-01T16:03:58","guid":{"rendered":"http:\/\/actuary.hu\/weblap2\/?page_id=170"},"modified":"2017-10-16T20:22:02","modified_gmt":"2017-10-16T18:22:02","slug":"mat-kirandulas","status":"publish","type":"page","link":"http:\/\/actuary.hu\/weblap2\/rendezvenyek\/mat-szervezes\/mat-kirandulas\/","title":{"rendered":"MAT kir\u00e1ndul\u00e1s"},"content":{"rendered":"<p><span style=\"text-decoration: underline;\"><span style=\"font-size: medium;\">2017. \u00e9vi MAT kir\u00e1ndul\u00e1s<\/span><\/span><\/p>\n<p>A 2017. \u00e9vi MAT kir\u00e1ndul\u00e1s id\u0151pontja 2017. okt\u00f3ber 28. A csatolt <a href=\"http:\/\/actuary.hu\/weblap2\/wp-content\/uploads\/MAT-\u0151szi-kir\u00e1ndul\u00e1s-2017.docx\">dokumentum<\/a> tartalmazza r\u00e9szleteket.<\/p>\n<p><span style=\"text-decoration: underline;\"><span style=\"font-size: medium;\">2015. \u00e9vi MAT kir\u00e1ndul\u00e1s<\/span><\/span><\/p>\n<p>Az idei kir\u00e1ndul\u00e1s id\u0151pontja: okt\u00f3ber 11. A tervezett \u00fatvonal a k\u00f6vetkez\u0151:<br \/>\nA cs\u00f6m\u00f6ri H\u00c9V v\u00e9g\u00e1llom\u00e1s\u00e1t\u00f3l indulunk a s\u00e1rga n\u00e9gyzeten a Hungaroring fel\u00e9. Majd a s\u00e1rga plusz, a sima s\u00e1rga \u00e1s a M\u00e1ria \u00fat jelz\u00e9sen vissza,<br \/>\nEz kb. 10 km \/a t\u00e9rk\u00e9pen z\u00f6lddel jel\u00f6lt szakasz kihagyhat\u00f3, akkor csak kb. 8 km :-)\/. Szintk\u00fcl\u00f6nbs\u00e9g nem nagyon lesz. Mell\u00e9kelten k\u00fcld\u00f6m az \u00fatvonalat.<\/p>\n<p>Az indul\u00e1s 10:00-kor lenne a cs\u00f6m\u00f6ri H\u00c9V v\u00e9g\u00e1llom\u00e1s\u00e1t\u00f3l. Menetrend itt tal\u00e1lhat\u00f3:<br \/>\nOda: <a href=\"http:\/\/www.bkk.hu\/apps\/menetrend\/pdf\/6150\/20140329\/b.pdf\">http:\/\/www.bkk.hu\/apps\/menetrend\/pdf\/6150\/20140329\/b.pdf<\/a><br \/>\nVissza: <a href=\"http:\/\/www.bkk.hu\/apps\/menetrend\/pdf\/6150\/20140329\/d.pdf\">http:\/\/www.bkk.hu\/apps\/menetrend\/pdf\/6150\/20140329\/d.pdf<\/a><\/p>\n<p>A t\u00fara ut\u00e1n a Z\u00f6ldfa Vend\u00e9gl\u0151ben lenne a szabadon v\u00e1lasztott eb\u00e9del\u00e9si lehet\u0151s\u00e9g, ahol vas\u00e1rnaponk\u00e9nt 15 \u00f3r\u00e1ig sv\u00e9dasztalos lehet\u0151s\u00e9g is van az a&#8217;la carte-on k\u00edv\u00fcl. Ez kb. 4 perc s\u00e9ta a H\u00c9V \u00e1llom\u00e1st\u00f3l. A weblapjuk az al\u00e1bbi c\u00edmen \u00e9rhet\u0151 el:<br \/>\n<a href=\"http:\/\/www.zoldfavendeglo.hu\/index.php\">http:\/\/www.zoldfavendeglo.hu\/index.php<\/a><\/p>\n<p>Az eb\u00e9delni v\u00e1gy\u00f3kat arra k\u00e9rn\u00e9m, hogy legk\u00e9s\u0151bb j\u00f6v\u0151 h\u00e9t keddig (okt\u00f3ber 6.) jelezzenek vissza a pasztor.mse@gmail.com c\u00edmre, hogy lefoglalhassam a helyeket.<\/p>\n<p><span style=\"text-decoration: underline;\"><span style=\"font-size: medium;\">2013. \u00e9vi MAT kir\u00e1ndul\u00e1s<\/span><\/span><\/p>\n<table border=\"0\">\n<tbody>\n<tr>\n<td><a href=\"http:\/\/actuary.hu\/weblap2\/wp-content\/uploads\/Meghivo.pdf\">Megh\u00edv\u00f3<\/a><\/td>\n<td style=\"width: 28px;\"><\/td>\n<td>F\u00e9nyk\u00e9pek<\/td>\n<\/tr>\n<\/tbody>\n<\/table>\n<p><span style=\"text-decoration: underline;\"><span style=\"font-size: medium;\">2012. \u00e9vi MAT kir\u00e1ndul\u00e1s<\/span><\/span><\/p>\n<table border=\"0\">\n<tbody>\n<tr>\n<td>Megh\u00edv\u00f3<\/td>\n<td style=\"width: 28px;\"><\/td>\n<td>F\u00e9nyk\u00e9pek<\/td>\n<\/tr>\n<\/tbody>\n<\/table>\n","protected":false},"excerpt":{"rendered":"<p>2017. \u00e9vi MAT kir\u00e1ndul\u00e1s A 2017. \u00e9vi MAT kir\u00e1ndul\u00e1s id\u0151pontja 2017. okt\u00f3ber 28. A csatolt dokumentum tartalmazza r\u00e9szleteket. 2015. \u00e9vi MAT kir\u00e1ndul\u00e1s Az idei kir\u00e1ndul\u00e1s id\u0151pontja: okt\u00f3ber 11. A tervezett [&hellip;]<\/p>\n","protected":false},"author":2,"featured_media":0,"parent":155,"menu_order":40,"comment_status":"open","ping_status":"open","template":"","meta":{"footnotes":""},"_links":{"self":[{"href":"http:\/\/actuary.hu\/weblap2\/wp-json\/wp\/v2\/pages\/170"}],"collection":[{"href":"http:\/\/actuary.hu\/weblap2\/wp-json\/wp\/v2\/pages"}],"about":[{"href":"http:\/\/actuary.hu\/weblap2\/wp-json\/wp\/v2\/types\/page"}],"author":[{"embeddable":true,"href":"http:\/\/actuary.hu\/weblap2\/wp-json\/wp\/v2\/users\/2"}],"replies":[{"embeddable":true,"href":"http:\/\/actuary.hu\/weblap2\/wp-json\/wp\/v2\/comments?post=170"}],"version-history":[{"count":26,"href":"http:\/\/actuary.hu\/weblap2\/wp-json\/wp\/v2\/pages\/170\/revisions"}],"predecessor-version":[{"id":2925,"href":"http:\/\/actuary.hu\/weblap2\/wp-json\/wp\/v2\/pages\/170\/revisions\/2925"}],"up":[{"embeddable":true,"href":"http:\/\/actuary.hu\/weblap2\/wp-json\/wp\/v2\/pages\/155"}],"wp:attachment":[{"href":"http:\/\/actuary.hu\/weblap2\/wp-json\/wp\/v2\/media?parent=170"}],"curies":[{"name":"wp","href":"https:\/\/api.w.org\/{rel}","templated":true}]}}