{"id":178,"date":"2013-10-01T18:09:09","date_gmt":"2013-10-01T16:09:09","guid":{"rendered":"http:\/\/actuary.hu\/weblap2\/?page_id=178"},"modified":"2016-10-22T19:15:32","modified_gmt":"2016-10-22T17:15:32","slug":"eseti-rendezvenyek","status":"publish","type":"page","link":"http:\/\/actuary.hu\/weblap2\/rendezvenyek\/mat-szervezes\/eseti-rendezvenyek\/","title":{"rendered":"Eseti rendezv\u00e9nyek"},"content":{"rendered":"<p>Kedves Tagt\u00e1rsak!<\/p>\n<p>A MAT 25 \u00e9ves sz\u00fclet\u00e9snapj\u00e1t meg\u00fcnnepelend\u0151 egy konferenci\u00e1t szervez\u00fcnk. A konferenci\u00e1n a r\u00e9szv\u00e9tel ingyenes, de regisztr\u00e1ci\u00f3hoz k\u00f6t\u00f6tt. Regisztr\u00e1lni a k\u00f6vetkez\u0151 helyen tudtok: <a href=\"http:\/\/goo.gl\/forms\/1jZz8Ci5mk\">http:\/\/goo.gl\/forms\/1jZz8Ci5mk<\/a>.<\/p>\n<p>Eml\u00e9keztet\u0151\u00fcl a konferencia el\u0151ad\u00f3inak list\u00e1ja: Chris Daykin, Han\u00e1k G\u00e1bor, Juhos Andr\u00e1s, Kov\u00e1cs Erzs\u00e9bet, Nagy Kopp\u00e1ny, Pandurics Anett.<br \/>\nV\u00e1runk titeket a Corvinus Egyetem III. el\u0151ad\u00f3j\u00e1ban 2016. febru\u00e1r 18-\u00e1n 14 \u00f3rakor.<\/p>\n<p>\u00dcdv\u00f6zlettel<br \/>\nHorv\u00e1th Gyula<\/p>\n<p>A szervez\u0151bizotts\u00e1g eln\u00f6ke    <\/p>\n<p>Az el\u0151ad\u00e1s anyagai:<br \/>\n<a href=\"http:\/\/actuary.hu\/weblap2\/wp-content\/uploads\/MAT25_HanakGabor.pdf\">Han\u00e1k G\u00e1bor<\/a><br \/>\n<a href=\"http:\/\/actuary.hu\/weblap2\/wp-content\/uploads\/MAT25_JuhosAndras.pdf\">Juhos Andr\u00e1s<\/a><br \/>\n<a href=\"http:\/\/actuary.hu\/weblap2\/wp-content\/uploads\/MAT25_KovacsErzsebet.pdf\">Kov\u00e1cs Erzs\u00e9bet<\/a><br \/>\n<a href=\"http:\/\/actuary.hu\/weblap2\/wp-content\/uploads\/MAT25_PanduricsAnett.pdf\">Pandurics Anett<\/a><\/p>\n","protected":false},"excerpt":{"rendered":"<p>Kedves Tagt\u00e1rsak! A MAT 25 \u00e9ves sz\u00fclet\u00e9snapj\u00e1t meg\u00fcnnepelend\u0151 egy konferenci\u00e1t szervez\u00fcnk. A konferenci\u00e1n a r\u00e9szv\u00e9tel ingyenes, de regisztr\u00e1ci\u00f3hoz k\u00f6t\u00f6tt. Regisztr\u00e1lni a k\u00f6vetkez\u0151 helyen tudtok: http:\/\/goo.gl\/forms\/1jZz8Ci5mk. Eml\u00e9keztet\u0151\u00fcl a konferencia el\u0151ad\u00f3inak list\u00e1ja: [&hellip;]<\/p>\n","protected":false},"author":2,"featured_media":0,"parent":155,"menu_order":60,"comment_status":"open","ping_status":"open","template":"","meta":{"footnotes":""},"_links":{"self":[{"href":"http:\/\/actuary.hu\/weblap2\/wp-json\/wp\/v2\/pages\/178"}],"collection":[{"href":"http:\/\/actuary.hu\/weblap2\/wp-json\/wp\/v2\/pages"}],"about":[{"href":"http:\/\/actuary.hu\/weblap2\/wp-json\/wp\/v2\/types\/page"}],"author":[{"embeddable":true,"href":"http:\/\/actuary.hu\/weblap2\/wp-json\/wp\/v2\/users\/2"}],"replies":[{"embeddable":true,"href":"http:\/\/actuary.hu\/weblap2\/wp-json\/wp\/v2\/comments?post=178"}],"version-history":[{"count":10,"href":"http:\/\/actuary.hu\/weblap2\/wp-json\/wp\/v2\/pages\/178\/revisions"}],"predecessor-version":[{"id":2189,"href":"http:\/\/actuary.hu\/weblap2\/wp-json\/wp\/v2\/pages\/178\/revisions\/2189"}],"up":[{"embeddable":true,"href":"http:\/\/actuary.hu\/weblap2\/wp-json\/wp\/v2\/pages\/155"}],"wp:attachment":[{"href":"http:\/\/actuary.hu\/weblap2\/wp-json\/wp\/v2\/media?parent=178"}],"curies":[{"name":"wp","href":"https:\/\/api.w.org\/{rel}","templated":true}]}}