{"id":3232,"date":"2018-05-29T20:03:53","date_gmt":"2018-05-29T18:03:53","guid":{"rendered":"http:\/\/actuary.hu\/weblap2\/?page_id=3232"},"modified":"2020-12-15T20:45:32","modified_gmt":"2020-12-15T19:45:32","slug":"adatkezelesi-tajekoztato","status":"publish","type":"page","link":"http:\/\/actuary.hu\/weblap2\/tarsasag\/adatkezelesi-tajekoztato\/","title":{"rendered":"Adatkezel\u00e9si t\u00e1j\u00e9koztat\u00f3"},"content":{"rendered":"<p>A Magyar Aktu\u00e1rius T\u00e1rsas\u00e1g <a href=\"http:\/\/actuary.hu\/weblap2\/wp-content\/uploads\/MAT_ADATKEZELESI-ES-ADATVEDELMI-SZABALYZAT_MKB_20201215_clean.pdf\">Adatv\u00e9delmi t\u00e1j\u00e9koztat\u00f3ja<\/a><\/p>\n","protected":false},"excerpt":{"rendered":"<p>A Magyar Aktu\u00e1rius T\u00e1rsas\u00e1g Adatv\u00e9delmi t\u00e1j\u00e9koztat\u00f3ja<\/p>\n","protected":false},"author":2,"featured_media":0,"parent":14,"menu_order":8,"comment_status":"closed","ping_status":"closed","template":"","meta":{"footnotes":""},"_links":{"self":[{"href":"http:\/\/actuary.hu\/weblap2\/wp-json\/wp\/v2\/pages\/3232"}],"collection":[{"href":"http:\/\/actuary.hu\/weblap2\/wp-json\/wp\/v2\/pages"}],"about":[{"href":"http:\/\/actuary.hu\/weblap2\/wp-json\/wp\/v2\/types\/page"}],"author":[{"embeddable":true,"href":"http:\/\/actuary.hu\/weblap2\/wp-json\/wp\/v2\/users\/2"}],"replies":[{"embeddable":true,"href":"http:\/\/actuary.hu\/weblap2\/wp-json\/wp\/v2\/comments?post=3232"}],"version-history":[{"count":6,"href":"http:\/\/actuary.hu\/weblap2\/wp-json\/wp\/v2\/pages\/3232\/revisions"}],"predecessor-version":[{"id":4458,"href":"http:\/\/actuary.hu\/weblap2\/wp-json\/wp\/v2\/pages\/3232\/revisions\/4458"}],"up":[{"embeddable":true,"href":"http:\/\/actuary.hu\/weblap2\/wp-json\/wp\/v2\/pages\/14"}],"wp:attachment":[{"href":"http:\/\/actuary.hu\/weblap2\/wp-json\/wp\/v2\/media?parent=3232"}],"curies":[{"name":"wp","href":"https:\/\/api.w.org\/{rel}","templated":true}]}}