{"id":3295,"date":"2018-08-10T07:09:19","date_gmt":"2018-08-10T05:09:19","guid":{"rendered":"http:\/\/actuary.hu\/weblap2\/?page_id=3295"},"modified":"2020-02-22T11:07:02","modified_gmt":"2020-02-22T10:07:02","slug":"matinee","status":"publish","type":"page","link":"http:\/\/actuary.hu\/weblap2\/rendezvenyek\/mat-szervezes\/matinee\/","title":{"rendered":"MATinee"},"content":{"rendered":"<p><span style=\"text-decoration: underline;\"><span style=\"font-size: medium;\">3. MAT IFRS Kerekasztal<\/span><\/span><\/p>\n<table border=\"0\">\n<tbody>\n<tr>\n<td><a href=\"http:\/\/actuary.hu\/weblap2\/wp-content\/uploads\/Megh\u00edv\u00f3-MAT-Kerekasztal-besz\u00e9lget\u00e9s-IFRS17_20200220_v2.pdf\">Megh\u00edv\u00f3<\/a><\/td>\n<td style=\"width: 28px;\"><\/td>\n<td><a href=\"http:\/\/actuary.hu\/weblap2\/wp-content\/uploads\/Program-MAT-Kerekasztal-besz\u00e9lget\u00e9s-IFRS17_20200220_v3.pdf\">Program<\/a><\/td>\n<\/tr>\n<\/tbody>\n<\/table>\n<p><\/p>\n<table border=\"0\">\n<tbody>\n<tr>\n<td style=\"width: 28px;\"><\/td>\n<td><a href=\"http:\/\/actuary.hu\/weblap2\/wp-content\/uploads\/Interim-reporting.pdf\">Zubor Zolt\u00e1n: Az interim jelent\u00e9sek saj\u00e1tos kezel\u00e9se<\/a><\/td>\n<\/tr>\n<tr>\n<td style=\"width: 28px;\"><\/td>\n<td><a href=\"http:\/\/actuary.hu\/weblap2\/wp-content\/uploads\/Mutualization-MRA.pdf\">Mutualisation\u00a0a gyakorlatban<\/a><\/td>\n<\/tr>\n<tr>\n<td style=\"width: 28px;\"><\/td>\n<td><a href=\"http:\/\/actuary.hu\/weblap2\/wp-content\/uploads\/Loss-component-amortiz\u00e1ci\u00f3ja.pdf\">Zubor Zolt\u00e1n: Loss component amortiz\u00e1ci\u00f3ja<\/a><\/td>\n<\/tr>\n<tr>\n<td style=\"width: 28px;\"><\/td>\n<td><a href=\"http:\/\/actuary.hu\/weblap2\/wp-content\/uploads\/Order-of-calculation_2.pdf\">Zubor Zolt\u00e1n: Kalkul\u00e1ci\u00f3s sorrend \u2013 CF-el\u0151revet\u00edt\u00e9s z\u00e1rolt hozamg\u00f6rb\u00e9vel<\/a><\/td>\n<\/tr>\n<\/tbody>\n<\/table>\n<p><span style=\"text-decoration: underline;\"><span style=\"font-size: medium;\">2. MAT IFRS Kerekasztal<\/span><\/span><\/p>\n<table border=\"0\">\n<tbody>\n<tr>\n<td><a href=\"http:\/\/actuary.hu\/weblap2\/wp-content\/uploads\/Megh\u00edv\u00f3-MAT-Kerekasztal-besz\u00e9lget\u00e9s-IFRS17_20191125_v1.pdf\">Megh\u00edv\u00f3<\/a><\/td>\n<td style=\"width: 28px;\"><\/td>\n<td><a href=\"http:\/\/actuary.hu\/weblap2\/wp-content\/uploads\/Program-MAT-Kerekasztal-besz\u00e9lget\u00e9s-IFRS17_20191125_v1.pdf\">Program<\/a><\/td>\n<\/tr>\n<\/tbody>\n<\/table>\n<p><\/p>\n<table border=\"0\">\n<tbody>\n<tr>\n<td style=\"width: 28px;\"><\/td>\n<td><a href=\"http:\/\/actuary.hu\/weblap2\/wp-content\/uploads\/MAT_IFRS17_kerekasztal_besz\u00e9lget\u00e9s_felvezet\u0151_GA.pdf\">Mikort\u00f3l meddig biztos\u00edt\u00e1si cash-flow egy cash-flow?<\/a><\/td>\n<\/tr>\n<tr>\n<td style=\"width: 28px;\"><\/td>\n<td><a href=\"http:\/\/actuary.hu\/weblap2\/wp-content\/uploads\/biztos\u00edt\u00e1s_e_2.pdf\">Zubor Zolt\u00e1n: Egy szerz\u0151d\u00e9s mikor tekinthet\u0151 biztos\u00edt\u00e1snak IFRS 17 alatt?<\/a><\/td>\n<\/tr>\n<\/tbody>\n<\/table>\n<p><span style=\"text-decoration: underline;\"><span style=\"font-size: medium;\">2019. \u00e9vi MATinee<\/span><\/span><\/p>\n<table border=\"0\">\n<tbody>\n<tr>\n<td><a href=\"http:\/\/actuary.hu\/weblap2\/wp-content\/uploads\/MATinee_2019_Megh\u00edv\u00f3.doc\">Megh\u00edv\u00f3<\/a><\/td>\n<td style=\"width: 28px;\"><\/td>\n<td><a href=\"http:\/\/actuary.hu\/weblap2\/wp-content\/uploads\/MATinee_2019_Program.pdf\">Program<\/a><\/td>\n<\/tr>\n<tr>\n<td><a href=\"http:\/\/actuary.hu\/weblap2\/wp-content\/uploads\/La-Vida-Parkol\u00e1s.jpg\">Helysz\u00edn megk\u00f6zel\u00edthet\u0151s\u00e9g<\/a><\/td>\n<td style=\"width: 28px;\"><\/td>\n<td><a href=\"http:\/\/actuary.hu\/weblap2\/wp-content\/uploads\/Megk\u00f6zel\u00edthet\u0151s\u00e9g_La-Vida-LOFT.jpg\">Helysz\u00edn parkol\u00e1s<\/a><\/td>\n<\/tr>\n<\/tbody>\n<\/table>\n<p><\/p>\n<table border=\"0\">\n<tbody>\n<tr>\n<td style=\"width: 28px;\"><\/td>\n<td><a href=\"http:\/\/actuary.hu\/weblap2\/wp-content\/uploads\/WTW_IFRS17_EnterpriseSolution_MAT_Final.pdf\">Kasza Gergely: WTW IFRS 17 Enterprise Solution<\/a><\/td>\n<\/tr>\n<tr>\n<td style=\"width: 28px;\"><\/td>\n<td><a href=\"http:\/\/actuary.hu\/weblap2\/wp-content\/uploads\/PS-FVA.pdf\">Zubor Zolt\u00e1n: PS szerz\u0151d\u00e9sek \u00e9rt\u00e9kel\u00e9se VFA-va<\/a><\/td>\n<\/tr>\n<tr>\n<td style=\"width: 28px;\"><\/td>\n<td><a href=\"http:\/\/actuary.hu\/weblap2\/wp-content\/uploads\/biztos\u00edt\u00e1s_e.pdf\">Zubor Zolt\u00e1n: Egy szerz\u0151d\u00e9s mikor tekinthet\u0151 biztos\u00edt\u00e1snak IFRS 17 alatt?<\/a><\/td>\n<\/tr>\n<tr>\n<td style=\"width: 28px;\"><\/td>\n<td><a href=\"http:\/\/actuary.hu\/weblap2\/wp-content\/uploads\/Kock\u00e1zati-kiigaz\u00edt\u00e1s-IFRS17-MAT_TSZ_2019-MATinee_2019_20190919_2.pdf\">Szab\u00f3 Zolt\u00e1n \u00e9s V\u00e1gi Bal\u00e1zs: Kock\u00e1zati kiigaz\u00edt\u00e1s IFRS17<\/a><\/td>\n<\/tr>\n<\/tbody>\n<\/table>\n<p><span style=\"text-decoration: underline;\"><span style=\"font-size: medium;\">2018. \u00e9vi MATinee<\/span><\/span><\/p>\n<table border=\"0\">\n<tbody>\n<tr>\n<td><a href=\"http:\/\/actuary.hu\/weblap2\/wp-content\/uploads\/MATinee_2018_Invitation_2.pdf\">Megh\u00edv\u00f3<\/a><\/td>\n<td style=\"width: 28px;\"><\/td>\n<td><a href=\"http:\/\/actuary.hu\/weblap2\/wp-content\/uploads\/MATinee_2018_Program.pdf\">Program<\/a><\/td>\n<\/tr>\n<\/tbody>\n<\/table>\n<p><\/p>\n<table border=\"0\">\n<tbody>\n<tr>\n<td><a href=\"http:\/\/actuary.hu\/weblap2\/wp-content\/uploads\/01-Dr.-Jonas-Kaiser-Complex-Reinsurance-and-Risk-Transfer-pub.pdf\">Dr. Jonas Kaiser: Complex Reinsurance and Risk Transfer<\/a><\/td>\n<td style=\"width: 28px;\"><\/td>\n<td><a href=\"http:\/\/actuary.hu\/weblap2\/wp-content\/uploads\/02-Dr.-Martin-Huthmann-Andreas-Schaefli-Contingent-Reinsurance-Solutions-pub.pdf\">Marta Romejko, Dr. Martin Huthmann, Andreas Schaefli: Contingent Reinsurance Solutions<\/a><\/td>\n<td style=\"width: 28px;\"><\/td>\n<td><a href=\"http:\/\/actuary.hu\/weblap2\/wp-content\/uploads\/03-Barbara-Blasel-Capital-Motivated-Life-Reinsurance-in-a-Changing-Framework_pub.pdf\">Barbara Blasel: Capital Motivated Life Reinsurance in a Changing Framework<\/a><\/td>\n<\/tr>\n<\/tbody>\n<\/table>\n","protected":false},"excerpt":{"rendered":"<p>3. MAT IFRS Kerekasztal Megh\u00edv\u00f3 Program Zubor Zolt\u00e1n: Az interim jelent\u00e9sek saj\u00e1tos kezel\u00e9se Mutualisation\u00a0a gyakorlatban Zubor Zolt\u00e1n: Loss component amortiz\u00e1ci\u00f3ja Zubor Zolt\u00e1n: Kalkul\u00e1ci\u00f3s sorrend \u2013 CF-el\u0151revet\u00edt\u00e9s z\u00e1rolt hozamg\u00f6rb\u00e9vel 2. MAT [&hellip;]<\/p>\n","protected":false},"author":2,"featured_media":0,"parent":155,"menu_order":0,"comment_status":"closed","ping_status":"closed","template":"","meta":{"footnotes":""},"_links":{"self":[{"href":"http:\/\/actuary.hu\/weblap2\/wp-json\/wp\/v2\/pages\/3295"}],"collection":[{"href":"http:\/\/actuary.hu\/weblap2\/wp-json\/wp\/v2\/pages"}],"about":[{"href":"http:\/\/actuary.hu\/weblap2\/wp-json\/wp\/v2\/types\/page"}],"author":[{"embeddable":true,"href":"http:\/\/actuary.hu\/weblap2\/wp-json\/wp\/v2\/users\/2"}],"replies":[{"embeddable":true,"href":"http:\/\/actuary.hu\/weblap2\/wp-json\/wp\/v2\/comments?post=3295"}],"version-history":[{"count":20,"href":"http:\/\/actuary.hu\/weblap2\/wp-json\/wp\/v2\/pages\/3295\/revisions"}],"predecessor-version":[{"id":4025,"href":"http:\/\/actuary.hu\/weblap2\/wp-json\/wp\/v2\/pages\/3295\/revisions\/4025"}],"up":[{"embeddable":true,"href":"http:\/\/actuary.hu\/weblap2\/wp-json\/wp\/v2\/pages\/155"}],"wp:attachment":[{"href":"http:\/\/actuary.hu\/weblap2\/wp-json\/wp\/v2\/media?parent=3295"}],"curies":[{"name":"wp","href":"https:\/\/api.w.org\/{rel}","templated":true}]}}