{"id":6,"date":"2012-10-29T10:54:49","date_gmt":"2012-10-29T09:54:49","guid":{"rendered":"http:\/\/actuary.hu\/weblap2\/?page_id=6"},"modified":"2020-12-05T17:38:51","modified_gmt":"2020-12-05T16:38:51","slug":"kapcsolat","status":"publish","type":"page","link":"http:\/\/actuary.hu\/weblap2\/kapcsolat\/","title":{"rendered":"Kapcsolat"},"content":{"rendered":"<table border=\"0\" align=\"left\">\n<tbody>\n<tr>\n<td>\u00dcgyvezet\u0151:<\/td>\n<td style=\"width: 8px;\"><\/td>\n<td>Rib\u00e9nyi \u00c1kos<\/td>\n<td style=\"width: 8px;\"><\/td>\n<td><a href=\"mailto:president@actuary.hu\">president@actuary.hu<\/a><\/td>\n<\/tr>\n<tr style=\"height: 8px;\">\n<td><\/td>\n<td style=\"width: 8px;\"><\/td>\n<td><\/td>\n<td style=\"width: 8px;\"><\/td>\n<td><\/td>\n<\/tr>\n<tr>\n<td>Vezet\u0151s\u00e9g:<\/td>\n<td style=\"width: 8px;\"><\/td>\n<td>Borza G\u00e1bor<\/td>\n<td style=\"width: 8px;\"><\/td>\n<td><a href=\"ugyvez@actuary.hu\">ugyvez@actuary.hu<\/a><\/td>\n<\/tr>\n<tr>\n<td><\/td>\n<td style=\"width: 8px;\"><\/td>\n<td>Kov\u00e1cs Judit<\/td>\n<td style=\"width: 8px;\"><\/td>\n<td><\/td>\n<\/tr>\n<tr>\n<td><\/td>\n<td style=\"width: 8px;\"><\/td>\n<td>P\u00e1sztor Ferenc G\u00e1bor<\/td>\n<td style=\"width: 8px;\"><\/td>\n<td><\/td>\n<\/tr>\n<tr>\n<td><\/td>\n<td style=\"width: 8px;\"><\/td>\n<td>Soml\u00f3in\u00e9 Tusn\u00e1dy Paula<\/td>\n<td style=\"width: 8px;\"><\/td>\n<td><\/td>\n<\/tr>\n<tr>\n<td><\/td>\n<td style=\"width: 8px;\"><\/td>\n<td>Szab\u00f3 Zolt\u00e1n L\u00e1szl\u00f3<\/td>\n<td style=\"width: 8px;\"><\/td>\n<td><\/td>\n<\/tr>\n<tr>\n<td>p\u00f3ttag:<\/td>\n<td style=\"width: 8px;\"><\/td>\n<td>Hutv\u00e1gner Ivett<\/td>\n<td style=\"width: 8px;\"><\/td>\n<td><\/td>\n<\/tr>\n<tr style=\"height: 8px;\">\n<td><\/td>\n<td style=\"width: 8px;\"><\/td>\n<td><\/td>\n<td style=\"width: 8px;\"><\/td>\n<td><\/td>\n<\/tr>\n<tr>\n<td>Titk\u00e1r:<\/td>\n<td style=\"width: 8px;\"><\/td>\n<td>Varga Tam\u00e1s<\/td>\n<td style=\"width: 8px;\"><\/td>\n<td><a href=\"mailto:secretary@actuary.hu\">secretary@actuary.hu<\/a><\/td>\n<\/tr>\n<tr style=\"height: 8px;\">\n<td><\/td>\n<td style=\"width: 8px;\"><\/td>\n<td><\/td>\n<td style=\"width: 8px;\"><\/td>\n<td><\/td>\n<\/tr>\n<tr>\n<td>Fel\u00fcgyel\u0151 Bizotts\u00e1g:<\/td>\n<td style=\"width: 8px;\"><\/td>\n<td>Ker\u00e9nyi Istv\u00e1n<\/td>\n<td style=\"width: 8px;\"><\/td>\n<td><a href=\"mailto:fb@actuary.hu\">fb@actuary.hu<\/a><\/td>\n<\/tr>\n<tr>\n<td><\/td>\n<td style=\"width: 8px;\"><\/td>\n<td>Marczi Erika<\/td>\n<td style=\"width: 8px;\"><\/td>\n<td><\/td>\n<\/tr>\n<tr>\n<td><\/td>\n<td style=\"width: 8px;\"><\/td>\n<td>P\u00e9li \u00c1rp\u00e1d<\/td>\n<td style=\"width: 8px;\"><\/td>\n<td><\/td>\n<\/tr>\n<tr>\n<td>p\u00f3ttag:<\/td>\n<td style=\"width: 8px;\"><\/td>\n<td>Hauer Judit<\/td>\n<td style=\"width: 8px;\"><\/td>\n<td><\/td>\n<\/tr>\n<\/tbody>\n<\/table>\n<p>&nbsp;<\/p>\n<p>&nbsp;<\/p>\n<p>&nbsp;<\/p>\n<p>&nbsp;<\/p>\n<p>&nbsp;<\/p>\n<p>&nbsp;<\/p>\n<p>&nbsp;<\/p>\n<p>&nbsp;<\/p>\n<p>&nbsp;<\/p>\n<p><span style=\"text-decoration: underline;\">Sz\u00e1ml\u00e1z\u00e1si \u00e9s levelez\u00e9si c\u00edm:<\/span><br \/>\nMagyar Aktu\u00e1rius T\u00e1rsas\u00e1g<br \/>\n1062 Budapest, Andr\u00e1ssy \u00fat 93.<br \/>\nAd\u00f3sz\u00e1m: 18076712-1-42<\/p>\n<p>Ha a honlappal kapcsolatos b\u00e1rmilyen \u00e9szrev\u00e9telt szeretne tenni:<br \/>\n\u2013 p\u00e9ld\u00e1ul ha elavultt\u00e1 v\u00e1lt b\u00e1rmely a honlapon szerepl\u0151 inform\u00e1ci\u00f3,<br \/>\n\u2013 vagy szeretne valamilyen inform\u00e1ci\u00f3t k\u00f6zz\u00e9tenni,<br \/>\nk\u00e9rj\u00fck k\u00fcldje level\u00e9t <a href=\"mailto:postmaster@actuary.hu\">postmaster@actuary.hu<\/a> email c\u00edmre.<\/p>\n","protected":false},"excerpt":{"rendered":"<p>\u00dcgyvezet\u0151: Rib\u00e9nyi \u00c1kos president@actuary.hu Vezet\u0151s\u00e9g: Borza G\u00e1bor ugyvez@actuary.hu Kov\u00e1cs Judit P\u00e1sztor Ferenc G\u00e1bor Soml\u00f3in\u00e9 Tusn\u00e1dy Paula Szab\u00f3 Zolt\u00e1n L\u00e1szl\u00f3 p\u00f3ttag: Hutv\u00e1gner Ivett Titk\u00e1r: Varga Tam\u00e1s secretary@actuary.hu Fel\u00fcgyel\u0151 Bizotts\u00e1g: Ker\u00e9nyi Istv\u00e1n [&hellip;]<\/p>\n","protected":false},"author":1,"featured_media":0,"parent":0,"menu_order":0,"comment_status":"open","ping_status":"open","template":"","meta":{"footnotes":""},"_links":{"self":[{"href":"http:\/\/actuary.hu\/weblap2\/wp-json\/wp\/v2\/pages\/6"}],"collection":[{"href":"http:\/\/actuary.hu\/weblap2\/wp-json\/wp\/v2\/pages"}],"about":[{"href":"http:\/\/actuary.hu\/weblap2\/wp-json\/wp\/v2\/types\/page"}],"author":[{"embeddable":true,"href":"http:\/\/actuary.hu\/weblap2\/wp-json\/wp\/v2\/users\/1"}],"replies":[{"embeddable":true,"href":"http:\/\/actuary.hu\/weblap2\/wp-json\/wp\/v2\/comments?post=6"}],"version-history":[{"count":36,"href":"http:\/\/actuary.hu\/weblap2\/wp-json\/wp\/v2\/pages\/6\/revisions"}],"predecessor-version":[{"id":4440,"href":"http:\/\/actuary.hu\/weblap2\/wp-json\/wp\/v2\/pages\/6\/revisions\/4440"}],"wp:attachment":[{"href":"http:\/\/actuary.hu\/weblap2\/wp-json\/wp\/v2\/media?parent=6"}],"curies":[{"name":"wp","href":"https:\/\/api.w.org\/{rel}","templated":true}]}}