{"id":82,"date":"2013-10-30T20:29:03","date_gmt":"2013-10-30T19:29:03","guid":{"rendered":"http:\/\/actuary.hu\/weblap2\/?page_id=82"},"modified":"2020-12-03T14:07:11","modified_gmt":"2020-12-03T13:07:11","slug":"allashirdetesek","status":"publish","type":"page","link":"http:\/\/actuary.hu\/weblap2\/tarsasag\/allashirdetesek\/","title":{"rendered":"\u00c1ll\u00e1shirdet\u00e9sek"},"content":{"rendered":"<p><span style=\"text-decoration: underline\"><span style=\"font-size: medium\">2020.12.03. Senior \u00e1raz\u00f3 aktu\u00e1rius &#8211; Future Talents<\/span><\/span><\/p>\n<table border=\"0\">\n<tbody>\n<tr>\n<td><a href=\"http:\/\/actuary.hu\/weblap2\/wp-content\/uploads\/Senior_arazo_aktuarius_Casco_terulet_2020.pdf\">Senior \u00e1raz\u00f3 aktu\u00e1rius<\/a><\/td>\n<\/tr>\n<\/tbody>\n<\/table>\n<p><span style=\"text-decoration: underline\"><span style=\"font-size: medium\">2020.10.27. Senior actuary &#8211; Deloitte<\/span><\/span><\/p>\n<table border=\"0\">\n<tbody>\n<tr>\n<td><a href=\"http:\/\/actuary.hu\/weblap2\/wp-content\/uploads\/Senior-Actuary-at-Deloitte-Actuarial-Advisory_2020.pdf\">Senior Actuary<\/a><\/td>\n<\/tr>\n<\/tbody>\n<\/table>\n<p><span style=\"text-decoration: underline\"><span style=\"font-size: medium\">2020.10.25. Aktu\u00e1rius &#8211; Allianz<\/span><\/span><\/p>\n<table border=\"0\">\n<tbody>\n<tr>\n<td><a href=\"http:\/\/actuary.hu\/weblap2\/wp-content\/uploads\/2020_10_25_Kulso_hirdetes_aktuarius.pdf\">Aktu\u00e1rius<\/a><\/td>\n<\/tr>\n<\/tbody>\n<\/table>\n<p><span style=\"text-decoration: underline\"><span style=\"font-size: medium\">2020.09.03. Senior \u00e1raz\u00f3 aktu\u00e1rius<\/span><\/span><\/p>\n<table border=\"0\">\n<tbody>\n<tr>\n<td><a href=\"http:\/\/actuary.hu\/weblap2\/wp-content\/uploads\/2020_09_03_Senior_\u00e1raz\u00f3_aktu\u00e1rius.docx\">Szenior \u00e1raz\u00f3 aktu\u00e1rius<\/a><\/td>\n<\/tr>\n<\/tbody>\n<\/table>\n<p><span style=\"text-decoration: underline\"><span style=\"font-size: medium\">2020.07.21. PwC<\/span><\/span><\/p>\n<table border=\"0\">\n<tbody>\n<tr>\n<td><a href=\"http:\/\/actuary.hu\/weblap2\/wp-content\/uploads\/PwC_junior-aktu\u00e1rius_20200720.pdf\">Junior aktu\u00e1rius<\/a><\/td>\n<\/tr>\n<tr>\n<td><a href=\"http:\/\/actuary.hu\/weblap2\/wp-content\/uploads\/PwC_senior_actuary_20200720.pdf\">Senior actuary<\/a><\/td>\n<\/tr>\n<\/tbody>\n<\/table>\n<p><span style=\"text-decoration: underline\"><span style=\"font-size: medium\">2020.07.14. Uniqa<\/span><\/span><\/p>\n<table border=\"0\">\n<tbody>\n<tr>\n<td><a href=\"http:\/\/actuary.hu\/weblap2\/wp-content\/uploads\/SZENIOR-\u00c1RAZ\u00d3-AKTU\u00c1RIUS_2020_07.pdf\">Szenior \u00e1raz\u00f3 aktu\u00e1rius<\/a><\/td>\n<\/tr>\n<\/tbody>\n<\/table>\n<p><span style=\"text-decoration: underline\"><span style=\"font-size: medium\">2020.06.22. Groupama<\/span><\/span><\/p>\n<table border=\"0\">\n<tbody>\n<tr>\n<td><a href=\"http:\/\/actuary.hu\/weblap2\/wp-content\/uploads\/2020_07_02_Groupama_nem_elet_aktuarius_allas.docx\">Nem \u00e9let aktu\u00e1rius<\/a><\/td>\n<\/tr>\n<\/tbody>\n<\/table>\n<p><span style=\"text-decoration: underline\"><span style=\"font-size: medium\">2020.06.22. Posta<\/span><\/span><\/p>\n<table border=\"0\">\n<tbody>\n<tr>\n<td><a href=\"http:\/\/actuary.hu\/weblap2\/wp-content\/uploads\/2020_06_22_Senior_aktu\u00e1rius_\u00e1ll\u00e1shirdet\u00e9s_ifrs17.docx\">Senior aktu\u00e1rius IFRS17<\/a><\/td>\n<\/tr>\n<\/tbody>\n<\/table>\n<p><span style=\"text-decoration: underline\"><span style=\"font-size: medium\">2020.06.11. NN<\/span><\/span><\/p>\n<table border=\"0\">\n<tbody>\n<tr>\n<td><a href=\"http:\/\/actuary.hu\/weblap2\/wp-content\/uploads\/2020_06_11_Non-Life_Senior_Aktu\u00e1rius_NN_Biztos\u00edt\u00f3_2020.pdf\">Nem-\u00e9let senior aktu\u00e1rius<\/a><\/td>\n<\/tr>\n<tr>\n<td><a href=\"http:\/\/actuary.hu\/weblap2\/wp-content\/uploads\/2020_06_11_Risk_Manager_NN_Biztos\u00edt\u00f3_2020.pdf\">Risk Manager<\/a><\/td>\n<\/tr>\n<\/tbody>\n<\/table>\n<p><span style=\"text-decoration: underline\"><span style=\"font-size: medium\">2020.06.10. Allianz<\/span><\/span><\/p>\n<table border=\"0\">\n<tbody>\n<tr>\n<td><a href=\"http:\/\/actuary.hu\/weblap2\/wp-content\/uploads\/2020_06_10_Allianz_K\u00fcls\u0151_hirdet\u00e9s_Aktu\u00e1rius.pdf\">Aktu\u00e1rius (\u00e9let)<\/a><\/td>\n<\/tr>\n<tr>\n<td><a href=\"http:\/\/actuary.hu\/weblap2\/wp-content\/uploads\/2020_06_10_Allianz_K\u00fcls\u0151_hirdet\u00e9s_Aktu\u00e1rius_RM_eng.pdf\">(Senior) Aktu\u00e1rius \/ Risk Manager<\/a><\/td>\n<\/tr>\n<\/tbody>\n<\/table>\n<p><span style=\"text-decoration: underline\"><span style=\"font-size: medium\">2020.06.05. Tesla<\/span><\/span><\/p>\n<table style=\"border-collapse: collapse;width: 100%;height: 39px\">\n<tbody>\n<tr style=\"height: 13px\">\n<td style=\"width: 85%;height: 13px\">Program Manager [Actuary], Insurance Pricing &amp; Data<\/td>\n<td style=\"width: 15%;height: 13px\"><a href=\"https:\/\/www.tesla.com\/careers\/job\/program-managerinsurancepricingdata-63652?redirect=no\">link<\/a><\/td>\n<\/tr>\n<tr style=\"height: 13px\">\n<td style=\"width: 85%;height: 13px\">Program Manager, Insurance Product &amp; Underwriting (for European market, likely based in Germany)<\/td>\n<td style=\"width: 15%;height: 13px\"><a href=\"https:\/\/www.tesla.com\/careers\/job\/program-managerinsuranceproductunderwritingeurope-63651?redirect=no\">link<\/a><\/td>\n<\/tr>\n<tr style=\"height: 13px\">\n<td style=\"width: 85%;height: 13px\">Program Manager, Insurance Product &amp; Underwriting (for United Kingdom market)<\/td>\n<td style=\"width: 15%;height: 13px\"><a href=\"https:\/\/www.tesla.com\/careers\/job\/program-managerinsuranceproductunderwritinguk-63649?redirect=no\">link<\/a><\/td>\n<\/tr>\n<\/tbody>\n<\/table>\n<p>H\u00e1tt\u00e9r inform\u00e1ci\u00f3: <a href=\"http:\/\/actuary.hu\/weblap2\/wp-content\/uploads\/2020_06_07_TESLA_Needs_Actuaries.docx\">TESLA Needs Actuaries<\/a><\/p>\n<p><span style=\"text-decoration: underline\"><span style=\"font-size: medium\">2020.06.05. Deloitte<\/span><\/span><\/p>\n<table border=\"0\">\n<tbody>\n<tr>\n<td><a href=\"http:\/\/actuary.hu\/weblap2\/wp-content\/uploads\/Deloitte_Actuary_Senior-Consultant-1.pdf\">Senior Consultant &#8211; Actuarial Advisory<\/a><\/td>\n<\/tr>\n<\/tbody>\n<\/table>\n<p><span style=\"text-decoration: underline\"><span style=\"font-size: medium\">2020.06.03. Agilis \u00e1raz\u00f3 aktu\u00e1rius (nem-\u00e9let)<\/span><\/span><\/p>\n<table border=\"0\">\n<tbody>\n<tr>\n<td><a href=\"http:\/\/actuary.hu\/weblap2\/wp-content\/uploads\/2020_06_03_Agilis-\u00e1raz\u00f3-aktu\u00e1rius.pdf\">Agilis \u00e1raz\u00f3 aktu\u00e1rius<\/a><\/td>\n<\/tr>\n<\/tbody>\n<\/table>\n<p><span style=\"text-decoration: underline\"><span style=\"font-size: medium\">2020.06.02. CIG Pann\u00f3nia<\/span><\/span><\/p>\n<table border=\"0\">\n<tbody>\n<tr>\n<td><a href=\"http:\/\/actuary.hu\/weblap2\/wp-content\/uploads\/2020_06_02_CIG_Pannonia_Aktuarius.pdf\">CIG Pannonia Aktuarius<\/a><\/td>\n<\/tr>\n<\/tbody>\n<\/table>\n<p><span style=\"text-decoration: underline\"><span style=\"font-size: medium\">2020.05.26. NN RAS<\/span><\/span><\/p>\n<table style=\"border-collapse: collapse;width: 100%;height: 188px\">\n<tbody>\n<tr style=\"height: 26px\">\n<td style=\"width: 33.3333%;height: 26px\">Junior Aktu\u00e1rius<\/td>\n<td style=\"width: 33.3333%;height: 26px\"><a href=\"https:\/\/karrier.nn.hu\/allas\/junior-aktuarius-2562\/0\/b0561e5c38d72f7d8991ea6e4742d5a4\">link<\/a><\/td>\n<td style=\"width: 33.3333%;height: 26px\"><a href=\"http:\/\/actuary.hu\/weblap2\/wp-content\/uploads\/2020_06_16_NN_RAS_Junior-Aktu\u00e1rius_2020.docx\">Junior aktu\u00e1rius<\/a><\/td>\n<\/tr>\n<tr style=\"height: 47px\">\n<td style=\"width: 33.3333%;height: 47px\">Actuarial Analyst \u2013 Economic Scenario Generation<\/td>\n<td style=\"width: 33.3333%;height: 47px\"><a href=\"https:\/\/karrier.nn.hu\/allas\/actuarial-analyst-economic-scenario-generation-2557\/0\/9dcac7d626d87d6ba88e52033e70404d\">link<\/a><\/td>\n<td style=\"width: 33.3333%;height: 47px\"><a href=\"http:\/\/actuary.hu\/weblap2\/wp-content\/uploads\/2020_06_16_NN_RAS_Actuarail-Analyst-ESG_2020.docx\">Actuarial Analyst &#8211; ESG<\/a><\/td>\n<\/tr>\n<tr style=\"height: 23px\">\n<td style=\"width: 33.3333%;height: 23px\">Junior Quantitative Analyst<\/td>\n<td style=\"width: 33.3333%;height: 23px\"><a href=\"https:\/\/karrier.nn.hu\/allas\/junior-quantitative-analyst-2559\/0\/e73be780e09891bad9d3ddb666481e4a\">link<\/a><\/td>\n<td style=\"width: 33.3333%;height: 23px\"><a href=\"http:\/\/actuary.hu\/weblap2\/wp-content\/uploads\/2020_06_16_NN_RAS_Junior-Quantitative-Analyst_2020.docx\">Junior Quantitative Analyst<\/a><\/td>\n<\/tr>\n<tr style=\"height: 23px\">\n<td style=\"width: 33.3333%;height: 23px\">Model Validator &#8211; Insurance focus<\/td>\n<td style=\"width: 33.3333%;height: 23px\"><a href=\"https:\/\/karrier.nn.hu\/allas\/model-validation-insurance-focus-2555\/0\/f0a46b015557ea678f4eb6e6e9f34619\">link<\/a><\/td>\n<td style=\"width: 33.3333%;height: 23px\"><a href=\"http:\/\/actuary.hu\/weblap2\/wp-content\/uploads\/2020_06_16_NN_RAS_Model-Validation-Insurance_2020.docx\">Model Validation &#8211; Insurance<\/a><\/td>\n<\/tr>\n<tr style=\"height: 23px\">\n<td style=\"width: 33.3333%;height: 23px\">Modelling Actuary<\/td>\n<td style=\"width: 33.3333%;height: 23px\"><a href=\"https:\/\/karrier.nn.hu\/allas\/modelling-actuary-2556\/0\/4c005fe28f1e343c0fb698337a725d83\">link<\/a><\/td>\n<td style=\"width: 33.3333%;height: 23px\"><a href=\"http:\/\/actuary.hu\/weblap2\/wp-content\/uploads\/2020_06_16_NN_RAS_Modelling-Actuary_2020.docx\">Modelling Actuary<\/a><\/td>\n<\/tr>\n<tr style=\"height: 23px\">\n<td style=\"width: 33.3333%;height: 23px\">Quantitative Developer<\/td>\n<td style=\"width: 33.3333%;height: 23px\"><a href=\"https:\/\/karrier.nn.hu\/allas\/quantitative-developer-2560\/0\/a13e7a462f68bdc36bc75874b6f5bbb3\">link<\/a><\/td>\n<td style=\"width: 33.3333%;height: 23px\"><a href=\"http:\/\/actuary.hu\/weblap2\/wp-content\/uploads\/2020_06_16_NN_RAS_Quantitative-Developer_2020.docx\">Quantitative Developer<\/a><\/td>\n<\/tr>\n<tr style=\"height: 23px\">\n<td style=\"width: 33.3333%;height: 23px\">Senior Consulting Actuary<\/td>\n<td style=\"width: 33.3333%;height: 23px\"><a href=\"https:\/\/karrier.nn.hu\/allas\/senior-consulting-actuary-2563\/0\/86ac02dc4a1e2a2f368bc21795a19df8\">link<\/a><\/td>\n<td style=\"width: 33.3333%;height: 23px\"><a href=\"http:\/\/actuary.hu\/weblap2\/wp-content\/uploads\/2020_06_16_NN_RAS_Senior-Consulting-Actuary_2020.docx\">Senior Consulting Actuary<\/a><\/td>\n<\/tr>\n<\/tbody>\n<\/table>\n<p><span style=\"text-decoration: underline\"><span style=\"font-size: medium\">2020.05.08. Aegon<\/span><\/span><\/p>\n<table border=\"0\">\n<tbody>\n<tr>\n<td><a href=\"http:\/\/actuary.hu\/weblap2\/wp-content\/uploads\/Aegon_\u00c9let_aktu\u00e1rius_MAT.pdf\">\u00c9let aktu\u00e1rius<\/a><\/td>\n<\/tr>\n<\/tbody>\n<\/table>\n<p><span style=\"text-decoration: underline\"><span style=\"font-size: medium\">2020.04.27. Aegon<\/span><\/span><\/p>\n<table border=\"0\">\n<tbody>\n<tr>\n<td><a href=\"http:\/\/actuary.hu\/weblap2\/wp-content\/uploads\/Aegon_\u00c9let_\u00e1raz\u00f3_aktu\u00e1rius_MAT.pdf\">Aktu\u00e1rius<\/a><\/td>\n<\/tr>\n<\/tbody>\n<\/table>\n<p><span style=\"text-decoration: underline\"><span style=\"font-size: medium\">2020.03.02. Aegon<\/span><\/span><\/p>\n<table border=\"0\">\n<tbody>\n<tr>\n<td><a href=\"http:\/\/actuary.hu\/weblap2\/wp-content\/uploads\/Aegon_Kock\u00e1zatkezel\u00e9si_szak\u00e9rt\u0151_MAT.pdf\">Kock\u00e1zatkezel\u00e9si szak\u00e9rt\u0151<\/a><\/td>\n<\/tr>\n<\/tbody>\n<\/table>\n<p><span style=\"text-decoration: underline\"><span style=\"font-size: medium\">2020.02.26. Future Talents Consuting Kft.<\/span><\/span><\/p>\n<table border=\"0\">\n<tbody>\n<tr>\n<td><a href=\"http:\/\/actuary.hu\/weblap2\/wp-content\/uploads\/Senior-\u00e1raz\u00f3-aktu\u00e1rius.pdf\">Senior \u00e1raz\u00f3 aktu\u00e1rius<\/a><\/td>\n<\/tr>\n<\/tbody>\n<\/table>\n<p><span style=\"text-decoration: underline\"><span style=\"font-size: medium\">2020.02.18. Posta Biztos\u00edt\u00f3<\/span><\/span><\/p>\n<table border=\"0\">\n<tbody>\n<tr>\n<td><a href=\"http:\/\/actuary.hu\/weblap2\/wp-content\/uploads\/Posta-Biztos\u00edt\u00f3-Senior-aktu\u00e1rius.pdf\">Senior aktu\u00e1rius<\/a><\/td>\n<\/tr>\n<\/tbody>\n<\/table>\n<p><span style=\"text-decoration: underline\"><span style=\"font-size: medium\">2020.02.10. NN RAS<\/span><\/span><\/p>\n<table border=\"0\">\n<tbody>\n<tr>\n<td><a href=\"http:\/\/actuary.hu\/weblap2\/wp-content\/uploads\/RAS-Quantitative-Risk-Modeller_Modelling-Actuary.pdf\">Quantitative Risk Modeller \/ Modelling Actuary<\/a><\/td>\n<\/tr>\n<tr>\n<td><a href=\"http:\/\/actuary.hu\/weblap2\/wp-content\/uploads\/RAS-Actuarial-Analyst_ESG.pdf\">Actuarial Analyst (ESG)<\/a><\/td>\n<\/tr>\n<tr>\n<td><a href=\"http:\/\/actuary.hu\/weblap2\/wp-content\/uploads\/RAS-Flying-Squad_Senior-Modelling-Actuary.pdf\">Senior Actuary<\/a><\/td>\n<\/tr>\n<tr>\n<td><a href=\"http:\/\/actuary.hu\/weblap2\/wp-content\/uploads\/RAS-Quantitative-Model-Developer.pdf\">Quantitative Model Developer<\/a><\/td>\n<\/tr>\n<\/tbody>\n<\/table>\n<p><span style=\"text-decoration: underline\"><span style=\"font-size: medium\">2020.02.05. Aegon<\/span><\/span><\/p>\n<table border=\"0\">\n<tbody>\n<tr>\n<td><a href=\"http:\/\/actuary.hu\/weblap2\/wp-content\/uploads\/Regional_Senior_Actuary_MAT.pdf\">Regional Senior Actuary<\/a><\/td>\n<\/tr>\n<tr>\n<td><a href=\"http:\/\/actuary.hu\/weblap2\/wp-content\/uploads\/Senior_Model_Validator_MAT.pdf\">Senior Model Validator<\/a><\/td>\n<\/tr>\n<\/tbody>\n<\/table>\n<p><span style=\"text-decoration: underline\"><span style=\"font-size: medium\">2020.02.03. Allianz<\/span><\/span><\/p>\n<table border=\"0\">\n<tbody>\n<tr>\n<td><a href=\"http:\/\/actuary.hu\/weblap2\/wp-content\/uploads\/Allianz_Hung\u00e1ria_\u00c9let_Aktu\u00e1rius.pdf\">Aktu\u00e1rius<\/a><\/td>\n<\/tr>\n<tr>\n<td><a href=\"http:\/\/actuary.hu\/weblap2\/wp-content\/uploads\/Allianz_Hung\u00e1ria_Risk_Aktu\u00e1rius.pdf\">Aktu\u00e1rius (kock\u00e1zatkezel\u00e9s)<\/a><\/td>\n<\/tr>\n<\/tbody>\n<\/table>\n","protected":false},"excerpt":{"rendered":"<p>2020.12.03. Senior \u00e1raz\u00f3 aktu\u00e1rius &#8211; Future Talents Senior \u00e1raz\u00f3 aktu\u00e1rius 2020.10.27. Senior actuary &#8211; Deloitte Senior Actuary 2020.10.25. Aktu\u00e1rius &#8211; Allianz Aktu\u00e1rius 2020.09.03. Senior \u00e1raz\u00f3 aktu\u00e1rius Szenior \u00e1raz\u00f3 aktu\u00e1rius 2020.07.21. [&hellip;]<\/p>\n","protected":false},"author":2,"featured_media":0,"parent":14,"menu_order":0,"comment_status":"open","ping_status":"open","template":"","meta":{"footnotes":""},"_links":{"self":[{"href":"http:\/\/actuary.hu\/weblap2\/wp-json\/wp\/v2\/pages\/82"}],"collection":[{"href":"http:\/\/actuary.hu\/weblap2\/wp-json\/wp\/v2\/pages"}],"about":[{"href":"http:\/\/actuary.hu\/weblap2\/wp-json\/wp\/v2\/types\/page"}],"author":[{"embeddable":true,"href":"http:\/\/actuary.hu\/weblap2\/wp-json\/wp\/v2\/users\/2"}],"replies":[{"embeddable":true,"href":"http:\/\/actuary.hu\/weblap2\/wp-json\/wp\/v2\/comments?post=82"}],"version-history":[{"count":245,"href":"http:\/\/actuary.hu\/weblap2\/wp-json\/wp\/v2\/pages\/82\/revisions"}],"predecessor-version":[{"id":4435,"href":"http:\/\/actuary.hu\/weblap2\/wp-json\/wp\/v2\/pages\/82\/revisions\/4435"}],"up":[{"embeddable":true,"href":"http:\/\/actuary.hu\/weblap2\/wp-json\/wp\/v2\/pages\/14"}],"wp:attachment":[{"href":"http:\/\/actuary.hu\/weblap2\/wp-json\/wp\/v2\/media?parent=82"}],"curies":[{"name":"wp","href":"https:\/\/api.w.org\/{rel}","templated":true}]}}