{"id":94,"date":"2013-10-01T17:05:13","date_gmt":"2013-10-01T15:05:13","guid":{"rendered":"http:\/\/actuary.hu\/weblap2\/?page_id=94"},"modified":"2016-10-22T19:53:01","modified_gmt":"2016-10-22T17:53:01","slug":"oktatas","status":"publish","type":"page","link":"http:\/\/actuary.hu\/weblap2\/szakma\/oktatas\/","title":{"rendered":"Oktat\u00e1s"},"content":{"rendered":"<p>Jelenleg nincs \u00e9rv\u00e9nyes szakmai k\u00f6vetelm\u00e9nyrendszer Magyarorsz\u00e1gon a leend\u0151 aktu\u00e1riusoknak. Ez a k\u00f6zelj\u00f6v\u0151ben egy PM-rendelet hat\u00e1s\u00e1ra v\u00e1rhat\u00f3an rendez\u0151dni fog. A MAT feladat\u00e1nak \u00e9rzi, hogy a jogalkot\u00e1si folyamatban ezir\u00e1ny\u00fa v\u00e9lem\u00e9nye mark\u00e1nsan \u00e9rv\u00e9nyes\u00fclj\u00f6n. Ez\u00e9rt a MAT akt\u00edvan r\u00e9szt vesz a jogi el\u0151k\u00e9sz\u00edt\u00e9sben.<\/p>\n<p>A szakm\u00e1s\u00edt\u00e1s PM rendelet\u00e9nek tervezet\u00e9t egy kor\u00e1bbi MAT k\u00f6zgy\u0171l\u00e9s fogadta el. Az\u00f3ta a tematikai r\u00e9szt a Harmoniz\u00e1ci\u00f3s Bizotts\u00e1g az id\u0151k\u00f6zben kialakult, illetve m\u00f3dosult nemzetk\u00f6zi elv\u00e1r\u00e1soknak megfelel\u0151en igen kism\u00e9rt\u00e9kben \u00e1tdolgozta, a l\u00e9nyeg \u00e9rintetlen\u00fcl hagy\u00e1s\u00e1val. A vizsgarendre vonatkoz\u00f3 szab\u00e1lyoz\u00e1sban mind\u00f6ssze annyi m\u00f3dosult, hogy ahol a r\u00e9gi tervezet IV. d) ill. e) pontja\u00a0<em>&#8222;az egyetemi oktat\u00e1s keret\u00e9ben szervezett&#8221;<\/em>\u00a0k\u00e9pz\u00e9st \u00edrt, ott a mostani tervezet\u00a0<em>&#8222;az egyetemi oktat\u00e1s keret\u00e9ben akkredit\u00e1lt&#8221;<\/em>\u00a0k\u00e9pz\u00e9st \u00edr. <a href='http:\/\/actuary.hu\/weblap2\/wp-content\/uploads\/Rendelet2000_02_29.pdf'>Ezt az anyagot fogadta el az \u00dcgyvezet\u0151s\u00e9g<\/a>.<\/p>\n<p>A szakk\u00e9pes\u00edt\u00e9si rendszer hi\u00e1nya ugyanakkor szerencs\u00e9re nem jelenti azt, hogy haz\u00e1nkban jelenleg egy\u00e1ltal\u00e1n nem lehet aktu\u00e1riusi, biztos\u00edt\u00e1smatematikai ismereteket elsaj\u00e1t\u00edtani. <a href=''>K\u00e9pz\u00e9sek 2005.jan.27<\/a>.<\/p>\n<p>A Biztos\u00edt\u00e1si Szemle 2008. 11-12. sz\u00e1m\u00e1ban megjelent cikk &#8222;<a href='http:\/\/actuary.hu\/weblap2\/wp-content\/uploads\/MSc_Bizt_pu_mat_cikk.pdf'>Aktu\u00e1rius mesterek  k\u00e9pz\u00e9se<\/a>&#8222;.<\/p>\n<p><span style=\"text-decoration: underline;\"><span style=\"font-size: medium;\">Aktu\u00e1rius t\u00e1rgyakat is oktat\u00f3 magyar egyetemek, int\u00e9zetek<\/span><\/span><br \/>\n<a href=\"http:\/\/www.uni-corvinus.hu\/bokcs\">Budapesti Corvinus Egyetem (BCE) Biztos\u00edt\u00e1si Oktat\u00f3 \u00e9s Kutat\u00f3 Csoport<\/a> Budapesti Corvinus Egyetem (BCE) Oper\u00e1ci\u00f3kutat\u00e1s \u00e9s Aktu\u00e1riustudom\u00e1nyok Tansz\u00e9k <\/p>\n<p><a href=\"http:\/\/www.cs.elte.hu\/probability\/common\/index.m.html\">ELTE TTK Val\u00f3sz\u00edn\u0171s\u00e9gelm\u00e9leti \u00e9s Statisztika Tansz\u00e9k<\/a> <\/p>\n<p><span style=\"text-decoration: underline;\"><span style=\"font-size: medium;\">Aktu\u00e1rius oktat\u00e1ssal foglalkoz\u00f3 k\u00fclf\u00f6ldi egyetemek<\/span><\/span><br \/>\n<a href=\"http:\/\/www.ma.hw.ac.uk\/ams.html\">Actuarial Mathematics and Statistics, Heriot-Watt, Edinburgh<\/a><br \/>\n<a href=\"http:\/\/orac.efs.mq.edu.au\/acst\/index.html\">Actuarial Studies and Demography, Macquarie, Sydney<\/a><br \/>\n<a href=\"http:\/\/www.umanitoba.ca\/Actuarial\/actuarial.html\">Actuarial Science, University of Manitoba <\/a> The Warren Centre for Actuarial Studies and Research.<br \/>\n<a href=\"http:\/\/www.ecom.unimelb.edu.au\/actwww\/home.html\">Actuarial Studies, University of Melbourne<\/a><br \/>\n<a href=\"http:\/\/www.city.ac.uk\/actuarial\/\">Department of Actuarial Science and Statistics, City University<\/a><br \/>\n<a href=\"http:\/\/www.act.ulaval.ca\/\">Serveur WWW de l&#8217;Ecole d&#8217;actuariat (Universite Laval, Quebec, Canada)<\/a><br \/>\n<a href=\"http:\/\/www.stat.uiowa.edu\/\">Statistics and Actuarial Science, The University of Iowa<\/a><br \/>\n<a href=\"http:\/\/www.stats.uwaterloo.ca\/Stats_Dept\/homepage.html\">Statistics and Actuarial Science, The University of Waterloo<\/a><br \/>\n<a href=\"http:\/\/balducci.math.ucalgary.ca\/\">Balducci&#8217;s Actuarial Home Page, University of Calgary <\/a> Division of Statistics and Actuarial Science Department of Mathematics and Statistics<br \/>\n<a href=\"http:\/\/www.math.ku.dk\/kufml\/\">Laboratory of Actuarial Mathematics<\/a> &#8211; University of Copenhagen<br \/>\n<a href=\"http:\/\/www.umanitoba.ca\/Actuarial\/actuarial.html\">University of Manitoba<\/a> &#8211; Warren Centre for Actuarial Studies<br \/>\n<a href=\"http:\/\/www.hec.unil.ch\/isa\">University of Lausanne<\/a> Institut de sciences actuarielles (francia, n\u00e9met, angol)<\/p>\n","protected":false},"excerpt":{"rendered":"<p>Jelenleg nincs \u00e9rv\u00e9nyes szakmai k\u00f6vetelm\u00e9nyrendszer Magyarorsz\u00e1gon a leend\u0151 aktu\u00e1riusoknak. Ez a k\u00f6zelj\u00f6v\u0151ben egy PM-rendelet hat\u00e1s\u00e1ra v\u00e1rhat\u00f3an rendez\u0151dni fog. A MAT feladat\u00e1nak \u00e9rzi, hogy a jogalkot\u00e1si folyamatban ezir\u00e1ny\u00fa v\u00e9lem\u00e9nye mark\u00e1nsan \u00e9rv\u00e9nyes\u00fclj\u00f6n. [&hellip;]<\/p>\n","protected":false},"author":2,"featured_media":0,"parent":12,"menu_order":0,"comment_status":"open","ping_status":"open","template":"","meta":{"footnotes":""},"_links":{"self":[{"href":"http:\/\/actuary.hu\/weblap2\/wp-json\/wp\/v2\/pages\/94"}],"collection":[{"href":"http:\/\/actuary.hu\/weblap2\/wp-json\/wp\/v2\/pages"}],"about":[{"href":"http:\/\/actuary.hu\/weblap2\/wp-json\/wp\/v2\/types\/page"}],"author":[{"embeddable":true,"href":"http:\/\/actuary.hu\/weblap2\/wp-json\/wp\/v2\/users\/2"}],"replies":[{"embeddable":true,"href":"http:\/\/actuary.hu\/weblap2\/wp-json\/wp\/v2\/comments?post=94"}],"version-history":[{"count":12,"href":"http:\/\/actuary.hu\/weblap2\/wp-json\/wp\/v2\/pages\/94\/revisions"}],"predecessor-version":[{"id":2220,"href":"http:\/\/actuary.hu\/weblap2\/wp-json\/wp\/v2\/pages\/94\/revisions\/2220"}],"up":[{"embeddable":true,"href":"http:\/\/actuary.hu\/weblap2\/wp-json\/wp\/v2\/pages\/12"}],"wp:attachment":[{"href":"http:\/\/actuary.hu\/weblap2\/wp-json\/wp\/v2\/media?parent=94"}],"curies":[{"name":"wp","href":"https:\/\/api.w.org\/{rel}","templated":true}]}}