{"id":314,"date":"2020-07-05T15:54:10","date_gmt":"2020-07-05T15:54:10","guid":{"rendered":"https:\/\/actuary.hu\/weblap3\/?page_id=314"},"modified":"2020-08-31T19:36:31","modified_gmt":"2020-08-31T19:36:31","slug":"mabisz-szekcio","status":"publish","type":"page","link":"https:\/\/actuary.hu\/weblap3\/szakma\/mabisz-szekcio\/","title":{"rendered":"MABISZ szekci\u00f3"},"content":{"rendered":"\t\t<div data-elementor-type=\"wp-page\" data-elementor-id=\"314\" class=\"elementor elementor-314\">\n\t\t\t\t\t\t<section class=\"elementor-section elementor-top-section elementor-element elementor-element-556da97 elementor-section-boxed elementor-section-height-default elementor-section-height-default\" data-id=\"556da97\" data-element_type=\"section\" data-e-type=\"section\" data-settings=\"{&quot;background_background&quot;:&quot;classic&quot;}\">\n\t\t\t\t\t\t\t<div class=\"elementor-background-overlay\"><\/div>\n\t\t\t\t\t\t\t<div class=\"elementor-container elementor-column-gap-default\">\n\t\t\t\t\t<div class=\"elementor-column elementor-col-100 elementor-top-column elementor-element elementor-element-ebd67c0\" data-id=\"ebd67c0\" data-element_type=\"column\" data-e-type=\"column\">\n\t\t\t<div class=\"elementor-widget-wrap elementor-element-populated\">\n\t\t\t\t\t\t<div class=\"elementor-element elementor-element-e41aa2b elementor-widget elementor-widget-heading\" data-id=\"e41aa2b\" data-element_type=\"widget\" data-e-type=\"widget\" data-widget_type=\"heading.default\">\n\t\t\t\t<div class=\"elementor-widget-container\">\n\t\t\t\t\t<h1 class=\"elementor-heading-title elementor-size-default\">MABISZ tagozat<\/h1>\t\t\t\t<\/div>\n\t\t\t\t<\/div>\n\t\t\t\t\t<\/div>\n\t\t<\/div>\n\t\t\t\t\t<\/div>\n\t\t<\/section>\n\t\t\t\t<section class=\"elementor-section elementor-top-section elementor-element elementor-element-5d79d5f elementor-section-boxed elementor-section-height-default elementor-section-height-default\" data-id=\"5d79d5f\" data-element_type=\"section\" data-e-type=\"section\">\n\t\t\t\t\t\t<div class=\"elementor-container elementor-column-gap-default\">\n\t\t\t\t\t<div class=\"elementor-column elementor-col-100 elementor-top-column elementor-element elementor-element-1239827\" data-id=\"1239827\" data-element_type=\"column\" data-e-type=\"column\">\n\t\t\t<div class=\"elementor-widget-wrap elementor-element-populated\">\n\t\t\t\t\t\t<section class=\"elementor-section elementor-inner-section elementor-element elementor-element-06440d4 elementor-section-boxed elementor-section-height-default elementor-section-height-default\" data-id=\"06440d4\" data-element_type=\"section\" data-e-type=\"section\">\n\t\t\t\t\t\t<div class=\"elementor-container elementor-column-gap-default\">\n\t\t\t\t\t<div class=\"elementor-column elementor-col-50 elementor-inner-column elementor-element elementor-element-627b6f2\" data-id=\"627b6f2\" data-element_type=\"column\" data-e-type=\"column\">\n\t\t\t<div class=\"elementor-widget-wrap elementor-element-populated\">\n\t\t\t\t\t\t<div class=\"elementor-element elementor-element-d45e536 elementor-widget elementor-widget-heading\" data-id=\"d45e536\" data-element_type=\"widget\" data-e-type=\"widget\" data-widget_type=\"heading.default\">\n\t\t\t\t<div class=\"elementor-widget-container\">\n\t\t\t\t\t<h2 class=\"elementor-heading-title elementor-size-default\">A MABISZ aktu\u00e1rius \u00e9s kock\u00e1zatkezel\u00e9si szekci\u00f3ja<\/h2>\t\t\t\t<\/div>\n\t\t\t\t<\/div>\n\t\t\t\t<div class=\"elementor-element elementor-element-9e39282 elementor-widget elementor-widget-text-editor\" data-id=\"9e39282\" data-element_type=\"widget\" data-e-type=\"widget\" data-widget_type=\"text-editor.default\">\n\t\t\t\t<div class=\"elementor-widget-container\">\n\t\t\t\t\t\t\t\t\t<p>A MABISZ szakmai munk\u00e1j\u00e1hoz k\u00fcl\u00f6nb\u00f6z\u0151 <a href=\"https:\/\/mabisz.hu\/bemutatkozas\/\">szekci\u00f3kat, tagozatokat<\/a> \u00fczemeltet<span style=\"font-size: 16px; font-style: normal; font-weight: 400;\">.<\/span><\/p>\t\t\t\t\t\t\t\t<\/div>\n\t\t\t\t<\/div>\n\t\t\t\t\t<\/div>\n\t\t<\/div>\n\t\t\t\t<div class=\"elementor-column elementor-col-50 elementor-inner-column elementor-element elementor-element-eb512f1\" data-id=\"eb512f1\" data-element_type=\"column\" data-e-type=\"column\">\n\t\t\t<div class=\"elementor-widget-wrap elementor-element-populated\">\n\t\t\t\t\t\t<div class=\"elementor-element elementor-element-89a86f7 elementor-widget elementor-widget-image\" data-id=\"89a86f7\" data-element_type=\"widget\" data-e-type=\"widget\" data-widget_type=\"image.default\">\n\t\t\t\t<div class=\"elementor-widget-container\">\n\t\t\t\t\t\t\t\t\t\t\t\t\t\t\t\t<a href=\"https:\/\/mabisz.hu\/\">\n\t\t\t\t\t\t\t<img decoding=\"async\" width=\"300\" height=\"105\" src=\"https:\/\/actuary.hu\/weblap3\/wp-content\/uploads\/2020\/07\/MABISZ-log\u00f3-300x105.png\" class=\"elementor-animation-grow attachment-medium size-medium wp-image-451\" alt=\"\" srcset=\"https:\/\/actuary.hu\/weblap3\/wp-content\/uploads\/2020\/07\/MABISZ-log\u00f3-300x105.png 300w, https:\/\/actuary.hu\/weblap3\/wp-content\/uploads\/2020\/07\/MABISZ-log\u00f3-768x270.png 768w, https:\/\/actuary.hu\/weblap3\/wp-content\/uploads\/2020\/07\/MABISZ-log\u00f3.png 911w\" sizes=\"(max-width: 300px) 100vw, 300px\" \/>\t\t\t\t\t\t\t\t<\/a>\n\t\t\t\t\t\t\t\t\t\t\t\t\t\t\t<\/div>\n\t\t\t\t<\/div>\n\t\t\t\t\t<\/div>\n\t\t<\/div>\n\t\t\t\t\t<\/div>\n\t\t<\/section>\n\t\t\t\t<div class=\"elementor-element elementor-element-c7c5fd2 elementor-widget elementor-widget-heading\" data-id=\"c7c5fd2\" data-element_type=\"widget\" data-e-type=\"widget\" data-widget_type=\"heading.default\">\n\t\t\t\t<div class=\"elementor-widget-container\">\n\t\t\t\t\t<h2 class=\"elementor-heading-title elementor-size-default\">Az Aktu\u00e1riusi szekci\u00f3 feladatai<\/h2>\t\t\t\t<\/div>\n\t\t\t\t<\/div>\n\t\t\t\t<div class=\"elementor-element elementor-element-1fdb3d4 elementor-widget elementor-widget-text-editor\" data-id=\"1fdb3d4\" data-element_type=\"widget\" data-e-type=\"widget\" data-widget_type=\"text-editor.default\">\n\t\t\t\t<div class=\"elementor-widget-container\">\n\t\t\t\t\t\t\t\t\t<p>\u2013 a Mabisz alapszab\u00e1ly\u00e1ban \u00e9s a K\u00f6zgy\u0171l\u00e9s hat\u00e1rozataiban foglaltak megval\u00f3s\u00edt\u00e1sa az \u00e9ves munkaterv alapj\u00e1n,<br \/>\u2013 \u00e1ll\u00e1sfoglal\u00e1sok kialak\u00edt\u00e1sa k\u00f6z\u00f6s szakmai k\u00e9rd\u00e9sekben,<br \/>\u2013 d\u00f6nt\u00e9shozatal a Mabisz szervei \u00e1ltal r\u00e1ruh\u00e1zott k\u00e9rd\u00e9sekben,<br \/>\u2013 javaslatt\u00e9tel jogi szab\u00e1lyoz\u00e1sra, a jogszab\u00e1ly-tervezetekkel kapcsolatos v\u00e9lem\u00e9nyez\u00e9si, javaslatt\u00e9teli jogok gyakorl\u00e1sa,<br \/>\u2013 k\u00f6z\u00f6s szab\u00e1lyzatok, megold\u00e1sok kidolgoz\u00e1sa \u00e9s m\u0171k\u00f6dtet\u00e9se,<br \/>\u2013 \u00e1ll\u00e1sfoglal\u00e1s kialak\u00edt\u00e1sa az aktu\u00e1riusi ter\u00fcletet \u00e9rint\u0151 speci\u00e1lis \u00fcgyekben,<br \/>\u2013 elj\u00e1r\u00e1s minden olyan \u00fcgyben, amelyet a test\u00fcletek az ASZ hat\u00e1sk\u00f6r\u00e9be utaltak,<br \/>\u2013 egy\u00fcttm\u0171k\u00f6d\u00e9s a Magyar Aktu\u00e1rius T\u00e1rsas\u00e1ggal<br \/>\u2013 szekci\u00f3 a kock\u00e1zatkezel\u00e9ssel kapcsolatos k\u00e9rd\u00e9sekkel is foglalkozik<\/p>\t\t\t\t\t\t\t\t<\/div>\n\t\t\t\t<\/div>\n\t\t\t\t\t<\/div>\n\t\t<\/div>\n\t\t\t\t\t<\/div>\n\t\t<\/section>\n\t\t\t\t<section class=\"elementor-section elementor-top-section elementor-element elementor-element-c912de2 elementor-section-boxed elementor-section-height-default elementor-section-height-default\" data-id=\"c912de2\" data-element_type=\"section\" data-e-type=\"section\">\n\t\t\t\t\t\t<div class=\"elementor-container elementor-column-gap-default\">\n\t\t\t\t\t<div class=\"elementor-column elementor-col-33 elementor-top-column elementor-element elementor-element-c04d5b8\" data-id=\"c04d5b8\" data-element_type=\"column\" data-e-type=\"column\">\n\t\t\t<div class=\"elementor-widget-wrap elementor-element-populated\">\n\t\t\t\t\t\t<div class=\"elementor-element elementor-element-bd50cee elementor-widget elementor-widget-heading\" data-id=\"bd50cee\" data-element_type=\"widget\" data-e-type=\"widget\" data-widget_type=\"heading.default\">\n\t\t\t\t<div class=\"elementor-widget-container\">\n\t\t\t\t\t<h2 class=\"elementor-heading-title elementor-size-default\">Tagjai<\/h2>\t\t\t\t<\/div>\n\t\t\t\t<\/div>\n\t\t\t\t<div class=\"elementor-element elementor-element-b3d21ba elementor-widget elementor-widget-text-editor\" data-id=\"b3d21ba\" data-element_type=\"widget\" data-e-type=\"widget\" data-widget_type=\"text-editor.default\">\n\t\t\t\t<div class=\"elementor-widget-container\">\n\t\t\t\t\t\t\t\t\t<p>A szekci\u00f3ba tagbiztos\u00edt\u00f3k egy-egy tagot deleg\u00e1lhatnak. Az \u00fcl\u00e9seken a deleg\u00e1ltak \u00e1ltal a vezet\u0151 aktu\u00e1riusok \u00e9s vezet\u0151 kock\u00e1zatkezel\u0151k k\u00e9pviselete egyar\u00e1nt megval\u00f3sul.<\/p>\t\t\t\t\t\t\t\t<\/div>\n\t\t\t\t<\/div>\n\t\t\t\t\t<\/div>\n\t\t<\/div>\n\t\t\t\t<div class=\"elementor-column elementor-col-33 elementor-top-column elementor-element elementor-element-d4c593b\" data-id=\"d4c593b\" data-element_type=\"column\" data-e-type=\"column\">\n\t\t\t<div class=\"elementor-widget-wrap elementor-element-populated\">\n\t\t\t\t\t\t<div class=\"elementor-element elementor-element-d494c66 elementor-widget elementor-widget-heading\" data-id=\"d494c66\" data-element_type=\"widget\" data-e-type=\"widget\" data-widget_type=\"heading.default\">\n\t\t\t\t<div class=\"elementor-widget-container\">\n\t\t\t\t\t<h2 class=\"elementor-heading-title elementor-size-default\">Vezet\u00e9se<\/h2>\t\t\t\t<\/div>\n\t\t\t\t<\/div>\n\t\t\t\t<div class=\"elementor-element elementor-element-f05e8ae elementor-widget elementor-widget-text-editor\" data-id=\"f05e8ae\" data-element_type=\"widget\" data-e-type=\"widget\" data-widget_type=\"text-editor.default\">\n\t\t\t\t<div class=\"elementor-widget-container\">\n\t\t\t\t\t\t\t\t\t<p>A szekci\u00f3 vezet\u00e9se az eln\u00f6kb\u0151l \u00e9s az eln\u00f6khelyettesb\u0151l, valamint a szekci\u00f3vezet\u0151b\u0151l \u00e1ll.<br \/>Az eln\u00f6k\u00f6t \u00e9s az eln\u00f6khelyettest a szekci\u00f3 v\u00e1lasztja meg, a szekci\u00f3vezet\u0151t a f\u0151titk\u00e1r b\u00edzza meg a munkaszervezet tagjai k\u00f6z\u00fcl.<br \/>Az eln\u00f6k \u00e9s eln\u00f6khelyettes megb\u00edzat\u00e1sa k\u00e9t \u00e9vre sz\u00f3l, ami meghosszabb\u00edthat\u00f3.<\/p>\t\t\t\t\t\t\t\t<\/div>\n\t\t\t\t<\/div>\n\t\t\t\t\t<\/div>\n\t\t<\/div>\n\t\t\t\t<div class=\"elementor-column elementor-col-33 elementor-top-column elementor-element elementor-element-70ead4c\" data-id=\"70ead4c\" data-element_type=\"column\" data-e-type=\"column\">\n\t\t\t<div class=\"elementor-widget-wrap elementor-element-populated\">\n\t\t\t\t\t\t<div class=\"elementor-element elementor-element-32a194a elementor-widget elementor-widget-heading\" data-id=\"32a194a\" data-element_type=\"widget\" data-e-type=\"widget\" data-widget_type=\"heading.default\">\n\t\t\t\t<div class=\"elementor-widget-container\">\n\t\t\t\t\t<h2 class=\"elementor-heading-title elementor-size-default\">\u00dcl\u00e9sek<\/h2>\t\t\t\t<\/div>\n\t\t\t\t<\/div>\n\t\t\t\t<div class=\"elementor-element elementor-element-77a4536 elementor-widget elementor-widget-text-editor\" data-id=\"77a4536\" data-element_type=\"widget\" data-e-type=\"widget\" data-widget_type=\"text-editor.default\">\n\t\t\t\t<div class=\"elementor-widget-container\">\n\t\t\t\t\t\t\t\t\t<p>A szekci\u00f3 \u00fcl\u00e9st sz\u00fcks\u00e9g szerint, de legal\u00e1bb \u00e9venk\u00e9nt n\u00e9gy alkalommal \u00f6ssze kell h\u00edvni.<\/p>\t\t\t\t\t\t\t\t<\/div>\n\t\t\t\t<\/div>\n\t\t\t\t\t<\/div>\n\t\t<\/div>\n\t\t\t\t\t<\/div>\n\t\t<\/section>\n\t\t\t\t<section class=\"elementor-section elementor-top-section elementor-element elementor-element-347bd45 elementor-section-boxed elementor-section-height-default elementor-section-height-default\" data-id=\"347bd45\" data-element_type=\"section\" data-e-type=\"section\">\n\t\t\t\t\t\t<div class=\"elementor-container elementor-column-gap-default\">\n\t\t\t\t\t<div class=\"elementor-column elementor-col-100 elementor-top-column elementor-element elementor-element-9bad0d9\" data-id=\"9bad0d9\" data-element_type=\"column\" data-e-type=\"column\">\n\t\t\t<div class=\"elementor-widget-wrap elementor-element-populated\">\n\t\t\t\t\t\t<div class=\"elementor-element elementor-element-586e270 elementor-widget-divider--view-line elementor-widget elementor-widget-divider\" data-id=\"586e270\" data-element_type=\"widget\" data-e-type=\"widget\" data-widget_type=\"divider.default\">\n\t\t\t\t<div class=\"elementor-widget-container\">\n\t\t\t\t\t\t\t<div class=\"elementor-divider\">\n\t\t\t<span class=\"elementor-divider-separator\">\n\t\t\t\t\t\t<\/span>\n\t\t<\/div>\n\t\t\t\t\t\t<\/div>\n\t\t\t\t<\/div>\n\t\t\t\t\t<\/div>\n\t\t<\/div>\n\t\t\t\t\t<\/div>\n\t\t<\/section>\n\t\t\t\t<section class=\"elementor-section elementor-top-section elementor-element elementor-element-d4e38db elementor-section-boxed elementor-section-height-default elementor-section-height-default\" data-id=\"d4e38db\" data-element_type=\"section\" data-e-type=\"section\">\n\t\t\t\t\t\t<div class=\"elementor-container elementor-column-gap-default\">\n\t\t\t\t\t<div class=\"elementor-column elementor-col-33 elementor-top-column elementor-element elementor-element-21d6682\" data-id=\"21d6682\" data-element_type=\"column\" data-e-type=\"column\">\n\t\t\t<div class=\"elementor-widget-wrap elementor-element-populated\">\n\t\t\t\t\t\t<div class=\"elementor-element elementor-element-6883733 elementor-widget elementor-widget-spacer\" data-id=\"6883733\" data-element_type=\"widget\" data-e-type=\"widget\" data-widget_type=\"spacer.default\">\n\t\t\t\t<div class=\"elementor-widget-container\">\n\t\t\t\t\t\t\t<div class=\"elementor-spacer\">\n\t\t\t<div class=\"elementor-spacer-inner\"><\/div>\n\t\t<\/div>\n\t\t\t\t\t\t<\/div>\n\t\t\t\t<\/div>\n\t\t\t\t<div class=\"elementor-element elementor-element-13e9812 elementor-widget elementor-widget-heading\" data-id=\"13e9812\" data-element_type=\"widget\" data-e-type=\"widget\" data-widget_type=\"heading.default\">\n\t\t\t\t<div class=\"elementor-widget-container\">\n\t\t\t\t\t<h2 class=\"elementor-heading-title elementor-size-default\"><a href=\"https:\/\/mabisz.hu\/\">Magyar Biztos\u00edt\u00f3k Sz\u00f6vets\u00e9ge<\/a><\/h2>\t\t\t\t<\/div>\n\t\t\t\t<\/div>\n\t\t\t\t<div class=\"elementor-element elementor-element-c822615 elementor-widget elementor-widget-text-editor\" data-id=\"c822615\" data-element_type=\"widget\" data-e-type=\"widget\" data-widget_type=\"text-editor.default\">\n\t\t\t\t<div class=\"elementor-widget-container\">\n\t\t\t\t\t\t\t\t\t<p>Association\u00a0of\u00a0Hungarian\u00a0Insurance\u00a0Companies<\/p><p>Budapest\u00a0VI.\u00a0Andr\u00e1ssy\u00a0\u00fat 93.<\/p><p><a href=\"https:\/\/mabisz.hu\">mabisz.hu<\/a><\/p>\t\t\t\t\t\t\t\t<\/div>\n\t\t\t\t<\/div>\n\t\t\t\t\t<\/div>\n\t\t<\/div>\n\t\t\t\t<div class=\"elementor-column elementor-col-66 elementor-top-column elementor-element elementor-element-fa07181\" data-id=\"fa07181\" data-element_type=\"column\" data-e-type=\"column\">\n\t\t\t<div class=\"elementor-widget-wrap elementor-element-populated\">\n\t\t\t\t\t\t<div class=\"elementor-element elementor-element-0c39712 elementor-widget elementor-widget-spacer\" data-id=\"0c39712\" data-element_type=\"widget\" data-e-type=\"widget\" data-widget_type=\"spacer.default\">\n\t\t\t\t<div class=\"elementor-widget-container\">\n\t\t\t\t\t\t\t<div class=\"elementor-spacer\">\n\t\t\t<div class=\"elementor-spacer-inner\"><\/div>\n\t\t<\/div>\n\t\t\t\t\t\t<\/div>\n\t\t\t\t<\/div>\n\t\t\t\t<div class=\"elementor-element elementor-element-00afa89 elementor-widget elementor-widget-image\" data-id=\"00afa89\" data-element_type=\"widget\" data-e-type=\"widget\" data-widget_type=\"image.default\">\n\t\t\t\t<div class=\"elementor-widget-container\">\n\t\t\t\t\t\t\t\t\t\t\t\t\t\t\t\t<a href=\"https:\/\/mabisz.hu\/\">\n\t\t\t\t\t\t\t<img decoding=\"async\" width=\"300\" height=\"105\" src=\"https:\/\/actuary.hu\/weblap3\/wp-content\/uploads\/2020\/07\/MABISZ-log\u00f3-300x105.png\" class=\"elementor-animation-grow attachment-medium size-medium wp-image-451\" alt=\"\" srcset=\"https:\/\/actuary.hu\/weblap3\/wp-content\/uploads\/2020\/07\/MABISZ-log\u00f3-300x105.png 300w, https:\/\/actuary.hu\/weblap3\/wp-content\/uploads\/2020\/07\/MABISZ-log\u00f3-768x270.png 768w, https:\/\/actuary.hu\/weblap3\/wp-content\/uploads\/2020\/07\/MABISZ-log\u00f3.png 911w\" sizes=\"(max-width: 300px) 100vw, 300px\" \/>\t\t\t\t\t\t\t\t<\/a>\n\t\t\t\t\t\t\t\t\t\t\t\t\t\t\t<\/div>\n\t\t\t\t<\/div>\n\t\t\t\t\t<\/div>\n\t\t<\/div>\n\t\t\t\t\t<\/div>\n\t\t<\/section>\n\t\t\t\t<section class=\"elementor-section elementor-top-section elementor-element elementor-element-247e119 elementor-section-boxed elementor-section-height-default elementor-section-height-default\" data-id=\"247e119\" data-element_type=\"section\" data-e-type=\"section\">\n\t\t\t\t\t\t<div class=\"elementor-container elementor-column-gap-default\">\n\t\t\t\t\t<div class=\"elementor-column elementor-col-100 elementor-top-column elementor-element elementor-element-f425913\" data-id=\"f425913\" data-element_type=\"column\" data-e-type=\"column\">\n\t\t\t<div class=\"elementor-widget-wrap elementor-element-populated\">\n\t\t\t\t\t\t<div class=\"elementor-element elementor-element-6de2db9 elementor-widget-divider--view-line elementor-widget elementor-widget-divider\" data-id=\"6de2db9\" data-element_type=\"widget\" data-e-type=\"widget\" data-widget_type=\"divider.default\">\n\t\t\t\t<div class=\"elementor-widget-container\">\n\t\t\t\t\t\t\t<div class=\"elementor-divider\">\n\t\t\t<span class=\"elementor-divider-separator\">\n\t\t\t\t\t\t<\/span>\n\t\t<\/div>\n\t\t\t\t\t\t<\/div>\n\t\t\t\t<\/div>\n\t\t\t\t\t<\/div>\n\t\t<\/div>\n\t\t\t\t\t<\/div>\n\t\t<\/section>\n\t\t\t\t<\/div>\n\t\t","protected":false},"excerpt":{"rendered":"<p>MABISZ tagozat A MABISZ aktu\u00e1rius \u00e9s kock\u00e1zatkezel\u00e9si szekci\u00f3ja A MABISZ szakmai munk\u00e1j\u00e1hoz k\u00fcl\u00f6nb\u00f6z\u0151 szekci\u00f3kat, tagozatokat \u00fczemeltet. Az Aktu\u00e1riusi szekci\u00f3 feladatai \u2013 a Mabisz alapszab\u00e1ly\u00e1ban \u00e9s a K\u00f6zgy\u0171l\u00e9s hat\u00e1rozataiban foglaltak megval\u00f3s\u00edt\u00e1sa az \u00e9ves munkaterv alapj\u00e1n,\u2013 \u00e1ll\u00e1sfoglal\u00e1sok kialak\u00edt\u00e1sa k\u00f6z\u00f6s szakmai k\u00e9rd\u00e9sekben,\u2013 d\u00f6nt\u00e9shozatal a Mabisz szervei \u00e1ltal r\u00e1ruh\u00e1zott k\u00e9rd\u00e9sekben,\u2013 javaslatt\u00e9tel jogi szab\u00e1lyoz\u00e1sra, a jogszab\u00e1ly-tervezetekkel kapcsolatos v\u00e9lem\u00e9nyez\u00e9si, javaslatt\u00e9teli jogok [&hellip;]<\/p>\n","protected":false},"author":1,"featured_media":265,"parent":52,"menu_order":3,"comment_status":"closed","ping_status":"closed","template":"","meta":{"_monsterinsights_skip_tracking":false,"_monsterinsights_sitenote_active":false,"_monsterinsights_sitenote_note":"","_monsterinsights_sitenote_category":0,"site-sidebar-layout":"no-sidebar","site-content-layout":"page-builder","ast-site-content-layout":"default","site-content-style":"default","site-sidebar-style":"default","ast-global-header-display":"","ast-banner-title-visibility":"","ast-main-header-display":"","ast-hfb-above-header-display":"","ast-hfb-below-header-display":"","ast-hfb-mobile-header-display":"","site-post-title":"disabled","ast-breadcrumbs-content":"","ast-featured-img":"disabled","footer-sml-layout":"","ast-disable-related-posts":"","theme-transparent-header-meta":"default","adv-header-id-meta":"","stick-header-meta":"","header-above-stick-meta":"","header-main-stick-meta":"","header-below-stick-meta":"","astra-migrate-meta-layouts":"default","ast-page-background-enabled":"default","ast-page-background-meta":{"desktop":{"background-color":"","background-image":"","background-repeat":"repeat","background-position":"center center","background-size":"auto","background-attachment":"scroll","background-type":"","background-media":"","overlay-type":"","overlay-color":"","overlay-opacity":"","overlay-gradient":""},"tablet":{"background-color":"","background-image":"","background-repeat":"repeat","background-position":"center center","background-size":"auto","background-attachment":"scroll","background-type":"","background-media":"","overlay-type":"","overlay-color":"","overlay-opacity":"","overlay-gradient":""},"mobile":{"background-color":"","background-image":"","background-repeat":"repeat","background-position":"center center","background-size":"auto","background-attachment":"scroll","background-type":"","background-media":"","overlay-type":"","overlay-color":"","overlay-opacity":"","overlay-gradient":""}},"ast-content-background-meta":{"desktop":{"background-color":"var(--ast-global-color-5)","background-image":"","background-repeat":"repeat","background-position":"center center","background-size":"auto","background-attachment":"scroll","background-type":"","background-media":"","overlay-type":"","overlay-color":"","overlay-opacity":"","overlay-gradient":""},"tablet":{"background-color":"var(--ast-global-color-5)","background-image":"","background-repeat":"repeat","background-position":"center center","background-size":"auto","background-attachment":"scroll","background-type":"","background-media":"","overlay-type":"","overlay-color":"","overlay-opacity":"","overlay-gradient":""},"mobile":{"background-color":"var(--ast-global-color-5)","background-image":"","background-repeat":"repeat","background-position":"center center","background-size":"auto","background-attachment":"scroll","background-type":"","background-media":"","overlay-type":"","overlay-color":"","overlay-opacity":"","overlay-gradient":""}},"footnotes":""},"class_list":["post-314","page","type-page","status-publish","has-post-thumbnail","hentry"],"_links":{"self":[{"href":"https:\/\/actuary.hu\/weblap3\/wp-json\/wp\/v2\/pages\/314","targetHints":{"allow":["GET"]}}],"collection":[{"href":"https:\/\/actuary.hu\/weblap3\/wp-json\/wp\/v2\/pages"}],"about":[{"href":"https:\/\/actuary.hu\/weblap3\/wp-json\/wp\/v2\/types\/page"}],"author":[{"embeddable":true,"href":"https:\/\/actuary.hu\/weblap3\/wp-json\/wp\/v2\/users\/1"}],"replies":[{"embeddable":true,"href":"https:\/\/actuary.hu\/weblap3\/wp-json\/wp\/v2\/comments?post=314"}],"version-history":[{"count":19,"href":"https:\/\/actuary.hu\/weblap3\/wp-json\/wp\/v2\/pages\/314\/revisions"}],"predecessor-version":[{"id":1114,"href":"https:\/\/actuary.hu\/weblap3\/wp-json\/wp\/v2\/pages\/314\/revisions\/1114"}],"up":[{"embeddable":true,"href":"https:\/\/actuary.hu\/weblap3\/wp-json\/wp\/v2\/pages\/52"}],"wp:featuredmedia":[{"embeddable":true,"href":"https:\/\/actuary.hu\/weblap3\/wp-json\/wp\/v2\/media\/265"}],"wp:attachment":[{"href":"https:\/\/actuary.hu\/weblap3\/wp-json\/wp\/v2\/media?parent=314"}],"curies":[{"name":"wp","href":"https:\/\/api.w.org\/{rel}","templated":true}]}}