{"id":388,"date":"2020-07-07T23:06:04","date_gmt":"2020-07-07T23:06:04","guid":{"rendered":"https:\/\/actuary.hu\/weblap3\/?page_id=388"},"modified":"2021-03-20T15:27:38","modified_gmt":"2021-03-20T14:27:38","slug":"sajat-profil","status":"publish","type":"page","link":"https:\/\/actuary.hu\/weblap3\/belepes\/sajat-profil\/","title":{"rendered":"saj\u00e1t profil"},"content":{"rendered":"\t\t<div data-elementor-type=\"wp-page\" data-elementor-id=\"388\" class=\"elementor elementor-388\">\n\t\t\t\t\t\t<section class=\"elementor-section elementor-top-section elementor-element elementor-element-54c26b9 elementor-section-boxed elementor-section-height-default elementor-section-height-default\" data-id=\"54c26b9\" data-element_type=\"section\" data-e-type=\"section\" data-settings=\"{&quot;background_background&quot;:&quot;classic&quot;}\">\n\t\t\t\t\t\t\t<div class=\"elementor-background-overlay\"><\/div>\n\t\t\t\t\t\t\t<div class=\"elementor-container elementor-column-gap-default\">\n\t\t\t\t\t<div class=\"elementor-column elementor-col-100 elementor-top-column elementor-element elementor-element-f83ad6f\" data-id=\"f83ad6f\" data-element_type=\"column\" data-e-type=\"column\">\n\t\t\t<div class=\"elementor-widget-wrap elementor-element-populated\">\n\t\t\t\t\t\t<div class=\"elementor-element elementor-element-5a466f2 elementor-widget elementor-widget-heading\" data-id=\"5a466f2\" data-element_type=\"widget\" data-e-type=\"widget\" data-widget_type=\"heading.default\">\n\t\t\t\t<div class=\"elementor-widget-container\">\n\t\t\t\t\t<h1 class=\"elementor-heading-title elementor-size-default\">Saj\u00e1t profil kezel\u00e9se<\/h1>\t\t\t\t<\/div>\n\t\t\t\t<\/div>\n\t\t\t\t\t<\/div>\n\t\t<\/div>\n\t\t\t\t\t<\/div>\n\t\t<\/section>\n\t\t\t\t<section class=\"elementor-section elementor-top-section elementor-element elementor-element-321aaf3 elementor-section-boxed elementor-section-height-default elementor-section-height-default\" data-id=\"321aaf3\" data-element_type=\"section\" data-e-type=\"section\">\n\t\t\t\t\t\t<div class=\"elementor-container elementor-column-gap-default\">\n\t\t\t\t\t<div class=\"elementor-column elementor-col-66 elementor-top-column elementor-element elementor-element-5315253\" data-id=\"5315253\" data-element_type=\"column\" data-e-type=\"column\">\n\t\t\t<div class=\"elementor-widget-wrap elementor-element-populated\">\n\t\t\t\t\t\t<div class=\"elementor-element elementor-element-a66c11c elementor-widget elementor-widget-heading\" data-id=\"a66c11c\" data-element_type=\"widget\" data-e-type=\"widget\" data-widget_type=\"heading.default\">\n\t\t\t\t<div class=\"elementor-widget-container\">\n\t\t\t\t\t<h2 class=\"elementor-heading-title elementor-size-default\">Jelsz\u00f3 \u00e9s szem\u00e9lyes adatok<\/h2>\t\t\t\t<\/div>\n\t\t\t\t<\/div>\n\t\t\t\t<div class=\"elementor-element elementor-element-2e04af3 elementor-widget elementor-widget-text-editor\" data-id=\"2e04af3\" data-element_type=\"widget\" data-e-type=\"widget\" data-widget_type=\"text-editor.default\">\n\t\t\t\t<div class=\"elementor-widget-container\">\n\t\t\t\t\t\t\t\t\t<p>Itt tudja megv\u00e1ltoztatni jelszav\u00e1t \u00e9s a megadott szem\u00e9lyes adatait.<\/p>\t\t\t\t\t\t\t\t<\/div>\n\t\t\t\t<\/div>\n\t\t\t\t<div class=\"elementor-element elementor-element-e9b4eec elementor-widget elementor-widget-shortcode\" data-id=\"e9b4eec\" data-element_type=\"widget\" data-e-type=\"widget\" data-widget_type=\"shortcode.default\">\n\t\t\t\t<div class=\"elementor-widget-container\">\n\t\t\t\t\t\t\t<div class=\"elementor-shortcode\"><div id=\"wpmem_login\"><a id=\"login\"><\/a><form action=\"https:\/\/actuary.hu\/weblap3\/belepes\/sajat-profil\/\" method=\"POST\" id=\"wpmem_login_form\" class=\"form\"><input type=\"hidden\" id=\"_wpmem_login_nonce\" name=\"_wpmem_login_nonce\" value=\"a6a2374bbb\" \/><input type=\"hidden\" name=\"_wp_http_referer\" value=\"\/weblap3\/wp-json\/wp\/v2\/pages\/388\" \/><fieldset><legend>Existing Users Log In<\/legend><label for=\"log\">Username or Email<\/label><div class=\"div_text\"><input name=\"log\" type=\"text\" id=\"log\" value=\"\" class=\"username\" required  \/><\/div><label for=\"pwd\">Password<\/label><div class=\"div_text\"><input name=\"pwd\" type=\"password\" id=\"pwd\" class=\"password\" required  \/><\/div><input name=\"a\" type=\"hidden\" value=\"login\" \/><input name=\"redirect_to\" type=\"hidden\" value=\"https:\/\/actuary.hu\/weblap3\/belepes\/sajat-profil\/\" \/><div class=\"button_div\"><input name=\"rememberme\" type=\"checkbox\" id=\"rememberme\" value=\"forever\" \/>&nbsp;<label for=\"rememberme\">Remember Me<\/label>&nbsp;&nbsp;<input type=\"submit\" name=\"Submit\" value=\"Log In\" class=\"buttons\" \/><\/div><div class=\"link-text\"><span class=\"link-text-forgot\">Forgot password?&nbsp;<a href=\"https:\/\/actuary.hu\/weblap3\/belepes\/sajat-profil\/?a=pwdreset\">Click here to reset<\/a><\/span><\/div><div class=\"link-text\"><span class=\"link-text-register\">New User?&nbsp;<a href=\"https:\/\/actuary.hu\/weblap3\/belepes\/regisztracio\/\">Click here to register<\/a><\/span><\/div><\/fieldset><\/form><\/div><div id=\"wpmem_reg\"><a id=\"register\"><\/a><form name=\"form\" method=\"post\" action=\"https:\/\/actuary.hu\/weblap3\/belepes\/sajat-profil\/\" id=\"wpmem_register_form\" class=\"form\"><input type=\"hidden\" id=\"_wpmem_register_nonce\" name=\"_wpmem_register_nonce\" value=\"14229ee26f\" \/><input type=\"hidden\" name=\"_wp_http_referer\" value=\"\/weblap3\/wp-json\/wp\/v2\/pages\/388\" \/><fieldset><legend>New User Registration<\/legend><label for=\"username\" class=\"text\">Choose a Username<span class=\"req\">*<\/span><\/label><div class=\"div_text\"><input name=\"username\" type=\"text\" id=\"username\" value=\"\" class=\"textbox\" required  \/><\/div><label for=\"first_name\" class=\"text\">First Name<span class=\"req\">*<\/span><\/label><div class=\"div_text\"><input name=\"first_name\" type=\"text\" id=\"first_name\" value=\"\" class=\"textbox\" required  \/><\/div><label for=\"last_name\" class=\"text\">Last Name<span class=\"req\">*<\/span><\/label><div class=\"div_text\"><input name=\"last_name\" type=\"text\" id=\"last_name\" value=\"\" class=\"textbox\" required  \/><\/div><label for=\"password\" class=\"text\">Password<span class=\"req\">*<\/span><\/label><div class=\"div_text\"><input name=\"password\" type=\"password\" id=\"password\" class=\"textbox\" required  \/><\/div><label for=\"confirm_password\" class=\"text\">Confirm Password<span class=\"req\">*<\/span><\/label><div class=\"div_text\"><input name=\"confirm_password\" type=\"password\" id=\"confirm_password\" class=\"textbox\" required  \/><\/div><div class=\"div_text\"><input name=\"tos\" type=\"checkbox\" id=\"tos\" value=\"agree\" required  \/> Please indicate that you agree to the <a href=\"#\" onClick=\"window.open('\/weblap3\/wp-json\/wp\/v2\/pages\/388?tos=display','tos');\"> Terms of Service <\/a><span class=\"req\">*<\/span><\/div><label for=\"billing_city\" class=\"text\">City<\/label><div class=\"div_text\"><input name=\"billing_city\" type=\"text\" id=\"billing_city\" value=\"\" class=\"textbox\" \/><\/div><label for=\"billing_phone\" class=\"text\">Phone<\/label><div class=\"div_text\"><input name=\"billing_phone\" type=\"text\" id=\"billing_phone\" value=\"\" class=\"textbox\" \/><\/div><label for=\"user_email\" class=\"text\">Email<span class=\"req\">*<\/span><\/label><div class=\"div_text\"><input name=\"user_email\" type=\"email\" id=\"user_email\" value=\"\" class=\"textbox\" required  \/><\/div><div class=\"clear\"><\/div><div class=\"captcha\"><script src=\"https:\/\/www.google.com\/recaptcha\/api.js\" async defer><\/script><div class=\"g-recaptcha\" data-sitekey=\"6LdXPncaAAAAAGm2SF0SnM6Zgl2yzcd8BbgoSdZB\"><\/div><\/div><input name=\"a\" type=\"hidden\" value=\"register\" \/><input name=\"wpmem_reg_page\" type=\"hidden\" value=\"https:\/\/actuary.hu\/weblap3\/belepes\/sajat-profil\/\" \/><div class=\"button_div\"><input name=\"submit\" type=\"submit\" value=\"Register\" class=\"buttons\" \/><\/div><div class=\"req-text\"><span class=\"req\">*<\/span>Required field<\/div><\/fieldset><\/form><\/div><\/div>\n\t\t\t\t\t\t<\/div>\n\t\t\t\t<\/div>\n\t\t\t\t<section class=\"elementor-section elementor-inner-section elementor-element elementor-element-0618641 elementor-section-boxed elementor-section-height-default elementor-section-height-default\" data-id=\"0618641\" data-element_type=\"section\" data-e-type=\"section\">\n\t\t\t\t\t\t<div class=\"elementor-container elementor-column-gap-default\">\n\t\t\t\t\t<div class=\"elementor-column elementor-col-50 elementor-inner-column elementor-element elementor-element-4dd29d5\" data-id=\"4dd29d5\" data-element_type=\"column\" data-e-type=\"column\">\n\t\t\t<div class=\"elementor-widget-wrap elementor-element-populated\">\n\t\t\t\t\t\t<div class=\"elementor-element elementor-element-f992b86 elementor-widget elementor-widget-text-editor\" data-id=\"f992b86\" data-element_type=\"widget\" data-e-type=\"widget\" data-widget_type=\"text-editor.default\">\n\t\t\t\t<div class=\"elementor-widget-container\">\n\t\t\t\t\t\t\t\t\t<p>Ha b\u00e1rmi gondja ad\u00f3dik a be\u00e1ll\u00edt\u00e1sokkal, k\u00e9rj\u00fck \u00edrjon nek\u00fcnk.<\/p>\t\t\t\t\t\t\t\t<\/div>\n\t\t\t\t<\/div>\n\t\t\t\t\t<\/div>\n\t\t<\/div>\n\t\t\t\t<div class=\"elementor-column elementor-col-50 elementor-inner-column elementor-element elementor-element-b7b415f\" data-id=\"b7b415f\" data-element_type=\"column\" data-e-type=\"column\">\n\t\t\t<div class=\"elementor-widget-wrap elementor-element-populated\">\n\t\t\t\t\t\t<div class=\"elementor-element elementor-element-94f1f8d elementor-align-center elementor-widget elementor-widget-button\" data-id=\"94f1f8d\" data-element_type=\"widget\" data-e-type=\"widget\" data-widget_type=\"button.default\">\n\t\t\t\t<div class=\"elementor-widget-container\">\n\t\t\t\t\t\t\t\t\t<div class=\"elementor-button-wrapper\">\n\t\t\t\t\t<a class=\"elementor-button elementor-button-link elementor-size-sm\" href=\"mailto:postmaster@actuary.hu\">\n\t\t\t\t\t\t<span class=\"elementor-button-content-wrapper\">\n\t\t\t\t\t\t\t\t\t<span class=\"elementor-button-text\">Seg\u00edts\u00e9get k\u00e9rek<\/span>\n\t\t\t\t\t<\/span>\n\t\t\t\t\t<\/a>\n\t\t\t\t<\/div>\n\t\t\t\t\t\t\t\t<\/div>\n\t\t\t\t<\/div>\n\t\t\t\t\t<\/div>\n\t\t<\/div>\n\t\t\t\t\t<\/div>\n\t\t<\/section>\n\t\t\t\t\t<\/div>\n\t\t<\/div>\n\t\t\t\t<div class=\"elementor-column elementor-col-33 elementor-top-column elementor-element elementor-element-120804e\" data-id=\"120804e\" data-element_type=\"column\" data-e-type=\"column\">\n\t\t\t<div class=\"elementor-widget-wrap elementor-element-populated\">\n\t\t\t\t\t\t<div class=\"elementor-element elementor-element-f5847bc elementor-widget elementor-widget-heading\" data-id=\"f5847bc\" data-element_type=\"widget\" data-e-type=\"widget\" data-widget_type=\"heading.default\">\n\t\t\t\t<div class=\"elementor-widget-container\">\n\t\t\t\t\t<h2 class=\"elementor-heading-title elementor-size-default\">Magyar Aktu\u00e1rius T\u00e1rsas\u00e1g<\/h2>\t\t\t\t<\/div>\n\t\t\t\t<\/div>\n\t\t\t\t<div class=\"elementor-element elementor-element-ccd8592 elementor-widget elementor-widget-image\" data-id=\"ccd8592\" data-element_type=\"widget\" data-e-type=\"widget\" data-widget_type=\"image.default\">\n\t\t\t\t<div class=\"elementor-widget-container\">\n\t\t\t\t\t\t\t\t\t\t\t\t\t\t\t<img fetchpriority=\"high\" decoding=\"async\" width=\"300\" height=\"300\" src=\"https:\/\/actuary.hu\/weblap3\/wp-content\/uploads\/2021\/03\/logo_MAT_zold_szoveg-300x300.png\" class=\"elementor-animation-grow attachment-medium size-medium wp-image-2126\" alt=\"\" srcset=\"https:\/\/actuary.hu\/weblap3\/wp-content\/uploads\/2021\/03\/logo_MAT_zold_szoveg-300x300.png 300w, https:\/\/actuary.hu\/weblap3\/wp-content\/uploads\/2021\/03\/logo_MAT_zold_szoveg-1024x1024.png 1024w, https:\/\/actuary.hu\/weblap3\/wp-content\/uploads\/2021\/03\/logo_MAT_zold_szoveg-150x150.png 150w, https:\/\/actuary.hu\/weblap3\/wp-content\/uploads\/2021\/03\/logo_MAT_zold_szoveg-768x769.png 768w, https:\/\/actuary.hu\/weblap3\/wp-content\/uploads\/2021\/03\/logo_MAT_zold_szoveg-1534x1536.png 1534w, https:\/\/actuary.hu\/weblap3\/wp-content\/uploads\/2021\/03\/logo_MAT_zold_szoveg-2045x2048.png 2045w\" sizes=\"(max-width: 300px) 100vw, 300px\" \/>\t\t\t\t\t\t\t\t\t\t\t\t\t\t\t<\/div>\n\t\t\t\t<\/div>\n\t\t\t\t\t<\/div>\n\t\t<\/div>\n\t\t\t\t\t<\/div>\n\t\t<\/section>\n\t\t\t\t<\/div>\n\t\t","protected":false},"excerpt":{"rendered":"<p>Saj\u00e1t profil kezel\u00e9se Jelsz\u00f3 \u00e9s szem\u00e9lyes adatok Itt tudja megv\u00e1ltoztatni jelszav\u00e1t \u00e9s a megadott szem\u00e9lyes adatait. Ha b\u00e1rmi gondja ad\u00f3dik a be\u00e1ll\u00edt\u00e1sokkal, k\u00e9rj\u00fck \u00edrjon nek\u00fcnk. Seg\u00edts\u00e9get k\u00e9rek Magyar Aktu\u00e1rius T\u00e1rsas\u00e1g<\/p>\n","protected":false},"author":1,"featured_media":0,"parent":834,"menu_order":2,"comment_status":"closed","ping_status":"closed","template":"","meta":{"_monsterinsights_skip_tracking":false,"_monsterinsights_sitenote_active":false,"_monsterinsights_sitenote_note":"","_monsterinsights_sitenote_category":0,"site-sidebar-layout":"no-sidebar","site-content-layout":"page-builder","ast-site-content-layout":"default","site-content-style":"default","site-sidebar-style":"default","ast-global-header-display":"","ast-banner-title-visibility":"","ast-main-header-display":"","ast-hfb-above-header-display":"","ast-hfb-below-header-display":"","ast-hfb-mobile-header-display":"","site-post-title":"disabled","ast-breadcrumbs-content":"","ast-featured-img":"disabled","footer-sml-layout":"","ast-disable-related-posts":"","theme-transparent-header-meta":"default","adv-header-id-meta":"","stick-header-meta":"","header-above-stick-meta":"","header-main-stick-meta":"","header-below-stick-meta":"","astra-migrate-meta-layouts":"default","ast-page-background-enabled":"default","ast-page-background-meta":{"desktop":{"background-color":"","background-image":"","background-repeat":"repeat","background-position":"center center","background-size":"auto","background-attachment":"scroll","background-type":"","background-media":"","overlay-type":"","overlay-color":"","overlay-opacity":"","overlay-gradient":""},"tablet":{"background-color":"","background-image":"","background-repeat":"repeat","background-position":"center center","background-size":"auto","background-attachment":"scroll","background-type":"","background-media":"","overlay-type":"","overlay-color":"","overlay-opacity":"","overlay-gradient":""},"mobile":{"background-color":"","background-image":"","background-repeat":"repeat","background-position":"center center","background-size":"auto","background-attachment":"scroll","background-type":"","background-media":"","overlay-type":"","overlay-color":"","overlay-opacity":"","overlay-gradient":""}},"ast-content-background-meta":{"desktop":{"background-color":"var(--ast-global-color-5)","background-image":"","background-repeat":"repeat","background-position":"center center","background-size":"auto","background-attachment":"scroll","background-type":"","background-media":"","overlay-type":"","overlay-color":"","overlay-opacity":"","overlay-gradient":""},"tablet":{"background-color":"var(--ast-global-color-5)","background-image":"","background-repeat":"repeat","background-position":"center center","background-size":"auto","background-attachment":"scroll","background-type":"","background-media":"","overlay-type":"","overlay-color":"","overlay-opacity":"","overlay-gradient":""},"mobile":{"background-color":"var(--ast-global-color-5)","background-image":"","background-repeat":"repeat","background-position":"center center","background-size":"auto","background-attachment":"scroll","background-type":"","background-media":"","overlay-type":"","overlay-color":"","overlay-opacity":"","overlay-gradient":""}},"footnotes":""},"class_list":["post-388","page","type-page","status-publish","hentry"],"_links":{"self":[{"href":"https:\/\/actuary.hu\/weblap3\/wp-json\/wp\/v2\/pages\/388","targetHints":{"allow":["GET"]}}],"collection":[{"href":"https:\/\/actuary.hu\/weblap3\/wp-json\/wp\/v2\/pages"}],"about":[{"href":"https:\/\/actuary.hu\/weblap3\/wp-json\/wp\/v2\/types\/page"}],"author":[{"embeddable":true,"href":"https:\/\/actuary.hu\/weblap3\/wp-json\/wp\/v2\/users\/1"}],"replies":[{"embeddable":true,"href":"https:\/\/actuary.hu\/weblap3\/wp-json\/wp\/v2\/comments?post=388"}],"version-history":[{"count":13,"href":"https:\/\/actuary.hu\/weblap3\/wp-json\/wp\/v2\/pages\/388\/revisions"}],"predecessor-version":[{"id":2159,"href":"https:\/\/actuary.hu\/weblap3\/wp-json\/wp\/v2\/pages\/388\/revisions\/2159"}],"up":[{"embeddable":true,"href":"https:\/\/actuary.hu\/weblap3\/wp-json\/wp\/v2\/pages\/834"}],"wp:attachment":[{"href":"https:\/\/actuary.hu\/weblap3\/wp-json\/wp\/v2\/media?parent=388"}],"curies":[{"name":"wp","href":"https:\/\/api.w.org\/{rel}","templated":true}]}}