{"id":4826,"date":"2023-04-06T10:13:54","date_gmt":"2023-04-06T08:13:54","guid":{"rendered":"https:\/\/actuary.hu\/weblap3\/?page_id=4826"},"modified":"2024-01-28T20:54:14","modified_gmt":"2024-01-28T19:54:14","slug":"2023-tavaszi-szimpozium-letoltheto-anyagai","status":"publish","type":"page","link":"https:\/\/actuary.hu\/weblap3\/esemenyek\/2023-tavaszi-szimpozium\/2023-tavaszi-szimpozium-letoltheto-anyagai\/","title":{"rendered":"2023 tavaszi szimp\u00f3zium let\u00f6lthet\u0151 anyagai"},"content":{"rendered":"You must be logged in to view this content.","protected":false},"excerpt":{"rendered":"You must be logged in to view this content.","protected":false},"author":1,"featured_media":4936,"parent":4825,"menu_order":1,"comment_status":"closed","ping_status":"closed","template":"","meta":{"_monsterinsights_skip_tracking":false,"_monsterinsights_sitenote_active":false,"_monsterinsights_sitenote_note":"","_monsterinsights_sitenote_category":0,"site-sidebar-layout":"no-sidebar","site-content-layout":"page-builder","ast-site-content-layout":"full-width-container","site-content-style":"unboxed","site-sidebar-style":"unboxed","ast-global-header-display":"","ast-banner-title-visibility":"","ast-main-header-display":"","ast-hfb-above-header-display":"","ast-hfb-below-header-display":"","ast-hfb-mobile-header-display":"","site-post-title":"disabled","ast-breadcrumbs-content":"","ast-featured-img":"disabled","footer-sml-layout":"","ast-disable-related-posts":"","theme-transparent-header-meta":"default","adv-header-id-meta":"","stick-header-meta":"","header-above-stick-meta":"","header-main-stick-meta":"","header-below-stick-meta":"","astra-migrate-meta-layouts":"set","ast-page-background-enabled":"default","ast-page-background-meta":{"desktop":{"background-color":"","background-image":"","background-repeat":"repeat","background-position":"center center","background-size":"auto","background-attachment":"scroll","background-type":"","background-media":"","overlay-type":"","overlay-color":"","overlay-opacity":"","overlay-gradient":""},"tablet":{"background-color":"","background-image":"","background-repeat":"repeat","background-position":"center center","background-size":"auto","background-attachment":"scroll","background-type":"","background-media":"","overlay-type":"","overlay-color":"","overlay-opacity":"","overlay-gradient":""},"mobile":{"background-color":"","background-image":"","background-repeat":"repeat","background-position":"center center","background-size":"auto","background-attachment":"scroll","background-type":"","background-media":"","overlay-type":"","overlay-color":"","overlay-opacity":"","overlay-gradient":""}},"ast-content-background-meta":{"desktop":{"background-color":"var(--ast-global-color-5)","background-image":"","background-repeat":"repeat","background-position":"center center","background-size":"auto","background-attachment":"scroll","background-type":"","background-media":"","overlay-type":"","overlay-color":"","overlay-opacity":"","overlay-gradient":""},"tablet":{"background-color":"var(--ast-global-color-5)","background-image":"","background-repeat":"repeat","background-position":"center center","background-size":"auto","background-attachment":"scroll","background-type":"","background-media":"","overlay-type":"","overlay-color":"","overlay-opacity":"","overlay-gradient":""},"mobile":{"background-color":"var(--ast-global-color-5)","background-image":"","background-repeat":"repeat","background-position":"center center","background-size":"auto","background-attachment":"scroll","background-type":"","background-media":"","overlay-type":"","overlay-color":"","overlay-opacity":"","overlay-gradient":""}},"footnotes":""},"class_list":["post-4826","page","type-page","status-publish","has-post-thumbnail","hentry"],"_links":{"self":[{"href":"https:\/\/actuary.hu\/weblap3\/wp-json\/wp\/v2\/pages\/4826","targetHints":{"allow":["GET"]}}],"collection":[{"href":"https:\/\/actuary.hu\/weblap3\/wp-json\/wp\/v2\/pages"}],"about":[{"href":"https:\/\/actuary.hu\/weblap3\/wp-json\/wp\/v2\/types\/page"}],"author":[{"embeddable":true,"href":"https:\/\/actuary.hu\/weblap3\/wp-json\/wp\/v2\/users\/1"}],"replies":[{"embeddable":true,"href":"https:\/\/actuary.hu\/weblap3\/wp-json\/wp\/v2\/comments?post=4826"}],"version-history":[{"count":72,"href":"https:\/\/actuary.hu\/weblap3\/wp-json\/wp\/v2\/pages\/4826\/revisions"}],"predecessor-version":[{"id":5766,"href":"https:\/\/actuary.hu\/weblap3\/wp-json\/wp\/v2\/pages\/4826\/revisions\/5766"}],"up":[{"embeddable":true,"href":"https:\/\/actuary.hu\/weblap3\/wp-json\/wp\/v2\/pages\/4825"}],"wp:featuredmedia":[{"embeddable":true,"href":"https:\/\/actuary.hu\/weblap3\/wp-json\/wp\/v2\/media\/4936"}],"wp:attachment":[{"href":"https:\/\/actuary.hu\/weblap3\/wp-json\/wp\/v2\/media?parent=4826"}],"curies":[{"name":"wp","href":"https:\/\/api.w.org\/{rel}","templated":true}]}}