{"id":51,"date":"2020-04-13T11:18:54","date_gmt":"2020-04-13T11:18:54","guid":{"rendered":"https:\/\/actuary.hu\/weblap3\/index.php\/home\/"},"modified":"2024-10-22T17:51:20","modified_gmt":"2024-10-22T15:51:20","slug":"home","status":"publish","type":"page","link":"https:\/\/actuary.hu\/weblap3\/","title":{"rendered":"Kezd\u0151lap"},"content":{"rendered":"<div id=\"wpmem_restricted_msg\"><p>Sajn\u00e1ljuk, de ezt a tartalmat csak tagjaink \u00e9rhetik el. K\u00e9rj\u00fck l\u00e9pjen be, vagy regisztr\u00e1ljon. <br \/>\r\n<br \/><br \/>\r\nThis content is restricted to site members.  If you are an existing user, please log in.  New users may register below.<\/p><\/div><div id=\"wpmem_login\"><a id=\"login\"><\/a><form action=\"https:\/\/actuary.hu\/weblap3\/senior-actuarial-consultant-2\/\" method=\"POST\" id=\"wpmem_login_form\" class=\"form\"><input type=\"hidden\" id=\"_wpmem_login_nonce\" name=\"_wpmem_login_nonce\" value=\"997f5d4e5b\" \/><input type=\"hidden\" name=\"_wp_http_referer\" value=\"\/weblap3\/wp-json\/wp\/v2\/pages\/51\" \/><fieldset><legend>Existing Users Log In<\/legend><label for=\"log\">Username or Email<\/label><div class=\"div_text\"><input name=\"log\" type=\"text\" id=\"log\" value=\"\" class=\"username\" required  \/><\/div><label for=\"pwd\">Password<\/label><div class=\"div_text\"><input name=\"pwd\" type=\"password\" id=\"pwd\" class=\"password\" required  \/><\/div><input name=\"a\" type=\"hidden\" value=\"login\" \/><input name=\"redirect_to\" type=\"hidden\" value=\"https:\/\/actuary.hu\/weblap3\/senior-actuarial-consultant-2\/\" \/><div class=\"button_div\"><input name=\"rememberme\" type=\"checkbox\" id=\"rememberme\" value=\"forever\" \/>&nbsp;<label for=\"rememberme\">Remember Me<\/label>&nbsp;&nbsp;<input type=\"submit\" name=\"Submit\" value=\"Log In\" class=\"buttons\" \/><\/div><div class=\"link-text\"><span class=\"link-text-forgot\">Forgot password?&nbsp;<a href=\"https:\/\/actuary.hu\/weblap3\/belepes\/sajat-profil\/?a=pwdreset\">Click here to reset<\/a><\/span><\/div><div class=\"link-text\"><span class=\"link-text-register\">New User?&nbsp;<a href=\"https:\/\/actuary.hu\/weblap3\/belepes\/regisztracio\/\">Click here to register<\/a><\/span><\/div><\/fieldset><\/form><\/div>","protected":false},"excerpt":{"rendered":"<p>Sajn\u00e1ljuk, de ezt a tartalmat csak tagjaink \u00e9rhetik el. K\u00e9rj\u00fck l\u00e9pjen be, vagy regisztr\u00e1ljon. This content is restricted to site members. If you are an existing user, please log in. New users may register below.Existing Users Log InUsername or EmailPassword&nbsp;Remember Me&nbsp;&nbsp;Forgot password?&nbsp;Click here to resetNew User?&nbsp;Click here to register<\/p>\n","protected":false},"author":1,"featured_media":764,"parent":0,"menu_order":0,"comment_status":"closed","ping_status":"closed","template":"","meta":{"_monsterinsights_skip_tracking":false,"_monsterinsights_sitenote_active":false,"_monsterinsights_sitenote_note":"","_monsterinsights_sitenote_category":0,"site-sidebar-layout":"no-sidebar","site-content-layout":"page-builder","ast-site-content-layout":"default","site-content-style":"default","site-sidebar-style":"default","ast-global-header-display":"","ast-banner-title-visibility":"","ast-main-header-display":"","ast-hfb-above-header-display":"","ast-hfb-below-header-display":"","ast-hfb-mobile-header-display":"","site-post-title":"disabled","ast-breadcrumbs-content":"","ast-featured-img":"disabled","footer-sml-layout":"","ast-disable-related-posts":"","theme-transparent-header-meta":"enabled","adv-header-id-meta":"","stick-header-meta":"","header-above-stick-meta":"","header-main-stick-meta":"","header-below-stick-meta":"","astra-migrate-meta-layouts":"default","ast-page-background-enabled":"default","ast-page-background-meta":{"desktop":{"background-color":"","background-image":"","background-repeat":"repeat","background-position":"center center","background-size":"auto","background-attachment":"scroll","background-type":"","background-media":"","overlay-type":"","overlay-color":"","overlay-opacity":"","overlay-gradient":""},"tablet":{"background-color":"","background-image":"","background-repeat":"repeat","background-position":"center center","background-size":"auto","background-attachment":"scroll","background-type":"","background-media":"","overlay-type":"","overlay-color":"","overlay-opacity":"","overlay-gradient":""},"mobile":{"background-color":"","background-image":"","background-repeat":"repeat","background-position":"center center","background-size":"auto","background-attachment":"scroll","background-type":"","background-media":"","overlay-type":"","overlay-color":"","overlay-opacity":"","overlay-gradient":""}},"ast-content-background-meta":{"desktop":{"background-color":"var(--ast-global-color-5)","background-image":"","background-repeat":"repeat","background-position":"center center","background-size":"auto","background-attachment":"scroll","background-type":"","background-media":"","overlay-type":"","overlay-color":"","overlay-opacity":"","overlay-gradient":""},"tablet":{"background-color":"var(--ast-global-color-5)","background-image":"","background-repeat":"repeat","background-position":"center center","background-size":"auto","background-attachment":"scroll","background-type":"","background-media":"","overlay-type":"","overlay-color":"","overlay-opacity":"","overlay-gradient":""},"mobile":{"background-color":"var(--ast-global-color-5)","background-image":"","background-repeat":"repeat","background-position":"center center","background-size":"auto","background-attachment":"scroll","background-type":"","background-media":"","overlay-type":"","overlay-color":"","overlay-opacity":"","overlay-gradient":""}},"footnotes":""},"class_list":["post-51","page","type-page","status-publish","has-post-thumbnail","hentry"],"_links":{"self":[{"href":"https:\/\/actuary.hu\/weblap3\/wp-json\/wp\/v2\/pages\/51","targetHints":{"allow":["GET"]}}],"collection":[{"href":"https:\/\/actuary.hu\/weblap3\/wp-json\/wp\/v2\/pages"}],"about":[{"href":"https:\/\/actuary.hu\/weblap3\/wp-json\/wp\/v2\/types\/page"}],"author":[{"embeddable":true,"href":"https:\/\/actuary.hu\/weblap3\/wp-json\/wp\/v2\/users\/1"}],"replies":[{"embeddable":true,"href":"https:\/\/actuary.hu\/weblap3\/wp-json\/wp\/v2\/comments?post=51"}],"version-history":[{"count":296,"href":"https:\/\/actuary.hu\/weblap3\/wp-json\/wp\/v2\/pages\/51\/revisions"}],"predecessor-version":[{"id":6894,"href":"https:\/\/actuary.hu\/weblap3\/wp-json\/wp\/v2\/pages\/51\/revisions\/6894"}],"wp:featuredmedia":[{"embeddable":true,"href":"https:\/\/actuary.hu\/weblap3\/wp-json\/wp\/v2\/media\/764"}],"wp:attachment":[{"href":"https:\/\/actuary.hu\/weblap3\/wp-json\/wp\/v2\/media?parent=51"}],"curies":[{"name":"wp","href":"https:\/\/api.w.org\/{rel}","templated":true}]}}